{"id":105,"date":"2015-01-08T13:14:04","date_gmt":"2015-01-08T13:14:04","guid":{"rendered":"http:\/\/yachtcharter-connection.com.w01e47c6.kasserver.com\/impressum\/"},"modified":"2023-09-22T11:01:04","modified_gmt":"2023-09-22T09:01:04","slug":"impressum","status":"publish","type":"page","link":"https:\/\/yachtcharter-connection.com\/de\/impressum\/","title":{"rendered":"Impressum"},"content":{"rendered":"<h1>Impressum<\/h1>\n<p><\/p>\n<h3>Angaben gem\u00e4\u00df \u00a7 5 TMG<\/h3>\n<p>Richard Schaal<br \/>\nYachtcharter-Connection<br \/>\nGlockengarten 77<br \/>\nDE \u2013 44803 Bochum \u2013 Germany<br \/>\n<\/p>\n<h3>Kontakt<\/h3>\n<p>Telefon: +49 234 30765190<br \/>\nE-Mail: info@yachtcharter-connection.com<br \/>\n<\/p>\n<h3>Umsatzsteuer<\/h3>\n<p>Umsatzsteuer-Identifikationsnummer gem\u00e4\u00df \u00a727 a Umsatzsteuergesetz: DE 184649462<br \/>\nRechtsform: Einzelunternehmen<br \/>\n<\/p>\n<h3>Verantwortlich f\u00fcr den Inhalt nach \u00a7 55 Abs. 2 RStV:<\/h3>\n<p>Richard Schaal<br \/>\nYachtcharter-Connection<br \/>\nGlockengarten 77<br \/>\nDE \u2013 44803 Bochum<br \/>\n<\/p>\n<h3>Streitschlichtung<\/h3>\n<p>Die Europ\u00e4ische Kommission stellt eine Plattform zur Online-Streitbeilegung (OS) bereit: <a href=\"https:\/\/ec.europa.eu\/consumers\/odr\" target=\"_blank\" rel=\"noopener\">https:\/\/ec.europa.eu\/consumers\/odr<\/a><\/p>\n<p>Unsere E-Mail-Adresse finden Sie oben im Impressum.<\/p>\n<p>Wir sind nicht bereit oder verpflichtet, an Streitbeilegungsverfahren vor einer Verbraucherschlichtungsstelle teilzunehmen.<br \/>\n<\/p>\n<h3>Haftung f\u00fcr Inhalte<\/h3>\n<p>Als Diensteanbieter sind wir gem\u00e4\u00df \u00a7 7 Abs.1 TMG f\u00fcr eigene Inhalte auf diesen Seiten nach den allgemeinen Gesetzen verantwortlich. Nach \u00a7\u00a7 8 bis 10 TMG sind wir als Diensteanbieter jedoch nicht verpflichtet, \u00fcbermittelte oder gespeicherte fremde Informationen zu \u00fcberwachen oder nach Umst\u00e4nden zu forschen, die auf eine rechtswidrige T\u00e4tigkeit hinweisen.<\/p>\n<p>Dieses Impressum gilt ebenfalls f\u00fcr alle von Yachtcharter-Connection betriebenen sozialen Netzwerke (Facebook, Instagram, Twitter usw.).<\/p>\n<p>Verpflichtungen zur Entfernung oder Sperrung der Nutzung von Informationen nach den allgemeinen Gesetzen bleiben hiervon unber\u00fchrt. Eine diesbez\u00fcgliche Haftung ist jedoch erst ab dem Zeitpunkt der Kenntnis einer konkreten Rechtsverletzung m\u00f6glich. Bei Bekanntwerden von entsprechenden Rechtsverletzungen werden wir diese Inhalte umgehend entfernen.<br \/>\n<\/p>\n<h3>Haftung f\u00fcr Links<\/h3>\n<p>Unser Angebot enth\u00e4lt Links zu externen Websites Dritter, auf deren Inhalte wir keinen Einfluss haben. Deshalb k\u00f6nnen wir f\u00fcr diese fremden Inhalte auch keine Gew\u00e4hr \u00fcbernehmen. F\u00fcr die Inhalte der verlinkten Seiten ist stets der jeweilige Anbieter oder Betreiber der Seiten verantwortlich. Die verlinkten Seiten wurden zum Zeitpunkt der Verlinkung auf m\u00f6gliche Rechtsverst\u00f6\u00dfe \u00fcberpr\u00fcft. Rechtswidrige Inhalte waren zum Zeitpunkt der Verlinkung nicht erkennbar.<\/p>\n<p>Eine permanente inhaltliche Kontrolle der verlinkten Seiten ist jedoch ohne konkrete Anhaltspunkte einer Rechtsverletzung nicht zumutbar. Bei Bekanntwerden von Rechtsverletzungen werden wir derartige Links umgehend entfernen.<br \/>\n<\/p>\n<h3>Urheberrecht<\/h3>\n<p>Die durch die Seitenbetreiber erstellten Inhalte und Werke auf diesen Seiten unterliegen dem Urheberrecht. Die Vervielf\u00e4ltigung, Bearbeitung, Verbreitung und jede Art der Verwertung au\u00dferhalb der Grenzen des Urheberrechtes bed\u00fcrfen der schriftlichen Zustimmung des jeweiligen Autors bzw. Erstellers. Downloads und Kopien dieser Seite sind nur f\u00fcr den privaten, nicht kommerziellen Gebrauch gestattet. Soweit die Inhalte auf dieser Seite nicht vom Betreiber erstellt wurden, werden die Urheberrechte Dritter beachtet. Insbesondere werden Inhalte Dritter als solche gekennzeichnet. Sollten Sie trotzdem auf eine Urheberrechtsverletzung aufmerksam werden, bitten wir um einen entsprechenden Hinweis. Bei Bekanntwerden von Rechtsverletzungen werden wir derartige Inhalte umgehend entfernen.<br \/>\n<br \/>\nSie k\u00f6nnen die Fotos auf dieser Webseite sowie den Social Media Kan\u00e4len benutzen. Falls Sie das tun, verlinken Sie diese bitte zu www.yachtcharter-connection.com oder tagen diese direkt mit @yachtcharter-connection im Text ein. F\u00fcr jede andere Nutzung der Fotos (z.B. auf anderen Webseiten oder in jedem anderen Medium) bitten wir darum, vorab unsere Zustimmung einzuholen. Hierzu k\u00f6nnen Sie uns unter der folgenden E-Mail-Adresse kontaktieren: info@yachtcharter-connection.com<br \/>\n<br \/>\nQuellenangaben f\u00fcr die verwendeten Bilder und Grafiken:<br \/>\n<br \/>\nFotolia<br \/>\nMichaela Kube<br \/>\nKlaas Frerichs<br \/>\nKerstin Hahn<br \/>\n<br \/>\n<em>Copyright: <a href=\"https:\/\/www.e-recht24.de\">eRecht24<\/a>, <a href=\"https:\/\/www.abogado24.com\">Abogado24<\/a>, <a href=\"http:\/\/www.tecnologia.legal\">Tecnolog\u00eda.legal<\/a><\/em><\/p>\n","protected":false},"excerpt":{"rendered":"<p>Impressum Angaben gem\u00e4\u00df \u00a7 5 TMG Richard Schaal Yachtcharter-Connection Glockengarten 77 DE \u2013 44803 Bochum \u2013 Germany Kontakt Telefon: +49 234 30765190 E-Mail: info@yachtcharter-connection.com Umsatzsteuer Umsatzsteuer-Identifikationsnummer gem\u00e4\u00df \u00a727 a Umsatzsteuergesetz: DE 184649462 Rechtsform: Einzelunternehmen Verantwortlich f\u00fcr den Inhalt nach \u00a7 55 Abs. 2 RStV: Richard Schaal Yachtcharter-Connection Glockengarten 77 DE<\/p>\n","protected":false},"author":11,"featured_media":0,"parent":0,"menu_order":0,"comment_status":"open","ping_status":"open","template":"","meta":[],"aioseo_notices":[],"_links":{"self":[{"href":"https:\/\/yachtcharter-connection.com\/de\/wp-json\/wp\/v2\/pages\/105"}],"collection":[{"href":"https:\/\/yachtcharter-connection.com\/de\/wp-json\/wp\/v2\/pages"}],"about":[{"href":"https:\/\/yachtcharter-connection.com\/de\/wp-json\/wp\/v2\/types\/page"}],"author":[{"embeddable":true,"href":"https:\/\/yachtcharter-connection.com\/de\/wp-json\/wp\/v2\/users\/11"}],"replies":[{"embeddable":true,"href":"https:\/\/yachtcharter-connection.com\/de\/wp-json\/wp\/v2\/comments?post=105"}],"version-history":[{"count":16,"href":"https:\/\/yachtcharter-connection.com\/de\/wp-json\/wp\/v2\/pages\/105\/revisions"}],"predecessor-version":[{"id":30602,"href":"https:\/\/yachtcharter-connection.com\/de\/wp-json\/wp\/v2\/pages\/105\/revisions\/30602"}],"wp:attachment":[{"href":"https:\/\/yachtcharter-connection.com\/de\/wp-json\/wp\/v2\/media?parent=105"}],"curies":[{"name":"wp","href":"https:\/\/api.w.org\/{rel}","templated":true}]}}