{"id":106,"date":"2014-09-16T12:31:31","date_gmt":"2014-09-16T12:31:31","guid":{"rendered":"http:\/\/yachtcharter-connection.com.w01e47c6.kasserver.com\/ueber-uns-1\/"},"modified":"2023-10-19T17:23:36","modified_gmt":"2023-10-19T15:23:36","slug":"ueber-uns","status":"publish","type":"page","link":"https:\/\/yachtcharter-connection.com\/de\/ueber-uns\/","title":{"rendered":"\u00dcber uns |"},"content":{"rendered":"<h3><a href=\"https:\/\/yachtcharter-connection.com\/wp-content\/uploads\/2014\/09\/Palmanova-title-YCC.jpg\"><img loading=\"lazy\" class=\"alignnone wp-image-15119 \" src=\"https:\/\/yachtcharter-connection.com\/wp-content\/uploads\/2014\/09\/Palmanova-title-YCC-1024x316.jpg\" alt=\"palmanova-title-ycc\" width=\"1040\" height=\"321\" srcset=\"https:\/\/yachtcharter-connection.com\/wp-content\/uploads\/2014\/09\/Palmanova-title-YCC-1024x316.jpg 1024w, https:\/\/yachtcharter-connection.com\/wp-content\/uploads\/2014\/09\/Palmanova-title-YCC-300x92.jpg 300w, https:\/\/yachtcharter-connection.com\/wp-content\/uploads\/2014\/09\/Palmanova-title-YCC-768x237.jpg 768w, https:\/\/yachtcharter-connection.com\/wp-content\/uploads\/2014\/09\/Palmanova-title-YCC.jpg 1340w\" sizes=\"(max-width: 1040px) 100vw, 1040px\" \/><\/a><\/h3>\n<h3><strong>Yachtcharter-Connection \u2013 die Agentur<br \/>\n<\/strong><\/h3>\n<p>Yachtcharter-Connection vermittelt Bareboat-Yachtcharter und Charter von Luxusyachten mit Crew &#8211; weltweit. Seit 2008 bieten wir Charteryachten in den sch\u00f6nsten Revieren der Welt an: Segelyachten, Katamarane, Motoryachten und Luxusyachten. Mehr als 12.000 Yachten stehen f\u00fcr alle Arten von Charter zur Verf\u00fcgung&#8230; unsere Mission ist es, <strong>die beste Yacht f\u00fcr Ihren Charterurlaub<\/strong> zu finden, entsprechend Ihren Vorstellungen und Anspr\u00fcchen.<\/p>\n<p>Die Kunden, die dem Service von Yachtcharter-Connection vertrauen, viele von ihnen schon seit Jahren, kommen vonn allen f\u00fcnf Kontinenten. Yachtcharter-Connection ist international: Inhaber Richard Schaal kommt aus Deutschland, Sitz der Agentur ist Deutschland.<\/p>\n<p>Yachtcharter-Connection bietet beides: <strong>Einfache Online-Buchung Ihrer Bareboat-Yacht &#8211; und professionelle Beratung und Service<\/strong>, um Ihnen die Entscheidung f\u00fcr ein Segel- oder Cruising-Revier und die passende Yacht zu erleichtern, egal ob Sie selbst skippern oder einen Urlaub mit Luxus und Komfort an Bord einer Yacht mit Crew geniessen m\u00f6chten. Wir beraten Sie gern, damit Ihre Charter der perfekte Urlaub an Bord wird. Exzellente Kontakte in der Charterbranche helfen dabei, die beste Yacht f\u00fcr Ihren Charterurlaub zu finden.<\/p>\n<p>Richard Schaal hat langj\u00e4hrige Erfahrung in den Bereichen Yachtcharter, Segel-Events und Kommunikaton f\u00fcr die Yachting-Branche. Er kennt zahlreiche Reviere und viele Schiffe aus eigener Erfahrung. Mehr \u00fcber seinen Background erfahren Sie unter www.achterspring.de<\/p>\n<h4><strong>Yachtcharter weltweit mit Yachtcharter-Connection &#8211; die direkte Verbindung zu Ihrer Charteryacht<\/strong><\/h4>\n<p>Yachtcharter-Connection Richard Schaal<br \/>\nGlockengarten 77 &#8211; DE-Bochum \/ Deutschland<\/p>\n<p>Kontakt:<\/p>\n<p>Email:\u00a0 info@yachtcharter-connection.com<\/p>\n<p>Phone: +49 &#8211; 234 30765190<\/p>\n<p>Service Hotline:<\/p>\n<p><img loading=\"lazy\" class=\"content-image\" src=\"https:\/\/yachtcharter-connection.com\/wp-content\/uploads\/converted_files\/240\/240-561d03e7469ec.jpg\" alt=\"\" width=\"16\" height=\"16\" \/> +49 &#8211; 234 30765190<\/p>\n","protected":false},"excerpt":{"rendered":"<p>Yachtcharter-Connection \u2013 die Agentur Yachtcharter-Connection vermittelt Bareboat-Yachtcharter und Charter von Luxusyachten mit Crew &#8211; weltweit. Seit 2008 bieten wir Charteryachten in den sch\u00f6nsten Revieren der Welt an: Segelyachten, Katamarane, Motoryachten und Luxusyachten. Mehr als 12.000 Yachten stehen f\u00fcr alle Arten von Charter zur Verf\u00fcgung&#8230; unsere Mission ist es, die beste<\/p>\n","protected":false},"author":11,"featured_media":0,"parent":0,"menu_order":0,"comment_status":"open","ping_status":"open","template":"","meta":[],"aioseo_notices":[],"_links":{"self":[{"href":"https:\/\/yachtcharter-connection.com\/de\/wp-json\/wp\/v2\/pages\/106"}],"collection":[{"href":"https:\/\/yachtcharter-connection.com\/de\/wp-json\/wp\/v2\/pages"}],"about":[{"href":"https:\/\/yachtcharter-connection.com\/de\/wp-json\/wp\/v2\/types\/page"}],"author":[{"embeddable":true,"href":"https:\/\/yachtcharter-connection.com\/de\/wp-json\/wp\/v2\/users\/11"}],"replies":[{"embeddable":true,"href":"https:\/\/yachtcharter-connection.com\/de\/wp-json\/wp\/v2\/comments?post=106"}],"version-history":[{"count":29,"href":"https:\/\/yachtcharter-connection.com\/de\/wp-json\/wp\/v2\/pages\/106\/revisions"}],"predecessor-version":[{"id":30722,"href":"https:\/\/yachtcharter-connection.com\/de\/wp-json\/wp\/v2\/pages\/106\/revisions\/30722"}],"wp:attachment":[{"href":"https:\/\/yachtcharter-connection.com\/de\/wp-json\/wp\/v2\/media?parent=106"}],"curies":[{"name":"wp","href":"https:\/\/api.w.org\/{rel}","templated":true}]}}