{"id":107,"date":"2015-07-13T09:45:04","date_gmt":"2015-07-13T09:45:04","guid":{"rendered":"http:\/\/yachtcharter-connection.com.w01e47c6.kasserver.com\/yachtcharter-start\/"},"modified":"2016-10-29T17:57:13","modified_gmt":"2016-10-29T15:57:13","slug":"yachtcharter-start","status":"publish","type":"page","link":"https:\/\/yachtcharter-connection.com\/de\/yachtcharter-start\/","title":{"rendered":"Start"},"content":{"rendered":"<h2><a href=\"~\/Bareboat_Charteryachten.html\">Bareboat Charter<\/a><\/h2>\n<p><span>Hier finden Sie Ihre Charter-Yacht per Mausklick: Rund 4.000 Segel- und Motor-yachten sowie Katamarane, in den sch\u00f6nsten Yachtcharter-Revieren.<br \/>\n<\/span><\/p>\n<div class=\"map-wrapper\"><a class=\"map-link\" href=\"https:\/\/yachtcharter-connection.com\/wp-content\/uploads\/converted_files\/248\/248-5656b8d10eed6.jpg\"><img class=\"content-image\"  alt=\"\" style=\"width: 270px; height: 142px;\" src=\"https:\/\/yachtcharter-connection.com\/wp-content\/uploads\/converted_files\/248\/248-5656b8d1f2c7e.jpg\" \/><\/a><\/p>\n<div class=\"links\">\n<div class=\"title\"><a href=\"~\/Land.html\">Yachtcharter Destinationen<\/a><\/div>\n<p><span><a href=\"~\/Yachtcharter_thailand.html\">Thailand<\/a>&nbsp;<strong>&nbsp;<span style=\"font-size: large;\"><a charset=\"Yacht Charters Croatia\" href=\"~\/Yachtcharter_kroatien.html\"><strong>Kroatien<\/strong><\/a>&nbsp;<\/span><a href=\"~\/mittelmeer\/Yachtcharter_balearen_mallorca_menorca_ibiza.html\">Mallorca<\/a><\/strong>&nbsp;<span style=\"font-size: large;\">&nbsp;<\/span><span style=\"font-size: smaller;\"><a href=\"https:\/\/yachtcharter-connection.com\/Yachtcharter_spanien\/ibiza_eivissa.html\">Ibiza<\/a> <br \/>\n<\/span><strong><a href=\"~\/atlantik_westafrika\/Yachtcharter_kanarische_inseln.html\">Kanarische Inseln<\/a>&nbsp;<\/strong><a href=\"~\/Yachtcharter_kuba.html\">Kuba<\/a>&nbsp;<span style=\"font-size: larger;\"><strong><a href=\"~\/mittelmeer\/Yachtcharter_sizilien_%C3%A4olische_inseln_kalabrien.html\">Sizilien<\/a> <\/strong><\/span><a href=\"~\/Yachtcharter_italien.html\">Italien<\/a>&nbsp;&nbsp;&nbsp; <span style=\"font-size: medium;\"><a href=\"~\/Yachtcharter_australien.html\">Australien<\/a> <span style=\"font-size: large;\"><a href=\"~\/Yachtcharter_griechenland.html\">Griechenland<\/a> <\/span><\/span><a href=\"~\/mittelmeer\/Yachtcharter_%C3%A4g%C3%A4is_saronn_golf_kykladen.html\"><strong>Kykladen<\/strong><\/a> <a href=\"~\/Yachtcharter_seychellen.html\">Seychellen<\/a> <a href=\"~\/Yachtcharter_neukaledonien.html\">Neukaledonien<\/a>&nbsp;&nbsp; <span style=\"font-size: larger;\"><a href=\"~\/Yachtcharter_polynesien.html\">Polynesien<\/a> <\/span><span style=\"font-size: larger;\"><a type=\"Yacht Charters Ionian Sea\" href=\"~\/mittelmeer\/Yachtcharter_ionisches_meer.html\">Ionisches Meer<\/a> <span style=\"font-size: large;\"><strong><a type=\"Yacht Charters Turkey\" href=\"~\/Yachtcharter_t%C3%BCrkei.html\">T\u00fcrkei<\/a>&nbsp;<\/strong><\/span><\/span><a href=\"~\/mittelmeer\/Yachtcharter_sardinien.html\">Sardinien<\/a><\/span>&nbsp;<span style=\"font-size: large;\"><a charset=\"Yacht Charters Karibik\" href=\"~\/karibik.html\"><strong>Karibik<\/strong><\/a>&nbsp;<\/span><\/div>\n<\/div>\n<h2>&nbsp;<\/h2>\n<h2><span style=\"font-size: larger;\"><strong>Charterziele Mittelmeer: Top-Destinationen und Trends<\/strong><\/span><\/h2>\n<p>\nDie Traum-Destination der meisten europ\u00e4ischen Chartersegler f\u00fcr den Sommert\u00f6rn ist Griechenland &#8211; dies geben zumindest knapp mehr als 30 Prozent der Charterurlauber in einer Umfrage als ihre Wunschdestination an. Rund 25 Prozent cruisen am liebsten in Kroatien, bei je 13 Prozent sind Italien und die T\u00fcrkei die Favoriten. Danach folgen die Balearen sowie Frankreich. Die Erreichbarkeit der Reviere, Flugverbindungen, Preisniveau und das unterschiedliche Angebot an Charterflotten sorgen allerdings daf\u00fcr, dass die tats\u00e4chlichen Buchungen nicht immer mit den Wunschzielen \u00fcbereinstimmen: Ein Drittel der Charterecrews buchen ihren Sommert\u00f6rn in Kroatien , rund 20 Prozent in Griechenland, 15 Prozent in Italien. Jeweils etwas mehr als 10 Prozent entscheiden sich f\u00fcr die T\u00fcrkei oder Spanien \/ Balearen.<\/p>\n<p>Die meisten Charteryachten schwimmen \u00fcbrigens in Kroatien: Hier sind mehr etwa 2800 Segel- und Motoryachten in den Charterflotten zu finden. Mit etwa 1700 Yachten liegt Griechenland auf Platz zwei, gefolgt von Italien mit etwa 1400, der T\u00fcrkei mit etwa 900, der deutschen Ostsee mit rund 800 und Spanien mit rund 600 Yachten: Hier haben die meisten Yachten ihre Basis auf den Balearen-Inseln Mallorca, Menorca und Ibiza. Immer beliebter werden auch die kleineren Charter-Destinationen Slowenien, Malta und Montenegro.<\/p>\n<p><image><property name=\"imagepath\">~\/Bilder\/Bareboat_Yachtcharter.html<\/property><\/image><br \/><image><property name=\"imagepath\">~\/Bilder\/Luxus_Yachtcharter.html<\/property><\/image><\/p>\n<div style=\"margin-left: 12px; margin-top: 10px;\">\n<div align=\"left\"><a href=\"~\/Luxusyachten.html\" target=\"_blank\" rel=\"nofollow\">     <img class=\"content-image\"  src=\"https:\/\/yachtcharter-connection.com\/wp-content\/uploads\/converted_files\/248\/248-5656b8e798288.jpg\" alt=\"Luxus Yacht Charter\" style=\"width: 169px; height: 115px;\" \/><\/a><\/div>\n<div align=\"center\">&nbsp;<\/div>\n<p><a href=\"http:\/\/www.facebook.com\/yachtcharterconnection\" target=\"_blank\" rel=\"nofollow\"><img class=\"content-image\"  width=\"40\" src=\"https:\/\/yachtcharter-connection.com\/Images\/facebook.png\" alt=\"Facebook\" \/><\/a> <a href=\"https:\/\/twitter.com\/#!\/YachtConnection\" target=\"_blank\" rel=\"nofollow\">     <img class=\"content-image\"  width=\"40\" src=\"https:\/\/yachtcharter-connection.com\/Images\/twitter.png\" alt=\"Twitter\" \/><\/a> <a href=\"https:\/\/plus.google.com\/u\/0\/115691755069746222092\/about\" target=\"_blank\" rel=\"nofollow\">     <img class=\"content-image\"  width=\"40\" src=\"https:\/\/yachtcharter-connection.com\/Images\/google.png\" alt=\"Google+\" \/><\/a> <a href=\"http:\/\/es.linkedin.com\/in\/yachtcharterconnection\" target=\"_blank\" rel=\"nofollow\">     <img class=\"content-image\"  width=\"40\" src=\"https:\/\/yachtcharter-connection.com\/Images\/linkedin.png\" alt=\"LinkedIn\" \/><\/a><\/div>\n<p><\/p>\n<h2><a href=\"~\/Events_Veranstaltungen.html\">Events &amp; Incentives<\/a><\/h2>\n<p><span>Events &amp; Incentives auf dem Wasser &ndash; unvergessliches Erlebnis f\u00fcr Teams, Unternehmen oder f\u00fcr deren Kunden, besonderes Ereignis f\u00fcr Family &amp; Friends.<\/span><\/p>\n<h1><b>Yachtcharter weltweit: Segelyachten, Katamarane, Motoryachten und Luxusyachten &#8211; f\u00fcr einen traumhaften Charterurlaub <\/p>\n<p><\/b><b> <\/b><\/h1>\n<h3><span style=\"font-size: medium;\"><b>Willkommen bei Yachtcharter-Connection &ndash; der direkten Verbindung zu Ihrer Charteryacht <\/b><\/span><b><br \/>\n<\/b><\/h3>\n<p><b><br \/>\n<\/b><img class=\"content-image\"  src=\"https:\/\/yachtcharter-connection.com\/wp-content\/uploads\/converted_files\/248\/248-5656b8e944292.jpg\" alt=\"Charteryachten_weltweit\" style=\"width: 287px; height: 210px; float: left; margin: auto 5px;\" \/>Mit einfacher Yachtsuche und Online-Buchungsm\u00f6glichkeit, kombiniert mit professioneller Beratung und pers\u00f6nlichem Service. Alles f\u00fcr Ihren perfekten Yachtcharter-Urlaub: Hier k\u00f6nnen Sie Ihre  Wunsch-Yacht per Mausklick online suchen und buchen &ndash; Sie haben die Wahl  unter fast 4.000 Charter-yachten weltweit in \u00fcber 50 L\u00e4ndern.<\/p>\n<p>Wenn Sie Ihre Wunschyacht nicht finden oder noch nicht  wissen, welches Schiff Sie f\u00fcr Ihren Yachtcharter-T\u00f6rn suchen: Wir  beraten Sie gern.&nbsp; Wenn Sie auf der Suche nach Yachten zu Schn\u00e4ppchen-Preisen  sind: Wir haben zahlreiche aktuelle Yachtcharter-Sonder-Angebote f\u00fcr Sie. <\/p>\n<p><span>Unter Destinationen finden Sie Informationen zu den sch\u00f6nsten {#leyword#}-Revieren weltweit. Wenn Sie noch \u00fcberlegen, in welchem Yachtcharter-Revier Sie segeln oder cruisen m\u00f6chten, helfen wir Ihnen gern dabei, die richtige Entscheidung zu treffen und Ihr pers\u00f6nliches Paradies zu finden. <\/p>\n<p><\/span><\/p>\n<p><span style=\"font-size: larger;\"><strong>Tr\u00e4umen Sie nicht nur von Ihrem T\u00f6rn &ndash; leben Sie Ihren Traum!<\/strong><\/span><\/p>\n<hr \/>\n<p><\/p>\n<h2><strong>Yachtcharter &#8211; Aktuelle News<\/strong><\/h2>\n<div data-font=\"arial\" data-show-faces=\"false\" data-width=\"300\" data-send=\"true\" data-href=\"www.yachtcharter-connection.com\" class=\"fb-like\">\n<h3><a href=\"https:\/\/yachtcharter-connection.com\/wp-content\/uploads\/converted_files\/248\/248-5656b8ea5d061.jpg\"><br \/>\n<\/a><\/h3>\n<h3>Myanmar &#8211; neue exotische Charter-Destination<\/h3>\n<p>\n<img class=\"content-image\"  src=\"https:\/\/yachtcharter-connection.com\/wp-content\/uploads\/converted_files\/248\/248-5656b8eb518d3.jpg\" alt=\"Myanmar-cruising-destination.jpg\" style=\"width: 200px; height: 136px; float: left; margin: auto 5px;\" \/>Exotisch, aufregend und geheimnisvoll: die K\u00fcste von Myanmar. Mehrere wundersch\u00f6ne Segelyachten mit Crew stehen im Winter dort f\u00fcr Ihren Charterurlaub zur Verf\u00fcgung &#8211; entdecken Sie das Mergui Archipel, eine aufregende Destination mit mythischen Landschaften und vielf\u00e4ltigen Kulturen.<\/p>\n<p><\/p>\n<h3><a href=\"https:\/\/yachtcharter-connection.com\/wp-content\/uploads\/converted_files\/248\/248-5656b8ec62062.jpg\"><strong> <\/strong><\/a><strong>Mehr Charterflotten in Malta<\/strong><br \/>\n&nbsp;<\/h3>\n<p>Malta mit den drei Inseln Malta, Gozo und Comino und der beeindruckenden Hauptstadt La Valletta zieht immer mehr Segler an. Es gibt mittlerweile mehrere Charterst\u00fctzpunkte, einige brandneue Yachten erweitern 2014 die Flotten. Malta ist wegen der kurzen Distanzen ideal f\u00fcr entspannte einw\u00f6chige T\u00f6rns geeignet &#8211; und dank des milden Klimas ist Segeln auch im Winter sch\u00f6n.<br \/>\n&nbsp;<\/p>\n<h3>&nbsp;<\/h3>\n<h3><strong>Charter-T\u00f6rns von Korfu nach Albanien<\/strong><\/h3>\n<p>\n<img class=\"content-image\"  style=\"width: 200px; height: 150px; float: left; margin: auto 5px;\" alt=\"Charter-Griechenland-Albanien.jpg\" src=\"https:\/\/yachtcharter-connection.com\/wp-content\/uploads\/converted_files\/248\/248-5656b8ed53f0d.jpg\" \/>Eine wundersch\u00f6ne, noch wenig verbaute K\u00fcste, kaum Tourismus, noch weniger Yacht-Tourismus: Einige<a href=\"~\/Yachtcharter_griechenland\/korfu_marina_gouvia.html\"> Charteranbieter in Korfu<\/a> genehmigen ihren Kunden jetzt T\u00f6rns an die &quot;albanische Riviera&quot; an der S\u00fcdk\u00fcste Albaniens. Bei der Einreise l\u00e4sst man sich am besten von einem Agenten helfen, der die Prozedur unkompliziert erledigt. Port of Entry ist unter anderem Sarande, eine lebhafte Stadt an der albanischen S\u00fcdk\u00fcste. Neben der&nbsp; modernen Marina Orikum weiter im Norden warten auf die Segler es nur einige meist \u00e4ltere H\u00e4fen, aber traumhafte Ankerplatze und viel Natur.<\/p>\n<p><\/p>\n<h3><strong>Yachtcharter Ostsee &#8211; Charterst\u00fctzpunkte im Baltikum <\/strong><\/h3>\n<p>\n<img class=\"content-image\"  style=\"width: 200px; height: 150px; float: left; margin: auto 5px;\" alt=\"Yachtcharter-Baltikum.jpg\" src=\"https:\/\/yachtcharter-connection.com\/wp-content\/uploads\/converted_files\/248\/248-5656b8f084bfd.jpg\" \/>Ostsee-Segler k\u00f6nnen im Charterurlaub bequem die K\u00fcsten des Baltikums erkunden: Sowohl in Estland als auch in Litauen bieten Charterst\u00fctzpunkte jetzt Segelyachten an. Die Basis in Estland ist direkt in Tallinn &#8211; die Old City Marina liegt nahe der Altstadt, die Teil des Unesco-Weltkulturerbe ist. Mehrere Inseln vor der K\u00fcste lohnen als T\u00f6rnziele &#8211; und bilden gemeinsam ein recht gesch\u00fctztes Segelrevier. Als Oneway-St\u00fctzpunkt wird auch Haapsalu angeboten, einem kleinen St\u00e4dtchen an der Westk\u00fcste. Die Infrastruktur f\u00fcr Charter-T\u00f6rns ist in Estland mit zahlreichen Yachth\u00e4fen recht gut ausgebaut. In Litauen ist der Burghafen in Klaipeda Ausgangshafen f\u00fcr die Charterflotte &#8211; von hier aus sind sowohl die Ostsee-K\u00fcste mit dem Kurischen Haff als auch Binnenseen zu erreichen.<\/p>\n<p><\/p>\n<h3><strong>Reviertipp: Charter in Griechenland<\/strong><\/h3>\n<p><\/p>\n<p><img class=\"content-image\"  src=\"https:\/\/yachtcharter-connection.com\/wp-content\/uploads\/converted_files\/248\/248-5656b8f1ac815.jpg\" alt=\"Yachtcharter-Griechenland.jpg\" style=\"width: 200px; height: 132px; float: left; margin: auto 5px;\" \/>Die griechischen Vercharterer r\u00fcsten auf: Mit Investitionen in Flotten und Service verbessern die <a href=\"~\/Yachtcharter_griechenland.html\">Yachtcharter-St\u00fctzpunkte in Griechenland<\/a> ihr schon sehr gutes Niveau weiter. <\/p>\n<p>Charter-Crews erwarten jetzt je nach Basis etwa LED-Lichtleisten im Cockpit, TV mit einer DVD mit Check-in- und Revier-Infos, das Ipad f\u00fcr den T\u00f6rn oder Solar-Panels f\u00fcr bessere Stromversorgung. Auch das Angebot an Katamaranen &#8211; mit und ohne Crew &#8211; w\u00e4chst deutlich.&nbsp;<\/p>\n<p>&nbsp;<\/p>\n<h3><a href=\"~\/Aktuelles\/Yachtcharter_Mallorca__Cabrera-Bojen_kostenpflicht.html\"><strong>Yachtcharter Mallorca: Cabrera-Bojen kostenpflichtig<\/strong><\/a><\/h3>\n<p>\nDie Nutzung der Bojen im bei Charter-Crews \u00e4u\u00dferst beliebten Cabrera Archipel ist ab sofort kostenpflichtig. Bisher war die \u00dcbernachtung in dem Nationalpark s\u00fcdlich von<a href=\"~\/Destinationen\/Regionen\/Mittelmeer\/Balearen_(Mallorca_-_Menorca_-_Ibiza)\/Mallorca.html\"> Mallorca<\/a> gratis &#8211; es musste lediglich eine vorab eine Genehmigung beantragt werden.Die Geb\u00fchren sind allerdings relativ moderat. In Zukunft finden Yachtcharter-Crews auf Segelt\u00f6rn in <a href=\"~\/Destinationen\/Regionen\/Mittelmeer\/Balearen_(Mallorca_-_Menorca_-_Ibiza)\/Mallorca.html\">Mallorca<\/a>, <a href=\"~\/Destinationen\/Regionen\/Mittelmeer\/Balearen_(Mallorca_-_Menorca_-_Ibiza)\/Ibiza.html\">Ibiza<\/a> und <a href=\"~\/Destinationen\/Regionen\/Mittelmeer\/Balearen_(Mallorca_-_Menorca_-_Ibiza)\/Menorca.html\">Menorca<\/a>&nbsp; eventuell auch mehr Platz in den Marinas: Zur F\u00f6rderung des Chartertourismus will die Regierung der <a href=\"https:\/\/yachtcharter-connection.com\/mittelmeer\/Yachtcharter_balearen_mallorca_menorca_ibiza.html\">Balearen<\/a> die Sporth\u00e4fen ausbauen.<\/p>\n<p><a href=\"https:\/\/yachtcharter-connection.com\/Aktuelles\/Neue_Charter-St%C3%BCtzpunkte_in_tollen_Revieren.html\"><strong><br \/>\n<\/strong><\/a><\/p>\n<h3><a href=\"https:\/\/yachtcharter-connection.com\/Aktuelles\/Neue_Charter-St%C3%BCtzpunkte_in_tollen_Revieren.html\"><strong>Neue Charter-St\u00fctzpunkte in tollen Revieren<\/strong><\/a><\/h3>\n<p>\nP\u00fcnktlich zur Fernreise-Saison im Winter wurden weitere Charter-St\u00fctzpunkte etwa in <a href=\"https:\/\/yachtcharter-connection.com\/Yachtcharter_australien.html\">Australien<\/a>, <a href=\"https:\/\/yachtcharter-connection.com\/Yachtcharter_kuba.html\">Kuba<\/a> und <a href=\"https:\/\/yachtcharter-connection.com\/Yachtcharter_grenada.html\">Grenada<\/a> er\u00f6ffnet. <\/p>\n<p><\/p>\n<h3><a href=\"https:\/\/yachtcharter-connection.com\/Aktuelles\/Die_besten_Segler-Bars_in_%C3%9Cbersee.html\"><strong>Die besten Segler-Bars in \u00dcbersee<\/strong><\/a><\/h3>\n<p>\nBei der Wahl zur besten Segler-Bar in \u00dcbersee durch englischsprachige Online-Portale konnten sich gleich drei Bars in den <a href=\"https:\/\/yachtcharter-connection.com\/Yachtcharter_britische_jungferninseln.html\" target=\"_blank\">British Virgin Islands<\/a> in den Top Ten platzieren. <\/p>\n<hr \/>\n<p><\/p>\n<h2><strong>Yachtcharter &#8211; Artikel <\/strong><\/h2>\n<h3><a href=\"~\/Artikel\/Antigua-Sailing_zwischen_Steelband_und_Spirit_of_T.html\"><br \/>\n<\/a><\/h3>\n<h3><a href=\"~\/Artikel\/Neue_Charteryachten_-_Impressionen_von_der__Boot__.html\">Neue Yachten in der Charterflotten &#8211; Impressionen von der &quot;Boot 2014&quot;  <\/a><\/h3>\n<p>{^YouTubeVideo|(url)https:\/\/www.youtube.com\/watch?v=w_y97o5mstM|(width)425|(height)264|(fs)1^}<\/p>\n<p>Der Trend zu immer gr\u00f6sseren Yachten im Chartermarkt h\u00e4lt an &#8211; Flaggschiff der neuen Chartersaison Sommer 2014 ist sicher die Hanse 575: Das auf der Bootsmesse in D\u00fcsseldorf vielfach bewunderte Ausstellungsschiff kommt jetzt im Ionischen Meer ab Korfu zum Einsatz, weitere Hanse 575 sind in Griechenland ab Athen und Kos, in Kroatien und in einer grossz\u00fcgigen 3-Kabinen-Version in Sizilien verf\u00fcgbar. <\/p>\n<h3><a href=\"~\/Artikel\/Antigua-Sailing_zwischen_Steelband_und_Spirit_of_T.html\">Antigua-Sailing zwischen Steelband und Spirit of Tradition<\/a><\/h3>\n<p>&nbsp;<\/p>\n<p><img class=\"content-image\"  src=\"https:\/\/yachtcharter-connection.com\/wp-content\/uploads\/converted_files\/248\/248-5656b8f8b91b3.jpg\" alt=\"Yachtcharter Karibik - Antigua\" style=\"width: 200px; height: 133px; float: left; margin: auto 5px;\" \/>Life is Sailing &amp; Party: Edelste klassische Segelyachten auf der   Antigua Classic Yacht Regatta, High-Tech-Rennschiffe auf der Antigua   Sailing Week, Strand-Parties fast rund um die Uhr: Jedes Jahr im April   treffen sich Segler und enthusiastische Fans zum karibischen   Saison-H\u00f6hepunkt auf der Insel unter dem Wind. Charterg\u00e4ste sind   jederzeit willkommen &#8211; und k\u00f6nnen dar\u00fcber hinaus ein<a href=\"https:\/\/yachtcharter-connection.com\/Yachtcharter_antigua.html\" target=\"_blank\"> Antigua<\/a> entdecken, das mehr zu bieten hat als zahllose Traumstr\u00e4nde.<\/p>\n<h3><a href=\"https:\/\/yachtcharter-connection.com\/Artikel\/T%C3%B6rntipp_St__Lucia.html\">T\u00f6rntipp St. Lucia<\/a><\/h3>\n<p>Kommt man in Seglerkreisen auf <a href=\"https:\/\/yachtcharter-connection.com\/Yachtcharter_saint_lucia.html\" target=\"_blank\">St. Lucia<\/a>   zu sprechen, dann meist im Zusammenhang mit der seit 1986 allj\u00e4hrlich   stattfindenden Atlantic Rallye for Cruisers (ARC), deren Zielhafen   Rodney Bay im Nordwesten der Insel ist. Die Marina Rodney Bay ist aber   auch bestens als Ausgangspunkt f\u00fcr einen Segelt\u00f6rn zur Inselerkundung   geeignet &ndash; oder f\u00fcr einen Oneway-T\u00f6rn auf eine der anderen karibischen   Inseln.<\/p>\n<h3><a href=\"https:\/\/yachtcharter-connection.com\/Artikel\/Global_Ocean_Race_ab_Palma.html\">Global Ocean Race ab Palma<\/a><\/h3>\n<p>Von Mallorca um die Welt: Ein Kurs mit 30.000 Seemeilen rund um den   Globus erwartet die Teams, die am 25. September von Mallorca aus zum   Global Ocean Race starten. <\/p>\n<h3><a href=\"https:\/\/yachtcharter-connection.com\/Artikel\/XVI__Superyacht-Cup_2011_in_Palma.html\">XVI. Superyacht-Cup 2011 in Palma<\/a><\/h3>\n<p>Speed vor L\u00e4nge: Die nur 24 Meter &quot;kurze&quot; Drumfire gewinnt den Superyacht-Cup vor Palma<\/p>\n<h3><a href=\"https:\/\/yachtcharter-connection.com\/Artikel\/Nord-Norwegen__Charter-T%C3%B6rn_im_hohen_Norden.html\">Nord-Norwegen: Charter-T\u00f6rn im hohen Norden<\/a><\/h3>\n<p>Segelt\u00f6rn zwischen 69. und 71. Breitengrad Nord &#8211; f\u00fcr einen Urlaubst\u00f6rn   eher seltene Koordinaten: Ein Bericht \u00fcber einen Chartert\u00f6rn im   n\u00f6rdlichen <a href=\"https:\/\/yachtcharter-connection.com\/Yachtcharter_norwegen.html\" target=\"_blank\">Norwegen<\/a>. <\/p>\n<h3><a href=\"https:\/\/yachtcharter-connection.com\/Artikel\/T%C3%B6rnbericht__Mit__Manicou__nach_Trinidad.html\">T\u00f6rnbericht: Mit &bdquo;Manicou&ldquo; nach Trinidad<\/a><\/h3>\n<p>Mit Katamaran von Martinique durch die Grenadinen zum Karneval nach   Trinidad und Tobago &#8211; ein ausf\u00fchrlicher T\u00f6rnbericht f\u00fcr Karibik- und   Karnevals-Fans.<\/p>\n<h3><a href=\"https:\/\/yachtcharter-connection.com\/Artikel\/Yachting-Szene_Dubai.html\">Yachting-Szene Dubai<\/a><\/h3>\n<p>Mit The Palms, The World und anderen Megaprojekten in Dubai boomt im   Nahen Osten nicht nur die Immobilienwelt &#8211; auch die Yachting-Szene und   der Charter-Sektor werden zunehmend interessant.<\/p>\n<h3><a href=\"https:\/\/yachtcharter-connection.com\/Artikel\/Traumt%C3%B6rn_ab_Trogir_-_Inselwelt_Dalmatiens.html\">Traumt\u00f6rn ab Trogir &#8211; Inselwelt Dalmatiens<\/a><\/h3>\n<p>Auf Segelt\u00f6rn mit Skipper in der Inselwelt Dalmatiens: Malerischer   Mittelalter-Charme in Trogir, Weinberge und quirlige H\u00e4fen auf der Insel   Vis, die gro\u00dfe mediterrane Piazza in Hvar auf der gleichnamigen Insel,   t\u00fcrkisfarbenes Wasser in traumhaften Buchten, die k\u00f6stliche Fischk\u00fcche   Kroatiens, warmer Wind und Sonne satt&#8230;&nbsp;<\/p>\n<hr \/>\n<h3><strong>Weitere Charter-Angebote finden Sie auch auf <\/strong><a target=\"_blank\" href=\"http:\/\/www.yachtcharternet.com\"><strong>www.yachtcharternet.com<\/strong><\/a><\/h3>\n<p><\/p>\n<h3><a href=\"https:\/\/yachtcharter-connection.com\/Aktuelles\/Chartern_mit_Sicherungs-Schein.html\">Chartern mit Sicherungs-Schein<\/a><\/h3>\n<p><img loading=\"lazy\" class=\"content-image\"  width=\"150\" height=\"68\" src=\"https:\/\/yachtcharter-connection.com\/Bilder\/YACHTPOOL_Int__f%C3%BCr_Web_kleiner150.html?width=150&amp;height=68\" alt=\"\" \/><br \/>\nYachtcharter-Connection ist Mitglied des &quot;YACHT-POOL Financial Security   Systems&quot;. Das hei\u00dft, Ihre Anzahlungen sind gegen Verlust durch  Insolvenz  abgesichert*. Als Garantie erhalten Sie von uns den   YACHT-POOL-Sicherungsschein.<\/p>\n<p><a target=\"_blank\" href=\"http:\/\/openseamap.org\/map\"><img class=\"content-image\"  src=\"https:\/\/yachtcharter-connection.com\/wp-content\/uploads\/converted_files\/248\/248-5656b8f9ca11a.png\" style=\"width: 180px; height: 90px;\" alt=\"\" \/><\/a><\/div>\n<p><\/p>\n<h2><a href=\"~\/Luxus_Charteryachten.html\">Luxusyachten mit Crew<\/a><\/h2>\n<p><span>Luxuri\u00f6se Yachten mit Skipper und Crew &ndash; genie\u00dfen Sie einen entspannten Urlaub auf See, bequemes Cruisen unter Segeln oder Motor mit allem Komfort.<\/span><\/p>\n","protected":false},"excerpt":{"rendered":"<p>Bareboat Charter Hier finden Sie Ihre Charter-Yacht per Mausklick: Rund 4.000 Segel- und Motor-yachten sowie Katamarane, in den sch\u00f6nsten Yachtcharter-Revieren. Yachtcharter Destinationen Thailand&nbsp;&nbsp;Kroatien&nbsp;Mallorca&nbsp;&nbsp;Ibiza Kanarische Inseln&nbsp;Kuba&nbsp;Sizilien Italien&nbsp;&nbsp;&nbsp; Australien Griechenland Kykladen Seychellen Neukaledonien&nbsp;&nbsp; Polynesien Ionisches Meer T\u00fcrkei&nbsp;Sardinien&nbsp;Karibik&nbsp; &nbsp; Charterziele Mittelmeer: Top-Destinationen und Trends Die Traum-Destination der meisten europ\u00e4ischen Chartersegler f\u00fcr den Sommert\u00f6rn<\/p>\n","protected":false},"author":11,"featured_media":0,"parent":0,"menu_order":0,"comment_status":"open","ping_status":"open","template":"","meta":[],"aioseo_notices":[],"_links":{"self":[{"href":"https:\/\/yachtcharter-connection.com\/de\/wp-json\/wp\/v2\/pages\/107"}],"collection":[{"href":"https:\/\/yachtcharter-connection.com\/de\/wp-json\/wp\/v2\/pages"}],"about":[{"href":"https:\/\/yachtcharter-connection.com\/de\/wp-json\/wp\/v2\/types\/page"}],"author":[{"embeddable":true,"href":"https:\/\/yachtcharter-connection.com\/de\/wp-json\/wp\/v2\/users\/11"}],"replies":[{"embeddable":true,"href":"https:\/\/yachtcharter-connection.com\/de\/wp-json\/wp\/v2\/comments?post=107"}],"version-history":[{"count":1,"href":"https:\/\/yachtcharter-connection.com\/de\/wp-json\/wp\/v2\/pages\/107\/revisions"}],"predecessor-version":[{"id":12916,"href":"https:\/\/yachtcharter-connection.com\/de\/wp-json\/wp\/v2\/pages\/107\/revisions\/12916"}],"wp:attachment":[{"href":"https:\/\/yachtcharter-connection.com\/de\/wp-json\/wp\/v2\/media?parent=107"}],"curies":[{"name":"wp","href":"https:\/\/api.w.org\/{rel}","templated":true}]}}