{"id":121,"date":"2014-05-19T23:25:37","date_gmt":"2014-05-19T23:25:37","guid":{"rendered":"http:\/\/yachtcharter-connection.com.w01e47c6.kasserver.com\/flottillen\/"},"modified":"2018-02-23T18:15:15","modified_gmt":"2018-02-23T16:15:15","slug":"flottillen","status":"publish","type":"page","link":"https:\/\/yachtcharter-connection.com\/de\/flottillen\/","title":{"rendered":"Flottillen"},"content":{"rendered":"<h1><strong>Yachtcharter Flottillen<\/strong><\/h1>\n<p><strong>Yachtcharter-Crews, die gern die Gesellschaft anderer Segler genie\u00dfen, ein vielleicht noch neues, ihnen unbekanntes Revier entdecken wollen oder noch wenig Erfahrung in punkto T\u00f6rnplanung haben, k\u00f6nnen sich einer Flottille anschlie\u00dfen. Regelm\u00e4\u00dfig werden diese Flottillen in der Karibik, in der T\u00fcrkei, in Griechenland und in Kroatien organisiert &#8211; T\u00f6rnsprache ist oft Englisch. Fragen Sie uns nach Angeboten!<\/strong><\/p>\n<p>&nbsp;<\/p>\n<h2><strong>Flottillen in Kroatien<\/strong><\/h2>\n<p><a href=\"https:\/\/yachtcharter-connection.com\/wp-content\/uploads\/2014\/05\/Flotillas-Croatia.jpg\"><img loading=\"lazy\" class=\"alignleft size-full wp-image-26080\" src=\"https:\/\/yachtcharter-connection.com\/wp-content\/uploads\/2014\/05\/Flotillas-Croatia.jpg\" alt=\"Flotillas Croatia\" width=\"555\" height=\"327\" srcset=\"https:\/\/yachtcharter-connection.com\/wp-content\/uploads\/2014\/05\/Flotillas-Croatia.jpg 555w, https:\/\/yachtcharter-connection.com\/wp-content\/uploads\/2014\/05\/Flotillas-Croatia-300x177.jpg 300w\" sizes=\"(max-width: 555px) 100vw, 555px\" \/><\/a><\/p>\n<p>In <span style=\"color: #003366;\"><strong><a style=\"color: #003366;\" href=\"https:\/\/yachtcharter-connection.com\/de\/land\/yachtcharter-kroatien\/\" target=\"_blank\">Kroatien<\/a><\/strong><\/span> bieten wir Flotillensegeln ab\u00a0 Trogir &#8211; Seget Donji an: DieFlottillen werden regelm\u00e4\u00dfig von Mai bis September organisiert. Die Route \u00e4ndert sich jede Woche und wechselt zwischen einer Nordroute, die unter anderem nach Rogoznica und Skradin f\u00fchrt, und einer S\u00fcdroute mit Stops in Solta, Vis und Hvar. Bitte fragen Sie nach Programmdetails und Angeboten.<\/p>\n<h2><strong>Spezielle Themenflottillen und Fun-Regatten:<\/strong><\/h2>\n<p>\u00dcberwiegend deutschspraching sind die Flottillen, die wir in Kooperation mit einer Partneragentur anbieten. Fun-Wettfahren, fr\u00f6hliche Feste mit anderen Crews, entspanntes Segeln ohne Organisations-Stress, neue Reviere entdecken, bei international renommierten Regatten mitsegeln oder auch kulinarische Spezialit\u00e4ten der Region kennenlernen \u2013 hier finden Sie Informationen zum Flottillen-Programm. Weitere Flottillen bieten wir gern auf Anfrage an.<\/p>\n<p>Bei allen aufgef\u00fchrten Flottillen ist die Teilnahme sowie als komplette Crew als auch f\u00fcr Einzelbucher m\u00f6glich.<\/p>\n<h3>Das Flottillenprogramm 2018:<\/h3>\n<p>M\u00e4rz:<br \/>\nSt. Martin \/ Sint Maarten &#8211; Heineken Regatta<\/p>\n<p>M\u00e4rz April:<br \/>\nKuba<\/p>\n<p>April:<br \/>\nAntigua Classic Yacht Regatta<\/p>\n<p>April \/ Mai:<br \/>\nAntigua Sailing Week<\/p>\n<p>Mai \/ Juni:<br \/>\nSardinien &#8211; Kulinarik und Kultur<\/p>\n<p>Mai \/ Juni:<br \/>\nS\u00fcdsee &#8211; Tahiti<\/p>\n<p>Juni:<br \/>\nSeychellen<\/p>\n<p>August \/ September:<br \/>\nKroatien<\/p>\n<p>Oktober:<br \/>\nSizilien &#8211; Kulinarischer T\u00f6rn<\/p>\n<p>Oktober:<br \/>\nYachtwoche Mittelmeer &#8211; Elba<\/p>\n<p>November \/ Dezember:<br \/>\nKaribik Trophy<\/p>\n<p><img loading=\"lazy\" class=\"content-image\" src=\"https:\/\/yachtcharter-connection.com\/wp-content\/uploads\/converted_files\/24304\/24304-5656b86e2e122.jpg\" alt=\"\" width=\"300\" height=\"224\" \/><\/p>\n<p><img loading=\"lazy\" class=\"content-image\" src=\"https:\/\/yachtcharter-connection.com\/wp-content\/uploads\/converted_files\/24304\/24304-5656b86f547d1.jpg\" alt=\"\" width=\"300\" height=\"199\" \/><\/p>\n<p>Genaue Termine und Progarmme auf Anfrage.<\/p>\n","protected":false},"excerpt":{"rendered":"<p>Yachtcharter Flottillen Yachtcharter-Crews, die gern die Gesellschaft anderer Segler genie\u00dfen, ein vielleicht noch neues, ihnen unbekanntes Revier entdecken wollen oder noch wenig Erfahrung in punkto T\u00f6rnplanung haben, k\u00f6nnen sich einer Flottille anschlie\u00dfen. Regelm\u00e4\u00dfig werden diese Flottillen in der Karibik, in der T\u00fcrkei, in Griechenland und in Kroatien organisiert &#8211; T\u00f6rnsprache<\/p>\n","protected":false},"author":11,"featured_media":0,"parent":0,"menu_order":0,"comment_status":"open","ping_status":"open","template":"","meta":[],"aioseo_notices":[],"_links":{"self":[{"href":"https:\/\/yachtcharter-connection.com\/de\/wp-json\/wp\/v2\/pages\/121"}],"collection":[{"href":"https:\/\/yachtcharter-connection.com\/de\/wp-json\/wp\/v2\/pages"}],"about":[{"href":"https:\/\/yachtcharter-connection.com\/de\/wp-json\/wp\/v2\/types\/page"}],"author":[{"embeddable":true,"href":"https:\/\/yachtcharter-connection.com\/de\/wp-json\/wp\/v2\/users\/11"}],"replies":[{"embeddable":true,"href":"https:\/\/yachtcharter-connection.com\/de\/wp-json\/wp\/v2\/comments?post=121"}],"version-history":[{"count":7,"href":"https:\/\/yachtcharter-connection.com\/de\/wp-json\/wp\/v2\/pages\/121\/revisions"}],"predecessor-version":[{"id":26089,"href":"https:\/\/yachtcharter-connection.com\/de\/wp-json\/wp\/v2\/pages\/121\/revisions\/26089"}],"wp:attachment":[{"href":"https:\/\/yachtcharter-connection.com\/de\/wp-json\/wp\/v2\/media?parent=121"}],"curies":[{"name":"wp","href":"https:\/\/api.w.org\/{rel}","templated":true}]}}