{"id":122,"date":"2014-05-19T23:15:45","date_gmt":"2014-05-19T23:15:45","guid":{"rendered":"http:\/\/yachtcharter-connection.com.w01e47c6.kasserver.com\/luxusyachten-kabinencharter\/"},"modified":"2016-10-29T18:54:43","modified_gmt":"2016-10-29T16:54:43","slug":"luxusyachten-kabinencharter","status":"publish","type":"page","link":"https:\/\/yachtcharter-connection.com\/de\/luxusyachten-kabinencharter\/","title":{"rendered":"Luxusyachten-Kabinencharter"},"content":{"rendered":"<h3>Yacht Cruising: Luxusyachten-Kabinencharter<\/h3>\n<p>\n<img loading=\"lazy\" class=\"content-image\"  height=\"199\" width=\"300\" src=\"https:\/\/yachtcharter-connection.com\/wp-content\/uploads\/converted_files\/24305\/24305-5656b89a23b9f.jpg\" alt=\"Kabinen-Charter-Luxusyacht Mallorca\" \/>Die sch\u00f6nsten Cruising-Reviere auf&nbsp; <a target=\"_blank\" href=\"~\/mittelmeer\/Yachtcharter_sardinien.html\">Sardinien<\/a> &amp; <a target=\"_blank\" href=\"~\/mittelmeer\/Yachtcharter_ligurien_korsika_toskana_elba.html\">Korsika<\/a>, <a target=\"_blank\" href=\"https:\/\/yachtcharter-connection.com\/wp-content\/uploads\/converted_files\/24305\/24305-5656b89d963d4.jpg\">Mallorca<\/a>, <a target=\"_blank\" href=\"~\/Yachtcharter_kroatien.html\">Kroatien<\/a>, <a target=\"_blank\" href=\"~\/Yachtcharter_montenegro.html\">Montenegro<\/a>, <a href=\"~\/Artikel\/Yachting-Szene_Dubai.html\">Dubai<\/a>, Oman, und auf den<a target=\"_blank\" href=\"~\/Yachtcharter_malediven.html\"> Malediven<\/a> entdecken und dabei das noble Ambiente einer luxuri\u00f6sen Motoryacht genie\u00dfen &ndash; exklusives Yacht Cruising ist jetzt auch per Charter von einzelnen Kabinen m\u00f6glich. Umgeben von einer aufmerksamen Crew, die stets zur Stelle ist um W\u00fcnsche zu erf\u00fcllen, aber sich zur\u00fcckzieht wenn Sie sich selbst gen\u00fcgen.<\/p>\n<p>F\u00fcr das neue Programm stehen exklusive Flybridge-Yachten mit jeweils 3 G\u00e4stekabinen zur Verf\u00fcgung. Die Yachten verf\u00fcgen \u00fcber allen Komfort, Klimaanlage, moderne Unterhaltungselektronik und Wassersport-Ger\u00e4te. Die genaue Beschreibungen der Yachten senden wir Ihnen gern auf Anfrage.<\/p>\n<p><b>Sardinien \/ Korsika:<\/b> 70 Fu\u00df-Yacht mit Flybridge &ndash; Customyacht von Futura Yachts UK, mit mehreren Tendern und Water toys<\/p>\n<p><b>Mallorca:<\/b> 72-Fuss-Yacht Montefino<\/p>\n<p><b>Kroatien:<\/b> Sunseeker Manhattan 64 mit Wasserski, Jetski, etc.<\/p>\n<p><b>Montenegro:<\/b> 72 Fuss Custom built Yacht<\/p>\n<p><b>Dubai: <\/b>Azimut 16 Meter<\/p>\n<p><img loading=\"lazy\" class=\"content-image\"  height=\"200\" width=\"300\" src=\"https:\/\/yachtcharter-connection.com\/wp-content\/uploads\/converted_files\/24305\/24305-5656b8a145f37.jpg\" alt=\"Dubai-Creek\" \/>&nbsp; <img loading=\"lazy\" class=\"content-image\"  height=\"225\" width=\"300\" src=\"https:\/\/yachtcharter-connection.com\/wp-content\/uploads\/converted_files\/24305\/24305-5656b8a26ac96.jpg\" alt=\"\" \/><br \/>\nGegens\u00e4tze im Nahen Osten &#8211; Dubai Creek und Fischer im Oman<\/p>\n<p>\n<b>Malediven:<\/b> 105 Fuss Yacht mit zwei Decks plus Flybridge und komplettem Tauchcenter<\/p>\n<p><img loading=\"lazy\" class=\"content-image\"  height=\"199\" width=\"300\" src=\"https:\/\/yachtcharter-connection.com\/wp-content\/uploads\/converted_files\/24305\/24305-5656b8a3a728a.jpg\" alt=\"Kabinen-Charter auf Luxusyacht in den Malediven\" \/><\/p>\n<p>\nDie Yachten k\u00f6nnen auch komplett wochenweise oder Tageweise gechartert werden &ndash; die Yacht mit 3 Kabinen f\u00fcr 6 Personen kostet inclusive Skipper und Stewardess je nach Saison zwischen 3000 und 5000 Euro pro Tag.<\/p>\n<p>\n<b>Preisbeispiele f\u00fcr Kabinencharter 2009<\/b>: 1 Woche Sardinien ab 3.990 Euro pro Person, 1 Woche Golfen am Golf i Dubai ab 8.340 Euro pro Person &ndash; Verpflegung,Transfers, Ausfl\u00fcge etc inklusive. Genaue Termine, Routenbeschreibungen und Schiffsbeschreibungen senden wir Ihnen gern auf Anfrage zu.<\/p>\n<h3>Cruising &amp; Golf in Dubai, Mallorca und Sardinien<\/h3>\n<p>\nMit den kombinierten Golf &amp; Yachtrouten k\u00f6nnen passionierte Golfer die Cruise genie\u00dfen und dabei auf den sch\u00f6nsten Golfpl\u00e4tzen auf Mallorca, Sardinien &amp; Korsika und in Dubai spielen.<\/p>\n<p>Bordsprache ist englisch, teilweise wird auch deutsch gesprochen.<\/p>\n","protected":false},"excerpt":{"rendered":"<p>Yacht Cruising: Luxusyachten-Kabinencharter Die sch\u00f6nsten Cruising-Reviere auf&nbsp; Sardinien &amp; Korsika, Mallorca, Kroatien, Montenegro, Dubai, Oman, und auf den Malediven entdecken und dabei das noble Ambiente einer luxuri\u00f6sen Motoryacht genie\u00dfen &ndash; exklusives Yacht Cruising ist jetzt auch per Charter von einzelnen Kabinen m\u00f6glich. Umgeben von einer aufmerksamen Crew, die stets zur<\/p>\n","protected":false},"author":11,"featured_media":0,"parent":0,"menu_order":0,"comment_status":"open","ping_status":"open","template":"","meta":[],"aioseo_notices":[],"_links":{"self":[{"href":"https:\/\/yachtcharter-connection.com\/de\/wp-json\/wp\/v2\/pages\/122"}],"collection":[{"href":"https:\/\/yachtcharter-connection.com\/de\/wp-json\/wp\/v2\/pages"}],"about":[{"href":"https:\/\/yachtcharter-connection.com\/de\/wp-json\/wp\/v2\/types\/page"}],"author":[{"embeddable":true,"href":"https:\/\/yachtcharter-connection.com\/de\/wp-json\/wp\/v2\/users\/11"}],"replies":[{"embeddable":true,"href":"https:\/\/yachtcharter-connection.com\/de\/wp-json\/wp\/v2\/comments?post=122"}],"version-history":[{"count":1,"href":"https:\/\/yachtcharter-connection.com\/de\/wp-json\/wp\/v2\/pages\/122\/revisions"}],"predecessor-version":[{"id":13527,"href":"https:\/\/yachtcharter-connection.com\/de\/wp-json\/wp\/v2\/pages\/122\/revisions\/13527"}],"wp:attachment":[{"href":"https:\/\/yachtcharter-connection.com\/de\/wp-json\/wp\/v2\/media?parent=122"}],"curies":[{"name":"wp","href":"https:\/\/api.w.org\/{rel}","templated":true}]}}