{"id":124,"date":"2014-05-19T23:21:59","date_gmt":"2014-05-19T23:21:59","guid":{"rendered":"http:\/\/yachtcharter-connection.com.w01e47c6.kasserver.com\/tauch-safari-malediven\/"},"modified":"2016-10-29T17:57:15","modified_gmt":"2016-10-29T15:57:15","slug":"tauch-safari-malediven","status":"publish","type":"page","link":"https:\/\/yachtcharter-connection.com\/de\/tauch-safari-malediven\/","title":{"rendered":"Tauch-Safari Malediven"},"content":{"rendered":"<h3>Tauch-Safari Malediven<\/h3>\n<p>\n<img loading=\"lazy\" class=\"content-image\"  width=\"300\" height=\"145\" alt=\"Motoryacht f\u00fcr Tauchsafari Malediven\" src=\"https:\/\/yachtcharter-connection.com\/wp-content\/uploads\/converted_files\/25010\/25010-5656b8b0b2e24.jpg\" \/>Sie und Ihre Freunde oder Ihre Familie tauchen gern? Hier ist die perfekte Gelegenheit, auf einer eleganten Motoryacht zu cruisen und die sch\u00f6nsten Tauchspots der <a target=\"_blank\" href=\"~\/Yachtcharter_malediven.html\">Malediven<\/a> zu entdecken. Drei bis vier Tauchg\u00e4nge am Tag k\u00f6nnen je nach Wunsch auf dem Programm stehen &#8211; und auf der Tour selbst genie\u00dfen Sie die malerische Umgebung des Archipels im indischen Ozean. <\/p>\n<p>Die Yacht Bolero bietet viel Platz, ist komfortabel ausgestattet und kann f\u00fcr maximal 14 G\u00e4ste gechartert werden. Sie ist perfekt mit allem Tauch-Equipment ausger\u00fcstet, ein PADI Dive Master zeigt Ihnen die faszinierende Unterwasserwelt und Korallenriffe. <\/p>\n<p>Details \u00fcber das Schiff, mehr Fotos und Preise finden Sie unter <a href=\"~\/Yachten\/Luxus_Charteryachten\/Bolero.html\">Luxus-Charteryachten mit Crew \/ Bolero. <\/a><\/p>\n<p><\/p>\n","protected":false},"excerpt":{"rendered":"<p>Tauch-Safari Malediven Sie und Ihre Freunde oder Ihre Familie tauchen gern? Hier ist die perfekte Gelegenheit, auf einer eleganten Motoryacht zu cruisen und die sch\u00f6nsten Tauchspots der Malediven zu entdecken. Drei bis vier Tauchg\u00e4nge am Tag k\u00f6nnen je nach Wunsch auf dem Programm stehen &#8211; und auf der Tour selbst<\/p>\n","protected":false},"author":11,"featured_media":0,"parent":0,"menu_order":0,"comment_status":"open","ping_status":"open","template":"","meta":[],"aioseo_notices":[],"_links":{"self":[{"href":"https:\/\/yachtcharter-connection.com\/de\/wp-json\/wp\/v2\/pages\/124"}],"collection":[{"href":"https:\/\/yachtcharter-connection.com\/de\/wp-json\/wp\/v2\/pages"}],"about":[{"href":"https:\/\/yachtcharter-connection.com\/de\/wp-json\/wp\/v2\/types\/page"}],"author":[{"embeddable":true,"href":"https:\/\/yachtcharter-connection.com\/de\/wp-json\/wp\/v2\/users\/11"}],"replies":[{"embeddable":true,"href":"https:\/\/yachtcharter-connection.com\/de\/wp-json\/wp\/v2\/comments?post=124"}],"version-history":[{"count":1,"href":"https:\/\/yachtcharter-connection.com\/de\/wp-json\/wp\/v2\/pages\/124\/revisions"}],"predecessor-version":[{"id":12919,"href":"https:\/\/yachtcharter-connection.com\/de\/wp-json\/wp\/v2\/pages\/124\/revisions\/12919"}],"wp:attachment":[{"href":"https:\/\/yachtcharter-connection.com\/de\/wp-json\/wp\/v2\/media?parent=124"}],"curies":[{"name":"wp","href":"https:\/\/api.w.org\/{rel}","templated":true}]}}