{"id":126,"date":"2014-04-25T13:09:14","date_gmt":"2014-04-25T13:09:14","guid":{"rendered":"http:\/\/yachtcharter-connection.com.w01e47c6.kasserver.com\/tornvorschlage\/"},"modified":"2017-11-06T14:08:31","modified_gmt":"2017-11-06T12:08:31","slug":"toernvorschlaege","status":"publish","type":"page","link":"https:\/\/yachtcharter-connection.com\/de\/toernvorschlaege\/","title":{"rendered":"T\u00f6rnvorschl\u00e4ge"},"content":{"rendered":"<h1><strong>Yachtcharter T\u00f6rnvorschl\u00e4ge<\/strong><\/h1>\n<p>&nbsp;<\/p>\n<p>Hier finden Sie f\u00fcr einige Segelreviere Vorschl\u00e4ge, die Ihnen die T\u00f6rnplanung f\u00fcr Ihren Charterurlaub erleichtern sollen &#8211; der Bereich wird sukzessive ausgebaut.<\/p>\n<p>&nbsp;<\/p>\n<p><strong>KROATIEN<\/strong><\/p>\n<p><a href=\"https:\/\/yachtcharter-connection.com\/de\/kroatien-kornaten\/\" target=\"_blank\">T\u00f6rnvorschlag Kroatien &#8211; Kornaten<\/a><\/p>\n<p>&nbsp;<\/p>\n<p><strong>BALEAREN<\/strong><\/p>\n<p>Routevorschlag Balearen &#8211; <a href=\"https:\/\/yachtcharter-connection.com\/wp-content\/uploads\/2015\/08\/Mallorca-5-Itineraries.pdf\" target=\"_blank\">5 T\u00f6rns ab Mallorca<\/a><\/p>\n<p>T\u00f6rnvorschl\u00e4ge f\u00fcr 5 verschiedene Routen ab Palma de Mallorca &#8211; F\u00fcr einen Start Ihrer Yachtcharter-Cruise ab anderen H\u00e4fen wie Puerto Pollensa, Portocolom, Puerto de Arenal, Menorca \/ Mah\u00f3n, Ibiza town oder Ibiza San Antonio k\u00f6nnen Sie sie leicht adaptieren. Oder fragen Sie uns nach weiteren Vorschl\u00e4gen.<\/p>\n<p>&nbsp;<\/p>\n<p>SEYCHELLEN<\/p>\n<p><a href=\"https:\/\/yachtcharter-connection.com\/de\/seychellen-routenvorschlag\/\" target=\"_blank\">T\u00f6rnvorschlag Seychellen<\/a><\/p>\n<p>Reiseroute f\u00fcr einen 2-Wochen-T\u00f6rn ab Praslin<\/p>\n","protected":false},"excerpt":{"rendered":"<p>Yachtcharter T\u00f6rnvorschl\u00e4ge &nbsp; Hier finden Sie f\u00fcr einige Segelreviere Vorschl\u00e4ge, die Ihnen die T\u00f6rnplanung f\u00fcr Ihren Charterurlaub erleichtern sollen &#8211; der Bereich wird sukzessive ausgebaut. &nbsp; KROATIEN T\u00f6rnvorschlag Kroatien &#8211; Kornaten &nbsp; BALEAREN Routevorschlag Balearen &#8211; 5 T\u00f6rns ab Mallorca T\u00f6rnvorschl\u00e4ge f\u00fcr 5 verschiedene Routen ab Palma de Mallorca &#8211;<\/p>\n","protected":false},"author":11,"featured_media":0,"parent":0,"menu_order":0,"comment_status":"open","ping_status":"open","template":"","meta":[],"aioseo_notices":[],"_links":{"self":[{"href":"https:\/\/yachtcharter-connection.com\/de\/wp-json\/wp\/v2\/pages\/126"}],"collection":[{"href":"https:\/\/yachtcharter-connection.com\/de\/wp-json\/wp\/v2\/pages"}],"about":[{"href":"https:\/\/yachtcharter-connection.com\/de\/wp-json\/wp\/v2\/types\/page"}],"author":[{"embeddable":true,"href":"https:\/\/yachtcharter-connection.com\/de\/wp-json\/wp\/v2\/users\/11"}],"replies":[{"embeddable":true,"href":"https:\/\/yachtcharter-connection.com\/de\/wp-json\/wp\/v2\/comments?post=126"}],"version-history":[{"count":4,"href":"https:\/\/yachtcharter-connection.com\/de\/wp-json\/wp\/v2\/pages\/126\/revisions"}],"predecessor-version":[{"id":25755,"href":"https:\/\/yachtcharter-connection.com\/de\/wp-json\/wp\/v2\/pages\/126\/revisions\/25755"}],"wp:attachment":[{"href":"https:\/\/yachtcharter-connection.com\/de\/wp-json\/wp\/v2\/media?parent=126"}],"curies":[{"name":"wp","href":"https:\/\/api.w.org\/{rel}","templated":true}]}}