{"id":128,"date":"2009-03-13T09:36:48","date_gmt":"2009-03-13T09:36:48","guid":{"rendered":"http:\/\/yachtcharter-connection.com.w01e47c6.kasserver.com\/seychellen\/"},"modified":"2017-11-06T14:05:33","modified_gmt":"2017-11-06T12:05:33","slug":"seychellen-routenvorschlag","status":"publish","type":"page","link":"https:\/\/yachtcharter-connection.com\/de\/seychellen-routenvorschlag\/","title":{"rendered":"Seychellen"},"content":{"rendered":"<h1><strong>Yachtcharter Seychellen &#8211; Routenvorschlag<\/strong><\/h1>\n<p>T\u00f6rndauer: 2 Wochen<\/p>\n<p><b><img loading=\"lazy\" class=\"content-image\" src=\"https:\/\/yachtcharter-connection.com\/wp-content\/uploads\/converted_files\/25815\/25815-5656b8b806d10.jpg\" alt=\"\" width=\"300\" height=\"190\" \/>1. Tag:<\/b><br \/>\nNach Ankunft am Flughafen geringe Menge Bargeld ( ca. 100 Euro pro Person) umtauschen. &#8211;\u00a0 Umtauschbeleg aufbewahren wegen eventuellem R\u00fccktausch.. Transfer mit Taxi zur Jetty. \u00dcberfahrt nach Praslin (etwa 3 Stunden), technische Einweisung, Check-in, Verpflegungsbeladung. Abendessen in der N\u00e4he der Basis in einem kleinen Restaurant.<\/p>\n<p><b>2. Tag:<\/b><br \/>\nAuslaufen nach Coco Island\u00a0 &#8211; vorbei an La Digue ( Schnorcheln\/Baden), am Nachmittag\u00a0 zur Cote d\u2019Or auf Praslin.\u00a0 Nachtliegeplatz ca. 5 Kabell\u00e4ngen vom Strand, S 04 18,20\u2019 E 055 44,40\u2019, Mouliage de Chauve Souris. Dinghi-Transfer\u00a0 zum Strand. Abendessen entweder Caf\u00e9 des Arts ( Vorbestellung ) oder etwas weiter s\u00fcdlich, dort wo die lokalen Fischerboote liegen, in einem\u00a0 Strandrestaurant unter Palmen.<\/p>\n<p><b>3. Tag:<\/b><br \/>\nAuslaufen nach Curieuse, Ankerplatz S 04 17,20\u2019 E 055\u201943,30, Landgang zu den Schildkr\u00f6ten und zur Leprastation,\u00a0 Schnorcheln\/Baden.\u00a0 Weiter zur Anse Lazio (auch Baie de Chevalier genannt) auf Praslin. Sogenannte Traumbuch mit Traumstrand, sehr ruhig zu liegen, aber Vorsicht bei der Dinghilandung (Grundschwell). Abendessen an Bord oder im Restaurant Bonbon Plume (nur auf Vorbestellung durch die Basis).<\/p>\n<p><b>4. Tag<\/b><br \/>\nAuslaufen zur Vogelinsel Cousin, Ankerplatz S 04 19,90\u2019 E 055 39,90, Ankunft dort bis 09:30h, \u00fcber VHF 16 bei den Rangern anmelden und um Transfer bitten, F\u00fchrung sehr interessant. Gegen Mittag weiter entlang der Westk\u00fcste von Praslin ( Riffkante! ) zur Insel La Digue. Ankerplatz vor dem Hafen La Passe S 04 20,80\u2019 E 055 49,60\u2019, nicht durch die Einfahrt zwischen den Wellenbrechern fahren oder nur mit ausdr\u00fccklicher Genehmigung des Hafenmeisters. Dinghitransfer. Abendessen an Bord oder in einem kleinen Restaurant an der Dorfstrasse. La Digue hat auch einen Supermarkt, ist aber sonst sehr ruhig und romantisch.<\/p>\n<p><b>5. Tag<\/b><br \/>\nLandgang auf La Digue. Mit dem Fahrrad (Verleih an der Jetty) oder dem Ochsenkarren durch die Plantage am Ende der Dorfstrasse zum Traumstrand Source d\u2019Argent. Eventuelll. \u00fcber den H\u00fcgel zur Ostk\u00fcste, sehr sch\u00f6ne Str\u00e4nde.<\/p>\n<p><b>6. Tag<\/b>:<br \/>\nAuslaufen zur Bay St. Anne auf Praslin (Basis), Wasser bunkern (!), Ausflug mit dem Taxi zum Vallee de Mai: sehr sehenswertes Tal mit den ber\u00fchmten Coco de Mer-almen. Am fr\u00fchen Nachmittag auslaufen mit raumen Wind in den Sonnenuntergang zur\u00fcck zur Anse Lazio.<\/p>\n<p><b>7. Tag:<\/b><br \/>\nAuslaufen\u00a0 mit Kurs Insel Silhouette, falls gen\u00fcgend Zeit bleibt, vorher noch Abstecher zur Insel North Island. An der Nordk\u00fcste von Silhouette liegt winziger gesch\u00fctzter Einschnitt, die Anse Mondon: S 04 27,85\u2019 E 055 13,20. \u00dcbernachtung.<\/p>\n<p><b>8. Tag:<\/b><br \/>\nAuslaufen mit Kurs Westk\u00fcste Mahe. Besonders empfehlenswert f\u00fcr eine ruhige Nacht Port Launay S 04 39,00\u2019 E 055 23,85\u2019. Keine Versorgungsm\u00f6glichkeit.<\/p>\n<p><b>9. bis 10. Tag<\/b>:<br \/>\nErkundung der Buchten an der Wetsk\u00fcste von Mahe, vgl T\u00f6rnf\u00fchrer.<\/p>\n<p><b>11. Tag:<\/b><br \/>\nBadestopp in der Anse Major, einem kleinen Einschnitt an der Nordk\u00fcste von Mahe, S 04\u00a0 37,21\u2019 E\u00a0 55 23,05\u2019. Zum Schorcheln und Baden auch sehr sch\u00f6n : die Baie Ternay an der NW-Huk von Mahe. Entweder \u00dcbernachtung hier oder 2sm weiter in der Beau Vallon Bucht. S 04 36,35\u2019 E 055 25,80\u2019. An Land verschiedene Restaurants u. a. das \u201eBoathouse\u201c.<\/p>\n<p><b>12. Tag:<\/b><br \/>\nAuslaufen zum St. Anne Marine Park vor Victoria Harbour. Ankerplatz vor Round Island an der Riffkante.\u00a0 Ansteuerung von Norden : S 04 35,45\u2019\u00a0 E055 31,20\u2019.<\/p>\n<p>Au\u00dfer in der Basis in Bay St. Anne auf Praslin und in Victoria Harbour auf Mahe gibt es keine Piers oder Steganlagen, alle Transfers an Land finden mit dem Dinghi statt. Wasser kann ebenfalls nur in Bay St. Anne und in Victoria\u00a0 Harbour gebunkert werden.<\/p>\n<p>In der \u201eHauptstadt\u201c Victoria auf Mahe ist das Restaurant \u201e Marie Antoinette\u201c sehr zu empfehlen, gute lokale K\u00fcche.<\/p>\n<p>Bitte bei der aktuellen T\u00f6rnplanung aktuelle \u00c4nderungen vor Ort beachten!<\/p>\n<p><img loading=\"lazy\" class=\"content-image\" src=\"https:\/\/yachtcharter-connection.com\/wp-content\/uploads\/converted_files\/25815\/25815-5656b8b932544.jpg\" alt=\"\" width=\"300\" height=\"197\" \/><\/p>\n","protected":false},"excerpt":{"rendered":"<p>Yachtcharter Seychellen &#8211; Routenvorschlag T\u00f6rndauer: 2 Wochen 1. Tag: Nach Ankunft am Flughafen geringe Menge Bargeld ( ca. 100 Euro pro Person) umtauschen. &#8211;\u00a0 Umtauschbeleg aufbewahren wegen eventuellem R\u00fccktausch.. Transfer mit Taxi zur Jetty. \u00dcberfahrt nach Praslin (etwa 3 Stunden), technische Einweisung, Check-in, Verpflegungsbeladung. Abendessen in der N\u00e4he der Basis<\/p>\n","protected":false},"author":11,"featured_media":0,"parent":0,"menu_order":0,"comment_status":"open","ping_status":"open","template":"","meta":[],"aioseo_notices":[],"_links":{"self":[{"href":"https:\/\/yachtcharter-connection.com\/de\/wp-json\/wp\/v2\/pages\/128"}],"collection":[{"href":"https:\/\/yachtcharter-connection.com\/de\/wp-json\/wp\/v2\/pages"}],"about":[{"href":"https:\/\/yachtcharter-connection.com\/de\/wp-json\/wp\/v2\/types\/page"}],"author":[{"embeddable":true,"href":"https:\/\/yachtcharter-connection.com\/de\/wp-json\/wp\/v2\/users\/11"}],"replies":[{"embeddable":true,"href":"https:\/\/yachtcharter-connection.com\/de\/wp-json\/wp\/v2\/comments?post=128"}],"version-history":[{"count":3,"href":"https:\/\/yachtcharter-connection.com\/de\/wp-json\/wp\/v2\/pages\/128\/revisions"}],"predecessor-version":[{"id":25753,"href":"https:\/\/yachtcharter-connection.com\/de\/wp-json\/wp\/v2\/pages\/128\/revisions\/25753"}],"wp:attachment":[{"href":"https:\/\/yachtcharter-connection.com\/de\/wp-json\/wp\/v2\/media?parent=128"}],"curies":[{"name":"wp","href":"https:\/\/api.w.org\/{rel}","templated":true}]}}