{"id":131,"date":"2014-06-06T19:56:44","date_gmt":"2014-06-06T19:56:44","guid":{"rendered":"http:\/\/yachtcharter-connection.com.w01e47c6.kasserver.com\/turkish-gulets-1\/"},"modified":"2023-09-06T12:37:45","modified_gmt":"2023-09-06T10:37:45","slug":"luxusyachten-gulets-tuerkei","status":"publish","type":"page","link":"https:\/\/yachtcharter-connection.com\/de\/luxusyachten-gulets-tuerkei\/","title":{"rendered":"Luxusyachten und Gulets T\u00fcrkei"},"content":{"rendered":"<h1>Luxusyacht-Charter und Gulet-Charter T\u00fcrkei &#8211; das perfekte T\u00fcrkei-Erlebnis<\/h1>\n<p>Eine der besten M\u00f6glichkeiten, die sch\u00f6nen K\u00fcsten der T\u00fcrkei zu entdecken, die traditionelle Gastfreundschaft des Landes und die antike Geschichte und Kultur, ist ein Charterurlaub auf einer luxuri\u00f6sen Yacht oder einem traditionellen komfortablen t\u00fcrkischen Gulet &#8211; mit Ihrer eigenen Crew, die sich um Ihr Wohlergehen k\u00fcmmert. T\u00fcrkisfarbenes Wasser, traumhafte Buchten, malerische Marktst\u00e4dte und D\u00f6rfer, freundliche Menschen:\u00a0 entdecken Sie das Land und genie\u00dfen Sie gleichzeitig einen luxuri\u00f6sen Lebensstil an Bord.<\/p>\n<table border=\"0\" width=\"550\" cellspacing=\"1\" cellpadding=\"1\">\n<tbody>\n<tr>\n<td>\u00a0<img loading=\"lazy\" class=\"content-image\" src=\"https:\/\/yachtcharter-connection.com\/wp-content\/uploads\/converted_files\/26576\/26576-5656b8707e045.jpg\" alt=\"\" width=\"180\" height=\"137\" \/><\/td>\n<td>\u00a0<img loading=\"lazy\" class=\"content-image\" src=\"https:\/\/yachtcharter-connection.com\/wp-content\/uploads\/converted_files\/26576\/26576-5656b871b6496.jpg\" alt=\"\" width=\"180\" height=\"143\" \/><\/td>\n<td>\u00a0<img loading=\"lazy\" class=\"content-image\" src=\"https:\/\/yachtcharter-connection.com\/wp-content\/uploads\/converted_files\/26576\/26576-5656b8731533b.jpg\" alt=\"\" width=\"170\" height=\"144\" \/><\/td>\n<\/tr>\n<\/tbody>\n<\/table>\n<p>Luxus-Charteryachten &#8211; Motor- und Segelyachten &#8211; und Gulets haben Kabinen mit eigenem Bad, viel Platz an Bord und haben nat\u00fcrlich zus\u00e4tzliche Wassersportausr\u00fcstung an Bord. Die meisten haben nat\u00fcrlich eine Klimaanlage. Gulets bieten mehr Kabinen als typische Luxus-Motoryachten &#8211; so ist das Reisen mit einem gecharterten Gulet ideal f\u00fcr den Urlaub gro\u00dfer Familien, mit all Ihren Freunden oder f\u00fcr Incentives f\u00fcr Kunden oder Ihre Mitarbeiter.<\/p>\n<p><strong>Yachtcharter-St\u00fctzpunkte f\u00fcr fast alle Yachten im S\u00fcdwesten der T\u00fcrkei sind die H\u00e4fen in Bodrum, Marmaris, Fethye und G\u00f6cek, und Ihr Charterurlaub beginnt oder endet in einer dieser St\u00e4dte, oder immer h\u00e4ufiger auch auf den griechischem Inseln Kos oder Rhodos.<\/strong><\/p>\n<p>Der Kapit\u00e4n und die Crew stehen Ihnen jederzeit zur Verf\u00fcgung, um Sie mit allen Ihren Bed\u00fcrfnissen zu versorgen. Der Koch bereitet alle Spezialit\u00e4ten der k\u00f6stlichen t\u00fcrkischen K\u00fcche zu. Normalerweise fahren Sie ungef\u00e4hr vier Stunden am Tag &#8211; und Sie k\u00f6nnen Stunden in sch\u00f6nen Buchten verbringen, Sonne und Meer genie\u00dfen, auf dem Deck sonnen, im klaren Wasser schwimmen, schnorcheln, windsurfen, Wasserski fahren oder einfach nur angeln &#8230;<\/p>\n","protected":false},"excerpt":{"rendered":"<p>Luxusyacht-Charter und Gulet-Charter T\u00fcrkei &#8211; das perfekte T\u00fcrkei-Erlebnis Eine der besten M\u00f6glichkeiten, die sch\u00f6nen K\u00fcsten der T\u00fcrkei zu entdecken, die traditionelle Gastfreundschaft des Landes und die antike Geschichte und Kultur, ist ein Charterurlaub auf einer luxuri\u00f6sen Yacht oder einem traditionellen komfortablen t\u00fcrkischen Gulet &#8211; mit Ihrer eigenen Crew, die sich<\/p>\n","protected":false},"author":11,"featured_media":0,"parent":0,"menu_order":0,"comment_status":"open","ping_status":"open","template":"","meta":[],"aioseo_notices":[],"_links":{"self":[{"href":"https:\/\/yachtcharter-connection.com\/de\/wp-json\/wp\/v2\/pages\/131"}],"collection":[{"href":"https:\/\/yachtcharter-connection.com\/de\/wp-json\/wp\/v2\/pages"}],"about":[{"href":"https:\/\/yachtcharter-connection.com\/de\/wp-json\/wp\/v2\/types\/page"}],"author":[{"embeddable":true,"href":"https:\/\/yachtcharter-connection.com\/de\/wp-json\/wp\/v2\/users\/11"}],"replies":[{"embeddable":true,"href":"https:\/\/yachtcharter-connection.com\/de\/wp-json\/wp\/v2\/comments?post=131"}],"version-history":[{"count":10,"href":"https:\/\/yachtcharter-connection.com\/de\/wp-json\/wp\/v2\/pages\/131\/revisions"}],"predecessor-version":[{"id":30429,"href":"https:\/\/yachtcharter-connection.com\/de\/wp-json\/wp\/v2\/pages\/131\/revisions\/30429"}],"wp:attachment":[{"href":"https:\/\/yachtcharter-connection.com\/de\/wp-json\/wp\/v2\/media?parent=131"}],"curies":[{"name":"wp","href":"https:\/\/api.w.org\/{rel}","templated":true}]}}