{"id":133,"date":"2014-05-19T23:19:32","date_gmt":"2014-05-19T23:19:32","guid":{"rendered":"http:\/\/yachtcharter-connection.com.w01e47c6.kasserver.com\/yachtcharter-galapagos\/"},"modified":"2018-11-25T20:10:50","modified_gmt":"2018-11-25T18:10:50","slug":"yachtcharter-galapagos","status":"publish","type":"page","link":"https:\/\/yachtcharter-connection.com\/de\/yachtcharter-galapagos\/","title":{"rendered":"Yachtcharter Galapagos"},"content":{"rendered":"<h3>Yachtcharter Galapagos &#8211; Yachten mit Crew<\/h3>\n<figure id=\"attachment_7709\" aria-describedby=\"caption-attachment-7709\" style=\"width: 300px\" class=\"wp-caption alignleft\"><img loading=\"lazy\" class=\"size-full wp-image-7709\" src=\"https:\/\/yachtcharter-connection.com\/wp-content\/uploads\/2014\/05\/Galapagos_Islands_Bartolome_Baypict2.jpg\" alt=\"Gorgeous view from peak of hill in the Galapagos Islands\" width=\"300\" height=\"199\" \/><figcaption id=\"caption-attachment-7709\" class=\"wp-caption-text\">Gorgeous view from peak of hill in the Galapagos Islands<\/figcaption><\/figure>\n<p>Als die Spanier die Galapagos-Inseln 1535 zuf\u00e4llig entdeckten, nannten sie das Archipel \u201eIslas Encantadas\u201c &#8211; verzauberte Inseln. Im 17. Jahrhundert dienten sie Piraten als Unterschlupf. Im 19. Jahrhundert wurden sie wegen nach den dort lebenden Riesenschildkr\u00f6ten in Galapagos umbenannt. Als Ecuador die Inseln in Besitz nahm, wurden sie 1832 auf \u201eArchipel von Ecuador\u201c umgetauft und allm\u00e4hlich friedlich besiedelt. 1835 besuchte der Evolutionsforscher Charles Darwin die Inselgruppe, die aus 14 gr\u00f6\u00dferen und \u00fcber 100 kleinen Inseln besteht.Seit 1892 hei\u00dfen sie nun offiziell \u201eArchipi\u00e9lago de Col\u00f3n\u201c &#8211; Kolumbus-Archipel.<\/p>\n<p>Mittlerweile leben rund 30.000 Einwohner auf Galapagos. Nur f\u00fcnf Inseln sind bewohnt: Santa Cruz, San Cristob\u00e1l, Isabela, Floreana (Santa Maria) und Baltra \u2013 auf dieser Insel, auch Seymour Sur genannt, befindet sich der Flughafen.<\/p>\n<p><img loading=\"lazy\" class=\"content-image\" src=\"https:\/\/yachtcharter-connection.com\/wp-content\/uploads\/converted_files\/27753\/27753-5656b8bb5c2ef.jpg\" alt=\"Yachtcharter Galapagos - endemische Tierarten\" width=\"300\" height=\"179\" \/>Heute gilt Galapagos mit seinen endemischen Tierarten und Pflanzen als einzigartiges \u00d6ko-Paradies. Etwa 80.000 Touristen kommen jedes Jahr, darunter auch Yachtcharter-Urlauber. Bareboat-Yachtcharter gibt es hier allerdings nicht. Im Sinne der Erhaltung des \u00d6kosystems wurde auch der Yachtcharter-Tourismus streng limitiert \u2013 f\u00fcr Yachtcharter stehen exklusive Luxus-Motoryachten und Segelyachten mit Crew zur Verf\u00fcgung. Bitte fragen Sie uns nach Angeboten.<\/p>\n<p>&nbsp;<br \/>\n&nbsp;<br \/>\n&nbsp;<\/p>\n<h3 style=\"text-align: center;\"><span style=\"color: #000000;\"><b>Luxus-Charteryachten Galapagos<\/b><\/span><\/h3>\n<p style=\"text-align: center;\">[fleets max_results=&#8221;15&#8243; sortby=&#8221;3&#8243; location=&#8221;src31&#8243;]<\/p>\n<p style=\"text-align: center;\">\n<h3 style=\"text-align: center;\"><span style=\"color: #000000;\"><b>Suchmaschine f\u00fcr weltweite Luxusyachten<br \/>\n<\/b><\/span><\/h3>\n<p style=\"text-align: center;\">[yacht_search_form]<\/p>\n","protected":false},"excerpt":{"rendered":"<p>Yachtcharter Galapagos &#8211; Yachten mit Crew Als die Spanier die Galapagos-Inseln 1535 zuf\u00e4llig entdeckten, nannten sie das Archipel \u201eIslas Encantadas\u201c &#8211; verzauberte Inseln. Im 17. Jahrhundert dienten sie Piraten als Unterschlupf. Im 19. Jahrhundert wurden sie wegen nach den dort lebenden Riesenschildkr\u00f6ten in Galapagos umbenannt. Als Ecuador die Inseln in<\/p>\n","protected":false},"author":11,"featured_media":0,"parent":0,"menu_order":0,"comment_status":"open","ping_status":"open","template":"","meta":[],"aioseo_notices":[],"_links":{"self":[{"href":"https:\/\/yachtcharter-connection.com\/de\/wp-json\/wp\/v2\/pages\/133"}],"collection":[{"href":"https:\/\/yachtcharter-connection.com\/de\/wp-json\/wp\/v2\/pages"}],"about":[{"href":"https:\/\/yachtcharter-connection.com\/de\/wp-json\/wp\/v2\/types\/page"}],"author":[{"embeddable":true,"href":"https:\/\/yachtcharter-connection.com\/de\/wp-json\/wp\/v2\/users\/11"}],"replies":[{"embeddable":true,"href":"https:\/\/yachtcharter-connection.com\/de\/wp-json\/wp\/v2\/comments?post=133"}],"version-history":[{"count":7,"href":"https:\/\/yachtcharter-connection.com\/de\/wp-json\/wp\/v2\/pages\/133\/revisions"}],"predecessor-version":[{"id":26746,"href":"https:\/\/yachtcharter-connection.com\/de\/wp-json\/wp\/v2\/pages\/133\/revisions\/26746"}],"wp:attachment":[{"href":"https:\/\/yachtcharter-connection.com\/de\/wp-json\/wp\/v2\/media?parent=133"}],"curies":[{"name":"wp","href":"https:\/\/api.w.org\/{rel}","templated":true}]}}