{"id":135,"date":"2014-05-19T23:13:51","date_gmt":"2014-05-19T23:13:51","guid":{"rendered":"http:\/\/yachtcharter-connection.com.w01e47c6.kasserver.com\/segelyachten-kabinencharter\/"},"modified":"2016-10-29T17:57:11","modified_gmt":"2016-10-29T15:57:11","slug":"segelyachten-kabinencharter","status":"publish","type":"page","link":"https:\/\/yachtcharter-connection.com\/de\/segelyachten-kabinencharter\/","title":{"rendered":"Segelyachten-Kabinencharter"},"content":{"rendered":"<p><object width=\"425\" height=\"264\"><param value=\"https:\/\/www.youtube.com\/v\/xC5oXCMOqVk&amp;fs=1&amp;rel=0&amp;enablejsapi=1&amp;color1=0x666666&amp;color2=0xefefef\" name=\"movie\" \/><param value=\"true\" name=\"allowFullScreen\" \/><param value=\"always\" name=\"allowscriptaccess\" \/><param value=\"transparent\" name=\"wmode\" \/><embed width=\"425\" height=\"264\" allowfullscreen=\"allowfullscreen\" allowscriptaccess=\"always\" wmode=\"transparent\" type=\"application\/x-shockwave-flash\" src=\"https:\/\/www.youtube.com\/v\/xC5oXCMOqVk&amp;fs=1&amp;rel=0&amp;enablejsapi=1&amp;color1=0x666666&amp;color2=0xefefef\" \/><\/object><br \/>\n<object width=\"425\" height=\"264\"><param value=\"https:\/\/www.youtube.com\/v\/Y0RCS4Xfn_U&amp;fs=1&amp;rel=0&amp;enablejsapi=1&amp;color1=0x666666&amp;color2=0xefefef\" name=\"movie\" \/><param value=\"true\" name=\"allowFullScreen\" \/><param value=\"always\" name=\"allowscriptaccess\" \/><param value=\"transparent\" name=\"wmode\" \/><embed width=\"425\" height=\"264\" allowfullscreen=\"allowfullscreen\" allowscriptaccess=\"always\" wmode=\"transparent\" type=\"application\/x-shockwave-flash\" src=\"https:\/\/www.youtube.com\/v\/Y0RCS4Xfn_U&amp;fs=1&amp;rel=0&amp;enablejsapi=1&amp;color1=0x666666&amp;color2=0xefefef\" \/><\/object><\/p>\n<p>&nbsp;<\/p>\n<h3>Segelyachten &#8211; Kabinencharter auf Gro\u00df-Seglern<\/h3>\n<p>&nbsp;<\/p>\n<h4><img loading=\"lazy\" class=\"size-full wp-image-7707 alignleft\" src=\"https:\/\/yachtcharter-connection.com\/wp-content\/uploads\/2014\/05\/Kairos1.jpg\" alt=\"Kairos\" width=\"300\" height=\"226\" \/>Klassisch: Segeln mit der Kairos &#8211; Karibik und Mittelmeer<\/h4>\n<p>Segelurlaub wie auf Ihrer privaten Charteryacht, individuell, mit Stil, Komfort und Service: Mit dem 2-Mast-Schoner Kairos, gebaut im traditionellen Stil nach den Linien klassischer Segelyachten mit moderner Technik, k\u00f6nnen Sie Segelreisen in verschiedenen Traumrevieren unternehmen. Entdecken Sie im Sommer die sch\u00f6nsten K\u00fcsten des Mittelmeers und im Winter beim Inselh\u00fcpfen die karibische Segelwelt.Sie k\u00f6nnen bei der Antigua Classic Yacht Regatta mitsegeln, bei Themenreisen Wale beobachten, pures Segeln bei \u00dcberf\u00fchrungst\u00f6rns genie\u00dfen oder auch den Atlantik \u00fcberqueren.<\/p>\n<p>&nbsp;<\/p>\n<p><a href=\"https:\/\/yachtcharter-connection.com\/wp-content\/uploads\/2014\/05\/Stromboli1.jpg\"><img loading=\"lazy\" class=\"size-full wp-image-7706 alignleft\" src=\"https:\/\/yachtcharter-connection.com\/wp-content\/uploads\/2014\/05\/Stromboli1.jpg\" alt=\"Stromboli\" width=\"300\" height=\"196\" \/><\/a>Maximal 18 G\u00e4ste sind bei den Segelreisen dabei, die sich f\u00fcr Einzelbucher, Paare oder Gruppen eignen. Auch Vollcharter, Events und Incentives an Bord sind m\u00f6glich. Ausgangsh\u00e4fen in der Karibik sind &#8211; je nach Termin &#8211; Antigua und St. Lucia, im europ\u00e4ischen Fr\u00fchjahr und Sommer sind Reisen in den sch\u00f6nsten Regionen des Mittelmeers geplant.<\/p>\n<p>Bordsprachen sind deutsch und englisch. Ein kurzer Schnuppert\u00f6rn ist bereits f\u00fcr 850 Euro pro Person in der Doppelkabine, \u00dcberf\u00fchrungs-T\u00f6rns f\u00fcr 1050 Euro und einw\u00f6chige Segelreisen ab 1.350 Euro in der Doppelkabine buchbar &#8211; inklusive Verflegung.<\/p>\n<p>Die Kairos steht auch f\u00fcr Events, Incentives und Vollcharter zur Verf\u00fcgung. Schiffsbeschreibung und mehr Fotos finden Sie hier: <a href=\"\/Yachts\/LuxuryYachts\/Luxury_Yachts\/Kairos.html\">Kairos<\/a><\/p>\n<h4><a href=\"https:\/\/yachtcharter-connection.com\/wp-content\/uploads\/2014\/05\/Chronos-cruising1.jpg\"><img loading=\"lazy\" class=\"size-full wp-image-7704 alignleft\" src=\"https:\/\/yachtcharter-connection.com\/wp-content\/uploads\/2014\/05\/Chronos-cruising1.jpg\" alt=\"Chronos-cruising\" width=\"400\" height=\"380\" srcset=\"https:\/\/yachtcharter-connection.com\/wp-content\/uploads\/2014\/05\/Chronos-cruising1.jpg 400w, https:\/\/yachtcharter-connection.com\/wp-content\/uploads\/2014\/05\/Chronos-cruising1-300x285.jpg 300w\" sizes=\"(max-width: 400px) 100vw, 400px\" \/><\/a>Chronos &#8211; das gr\u00f6ssere Schwesterschiff der Kairos &#8211; kreuzt seit Sommer 2013 durch das Mittelmeer und die Karibik.<\/h4>\n<p>Hier haben bis maximal 36 Passagiere Platz.<\/p>\n<p>Wie auf der Kairos, werden auch auf der Chronos Themenreisen angeboten: vom Mitsegeln bei Klassiker-Regatten wie Les Voiles de St. Tropez oder der Antigua Classic Yacht Regatta, Segeln pur, Whalewatching, Familiensegeln&#8230;<\/p>\n<p>Zahlreiche Karibik-Inseln und viele tolle K\u00fcsten und Reviere des Mittelmeehrs stehen auf dem T\u00f6rnplan &#8211;<a href=\"\/Yachten\/Luxusyachten\/Luxus-Charteryachten_weltweit\/Chronos.html\"> Details zur Chronos <\/a><\/p>\n<p>Auf beiden Schiffen k\u00f6nnen nat\u00fcrlich auch Atlantik-\u00dcberquerungen gebucht werden. Fragen Sie uns nach den T\u00f6rnpl\u00e4nen. Wir beraten Sie gern.<\/p>\n<p><strong>Die Schiffe stehen nicht nur f\u00fcr Mitsegeln in der Karibik und im Mittelmeer zur Verf\u00fcgung, sondern auch f\u00fcr Vollcharter &#8211; rechtzeitiges Planen empfiehlt sich!<\/strong><\/p>\n","protected":false},"excerpt":{"rendered":"<p>&nbsp; Segelyachten &#8211; Kabinencharter auf Gro\u00df-Seglern &nbsp; Klassisch: Segeln mit der Kairos &#8211; Karibik und Mittelmeer Segelurlaub wie auf Ihrer privaten Charteryacht, individuell, mit Stil, Komfort und Service: Mit dem 2-Mast-Schoner Kairos, gebaut im traditionellen Stil nach den Linien klassischer Segelyachten mit moderner Technik, k\u00f6nnen Sie Segelreisen in verschiedenen Traumrevieren<\/p>\n","protected":false},"author":11,"featured_media":0,"parent":0,"menu_order":0,"comment_status":"open","ping_status":"open","template":"","meta":[],"aioseo_notices":[],"_links":{"self":[{"href":"https:\/\/yachtcharter-connection.com\/de\/wp-json\/wp\/v2\/pages\/135"}],"collection":[{"href":"https:\/\/yachtcharter-connection.com\/de\/wp-json\/wp\/v2\/pages"}],"about":[{"href":"https:\/\/yachtcharter-connection.com\/de\/wp-json\/wp\/v2\/types\/page"}],"author":[{"embeddable":true,"href":"https:\/\/yachtcharter-connection.com\/de\/wp-json\/wp\/v2\/users\/11"}],"replies":[{"embeddable":true,"href":"https:\/\/yachtcharter-connection.com\/de\/wp-json\/wp\/v2\/comments?post=135"}],"version-history":[{"count":2,"href":"https:\/\/yachtcharter-connection.com\/de\/wp-json\/wp\/v2\/pages\/135\/revisions"}],"predecessor-version":[{"id":7708,"href":"https:\/\/yachtcharter-connection.com\/de\/wp-json\/wp\/v2\/pages\/135\/revisions\/7708"}],"wp:attachment":[{"href":"https:\/\/yachtcharter-connection.com\/de\/wp-json\/wp\/v2\/media?parent=135"}],"curies":[{"name":"wp","href":"https:\/\/api.w.org\/{rel}","templated":true}]}}