{"id":139,"date":"2015-05-29T20:24:52","date_gmt":"2015-05-29T20:24:52","guid":{"rendered":"http:\/\/yachtcharter-connection.com.w01e47c6.kasserver.com\/luxusyacht-suche\/"},"modified":"2024-01-06T11:40:02","modified_gmt":"2024-01-06T09:40:02","slug":"luxusyacht-suche","status":"publish","type":"page","link":"https:\/\/yachtcharter-connection.com\/de\/luxusyacht-suche\/","title":{"rendered":"Luxusyacht-Suche"},"content":{"rendered":"<h2>Luxus-Charteryachten &#8211; Yachtsuche<\/h2>\n<p>Hier k\u00f6nnen Sie nach der Traumyacht f\u00fcr Ihren Urlaub suchen, nach Luxusyachten mit Crew aller Art: Segelyachten, Motoryachten, Katamarane und Motorsegler im Mittelmeer, in der Karibik und\u00a0 anderen wundersch\u00f6nen K\u00fcstenregionen. Oder teilen Sie uns einfach Ihre W\u00fcnsche mit &#8211; gerne schicken wir Ihnen Angebote zu und beraten Sie bei der Auswahl der passenden Yacht und auch bei der Routenplanung.<\/p>\n<p style=\"text-align: center;\"><iframe loading=\"lazy\" id=\"quickSearch\" style=\"overflow: hidden; height: 750px;\" src=\"https:\/\/www.booking-manager.com\/wbm2\/page.html?companyid=662&amp;target=result&amp;setlang=de&amp;filter_service_type=Crewed\" width=\"100%\" height=\"300\" frameborder=\"0\" scrolling=\"auto\"><\/iframe><\/p>\n","protected":false},"excerpt":{"rendered":"<p>Luxus-Charteryachten &#8211; Yachtsuche Hier k\u00f6nnen Sie nach der Traumyacht f\u00fcr Ihren Urlaub suchen, nach Luxusyachten mit Crew aller Art: Segelyachten, Motoryachten, Katamarane und Motorsegler im Mittelmeer, in der Karibik und\u00a0 anderen wundersch\u00f6nen K\u00fcstenregionen. Oder teilen Sie uns einfach Ihre W\u00fcnsche mit &#8211; gerne schicken wir Ihnen Angebote zu und beraten<\/p>\n","protected":false},"author":11,"featured_media":0,"parent":0,"menu_order":0,"comment_status":"open","ping_status":"open","template":"","meta":[],"aioseo_notices":[],"_links":{"self":[{"href":"https:\/\/yachtcharter-connection.com\/de\/wp-json\/wp\/v2\/pages\/139"}],"collection":[{"href":"https:\/\/yachtcharter-connection.com\/de\/wp-json\/wp\/v2\/pages"}],"about":[{"href":"https:\/\/yachtcharter-connection.com\/de\/wp-json\/wp\/v2\/types\/page"}],"author":[{"embeddable":true,"href":"https:\/\/yachtcharter-connection.com\/de\/wp-json\/wp\/v2\/users\/11"}],"replies":[{"embeddable":true,"href":"https:\/\/yachtcharter-connection.com\/de\/wp-json\/wp\/v2\/comments?post=139"}],"version-history":[{"count":11,"href":"https:\/\/yachtcharter-connection.com\/de\/wp-json\/wp\/v2\/pages\/139\/revisions"}],"predecessor-version":[{"id":30944,"href":"https:\/\/yachtcharter-connection.com\/de\/wp-json\/wp\/v2\/pages\/139\/revisions\/30944"}],"wp:attachment":[{"href":"https:\/\/yachtcharter-connection.com\/de\/wp-json\/wp\/v2\/media?parent=139"}],"curies":[{"name":"wp","href":"https:\/\/api.w.org\/{rel}","templated":true}]}}