{"id":140,"date":"2014-06-06T19:49:55","date_gmt":"2014-06-06T19:49:55","guid":{"rendered":"http:\/\/yachtcharter-connection.com.w01e47c6.kasserver.com\/balearen\/"},"modified":"2023-09-06T12:44:22","modified_gmt":"2023-09-06T10:44:22","slug":"luxusyachten-mallorca-ibiza-balearen","status":"publish","type":"page","link":"https:\/\/yachtcharter-connection.com\/de\/luxusyachten-mallorca-ibiza-balearen\/","title":{"rendered":"Luxusyachten Mallorca &#038; Ibiza \/ Balearen"},"content":{"rendered":"<h2><strong>Yachtcharter Luxusyachten Mallorca &#8211; Ibiza \/ Balearen<\/strong><\/h2>\n<p>Die Balearen mit den Inseln Mallorca und Ibiza sowie Formentera sind ein wundersch\u00f6nes und sehr beliebtes Cruising-Revier f\u00fcr Luxusyachten. In Spanien ben\u00f6tigen Yachten eine spezielle Charterlizenz. Deswegen gibt es &#8211; verglichen mit Frankreich, Italien oder dem \u00f6stlichen Mittelmeer &#8211; nur eine begrenzte Anzahl an Luxusyachten mit Crew, die eine Lizenz f\u00fcr die Balearen haben. Die meisten davon haben ihren Heimathafen in Palma de Mallorca oder in Port Adriano im S\u00fcdwesten Mallorcas, einige auch in Ibiza, zum Beispeil in der Marina Botafoch. Nat\u00fcrlich stehen die Yachten aus Mallorca auch f\u00fcr Charter nach Menorca oder nach bzw. ab Ibiza verf\u00fcgbar. Hier finden Sie weitere <strong><a href=\"https:\/\/yachtcharter-connection.com\/mittelmeer\/Yachtcharter_balearen_mallorca_menorca_ibiza.html\">Informationen zum Cruising-Revier Balearen mit Mallorca und Ibiza.<\/a><\/strong><\/p>\n<p>&nbsp;<\/p>\n<p><a href=\"\/de\/yacht-list\/luxusyachten-mallorca-ibiza\/\" target=\"_blank\" rel=\"noopener noreferrer\"><strong>Luxuyachten Balearen &#8211; Selection<\/strong><\/a><\/p>\n<p><strong><span style=\"text-decoration: underline;\"><a href=\"\/de\/yacht-list\/luxusyachten-mallorca-ibiza\/\" target=\"_blank\" rel=\"noopener noreferrer\">Hier<\/a> <\/span><a href=\"\/de\/yacht-list\/luxusyachten-mallorca-ibiza\/\" target=\"_blank\" rel=\"noopener noreferrer\"><span style=\"text-decoration: underline;\">zeigen wir Ihnen eine kleine Auswahl von Luxusyachten mit Crew, die eine Lizenz f\u00fcr Charter auf den Balearen haben<\/span>.<\/a> Bitte fragen Sie uns nach Angeboten zu diesen und weiteren Luxusyachten &#8211; gern organsisieren wir Ihren Traumurlaub an Bord in Mallorca, Ibiza und Formentera.<\/strong><\/p>\n<p>&nbsp;<\/p>\n<h3 style=\"text-align: center;\"><span style=\"color: #000000;\"><b>Luxus-Charteryachten Balearen<\/b><\/span><\/h3>\n<p style=\"text-align: center;\">[fleets max_results=&#8221;15&#8243; sortby=&#8221;3&#8243; location=&#8221;src15&#8243;]<\/p>\n<p>&nbsp;<\/p>\n<p><a href=\"https:\/\/yachtcharter-connection.com\/wp-content\/uploads\/2014\/06\/Luxury-Yachts-Balearic-Islands.jpg\"><img loading=\"lazy\" class=\"alignleft size-full wp-image-24252\" src=\"https:\/\/yachtcharter-connection.com\/wp-content\/uploads\/2014\/06\/Luxury-Yachts-Balearic-Islands.jpg\" alt=\"Luxury-Yachts-Balearic-Islands\" width=\"800\" height=\"538\" srcset=\"https:\/\/yachtcharter-connection.com\/wp-content\/uploads\/2014\/06\/Luxury-Yachts-Balearic-Islands.jpg 800w, https:\/\/yachtcharter-connection.com\/wp-content\/uploads\/2014\/06\/Luxury-Yachts-Balearic-Islands-300x202.jpg 300w, https:\/\/yachtcharter-connection.com\/wp-content\/uploads\/2014\/06\/Luxury-Yachts-Balearic-Islands-768x516.jpg 768w\" sizes=\"(max-width: 800px) 100vw, 800px\" \/><\/a><\/p>\n<style type=\"text\/css\">\n       .errordiv { padding:10px; margin:10px; border: 1px solid #555555;color: #000000;background-color: #f8f8f8; width:500px; }#advanced_iframe {visibility:visible;opacity:1;vertical-align:top;}.ai-info-bottom-iframe { position: fixed; z-index: 10000; bottom:0; left: 0; margin: 0px; text-align: center; width: 100%; background-color: #ff9999; padding-left: 5px;padding-bottom: 5px; border-top: 1px solid #aaa } a.ai-bold {font-weight: bold;}#ai-layer-div-advanced_iframe p {height:100%;margin:0;padding:0}#advanced_iframe { visibility:hidden; } \n  .ai-fullscreen {\n    position:fixed;\n\tz-index:9000 !important;\n\ttop:0px !important;\n\tleft:0px !important;\n\tmargin:0px !important;\n\twidth:100% !important;\n\theight:100% !important;\n  }<\/style>\n<p><script type=\"text\/javascript\">var ai_iframe_width_advanced_iframe = 0;var ai_iframe_height_advanced_iframe = 0;var aiIsIe8=false;var aiEnableCookie=true; aiId=\"advanced_iframe\";var aiOnloadScrollTop=\"true\";var aiShowDebug=false;\n\t\tif (typeof aiReadyCallbacks === 'undefined') {\n\t\t\tvar aiReadyCallbacks = [];  \n\t\t} else if (!(aiReadyCallbacks instanceof Array)) {\n\t\t\tvar aiReadyCallbacks = [];\n\t\t}    function aiShowIframeId(id_iframe) { jQuery(\"#\"+id_iframe).css(\"visibility\", \"visible\");    }    function aiResizeIframeHeight(height) { aiResizeIframeHeight(height,advanced_iframe); }    function aiResizeIframeHeightId(height,width,id) {aiResizeIframeHeightById(id,height);}var hide_iframe_loading_advanced_iframe = function() {\n\t\t\tjQuery(\"#advanced_iframe\").css(\"visibility\",\"hidden\");\n\t\t };function ai_hide_iframe_loading_advanced_iframe(element) {\n\t\t\ttry {\n\t\t\t  element.contentWindow.onunload = hide_iframe_loading_advanced_iframe; \n\t\t\t} catch (e) {}\n\t\t }function aiModifyIframe_advanced_iframe() { try {jQuery('#advanced_iframe').contents().find('#wpadminbar,div.bg-black,nav.main-nav,section.content-block.contact-1.acua-bg,div.copyright-bar-2').css('display', 'none').css('width', '0').css('height','0');} catch(e) {  if (console) {    if (console.error) {      console.error(\"Advanced iframe configuration error: You have enabled the modification of the iframe for pages on the same domain. But you use an iframe page on a different domain. You need to use the pro version of external workaround like described in the settings. Also check the next log. There the browser message for this error is displayed.\");       console.log(e);    }  }}}<\/script><iframe id=\"advanced_iframe\"  name=\"advanced_iframe\"  src=\"\/\/yachtcharter-connection.com.\/de\/yacht-list\/luxusyachten-mallorca-ibiza\/\"  width=\"100%\"  height=\"1800px\"  frameborder=\"0\"  allowtransparency=\"true\"  loading=\"lazy\"  style=\";width:100%;height:1800px;\"  onload='aiModifyIframe_advanced_iframe();;aiResizeIframe(this, &quot;false&quot;,&quot;1&quot;);jQuery(&quot;#advanced_iframe&quot;).css(&quot;visibility&quot;, &quot;visible&quot;);ai_hide_iframe_loading_advanced_iframe(this)' ><\/iframe><script type=\"text\/javascript\">var ifrm_advanced_iframe = document.getElementById(\"advanced_iframe\");var hiddenTabsDoneadvanced_iframe = false;\nfunction resizeCallbackadvanced_iframe() {}if (window.aiUseCookie) { aiUseCookie(); }<\/script><script type=\"text\/javascript\"><\/script><\/p>\n","protected":false},"excerpt":{"rendered":"<p>Yachtcharter Luxusyachten Mallorca &#8211; Ibiza \/ Balearen Die Balearen mit den Inseln Mallorca und Ibiza sowie Formentera sind ein wundersch\u00f6nes und sehr beliebtes Cruising-Revier f\u00fcr Luxusyachten. In Spanien ben\u00f6tigen Yachten eine spezielle Charterlizenz. Deswegen gibt es &#8211; verglichen mit Frankreich, Italien oder dem \u00f6stlichen Mittelmeer &#8211; nur eine begrenzte Anzahl<\/p>\n","protected":false},"author":11,"featured_media":0,"parent":0,"menu_order":0,"comment_status":"open","ping_status":"open","template":"","meta":[],"aioseo_notices":[],"_links":{"self":[{"href":"https:\/\/yachtcharter-connection.com\/de\/wp-json\/wp\/v2\/pages\/140"}],"collection":[{"href":"https:\/\/yachtcharter-connection.com\/de\/wp-json\/wp\/v2\/pages"}],"about":[{"href":"https:\/\/yachtcharter-connection.com\/de\/wp-json\/wp\/v2\/types\/page"}],"author":[{"embeddable":true,"href":"https:\/\/yachtcharter-connection.com\/de\/wp-json\/wp\/v2\/users\/11"}],"replies":[{"embeddable":true,"href":"https:\/\/yachtcharter-connection.com\/de\/wp-json\/wp\/v2\/comments?post=140"}],"version-history":[{"count":13,"href":"https:\/\/yachtcharter-connection.com\/de\/wp-json\/wp\/v2\/pages\/140\/revisions"}],"predecessor-version":[{"id":30431,"href":"https:\/\/yachtcharter-connection.com\/de\/wp-json\/wp\/v2\/pages\/140\/revisions\/30431"}],"wp:attachment":[{"href":"https:\/\/yachtcharter-connection.com\/de\/wp-json\/wp\/v2\/media?parent=140"}],"curies":[{"name":"wp","href":"https:\/\/api.w.org\/{rel}","templated":true}]}}