{"id":141,"date":"2015-06-17T21:46:41","date_gmt":"2015-06-17T21:46:41","guid":{"rendered":"http:\/\/yachtcharter-connection.com.w01e47c6.kasserver.com\/mallorca\/"},"modified":"2016-10-29T18:54:44","modified_gmt":"2016-10-29T16:54:44","slug":"mallorca","status":"publish","type":"page","link":"https:\/\/yachtcharter-connection.com\/de\/mallorca\/","title":{"rendered":"Mallorca"},"content":{"rendered":"<p><img class=\"content-image\"  alt=\"Puerto-Portals-Luxuscharteryachten.jpg\" style=\"width: 150px; height: 88px;\" src=\"https:\/\/yachtcharter-connection.com\/wp-content\/uploads\/converted_files\/33475\/33475-5656b8745710b.jpg\" \/><\/p>\n<p>\n<img class=\"content-image\"  alt=\"Segeln-Bucht-von-Palma.jpg\" style=\"width: 150px; height: 200px;\" src=\"https:\/\/yachtcharter-connection.com\/wp-content\/uploads\/converted_files\/33475\/33475-5656b875585de.jpg\" \/><\/p>\n<p><\/p>\n<h3>Yachtcharter Mallorca<\/h3>\n<p>\n<img class=\"content-image\"  alt=\"Yachtcharter-Palma-de-Mallorca.JPG\" style=\"width: 300px; height: 166px; float: left; margin: auto 8px;\" src=\"https:\/\/yachtcharter-connection.com\/wp-content\/uploads\/converted_files\/33475\/33475-5656b87644684.jpg\" \/>Fast   60.000 Yachtcharter-Touristen kommen j\u00e4hrlich allein nach Mallorca. Die   Vielseitigkeit der Insel bietet ideale Voraussetzungen f\u00fcr den  perfekten  Yachtcharter-T\u00f6rn: Segeln vorbei an rauen Steilk\u00fcsten oder  durch weiten  Bahias mit wei\u00dfen Str\u00e4nden, vorbei an gr\u00fcner  Pinienlandschaft und alten  spanischen Wacht\u00fcrmen, Ankern in  romantischen Calas, Bade- und  Schnorcheltage im glasklaren Wasser,  Action in den Clubs der  Touristenorte oder Shopping in Palma, gut  ausgestattete&nbsp; Marinas oder  Stadth\u00e4fen mit dem Flair vertr\u00e4umter  Fischerd\u00f6rfer&#8230; hier findet jede  Yachtcharter-Crew den pers\u00f6nlichen  Lieblingsplatz. Vor allem aber auch  ihr Traumschiff, denn passionierte  Segler oder luxusverw\u00f6hnte  Motoryacht-Fahrer haben in punktp  Yachtcharter auf Mallorca die Qual der  Wahl: Segelyachten bareboat oder  mit Skipper,&nbsp; Motoryachten vom kleinen  Rib bis zur Luxusyacht mit  kompletter Crew, Tagescharter f\u00fcr Incentives  oder private Events,  Ausflugsschiffe oder klassische Zweimaster f\u00fcr  gr\u00f6\u00dfere Gruppen.<\/p>\n<p><img class=\"content-image\"  alt=\"Yachtcharter-Segelyachten-Mallorca.JPG\" style=\"width: 300px; height: 225px; float: left; margin: auto 8px;\" src=\"https:\/\/yachtcharter-connection.com\/wp-content\/uploads\/converted_files\/33475\/33475-5656b87769524.jpg\" \/>Etwa 40 Sporth\u00e4fen allein auf Mallorca, gro\u00dfe Yachtcharter-Flotten,   attraktive T\u00f6rnziele wie Ibiza, Formentera und Menorca sowie im   Durchschnitt \u00fcber 303 Sonnentage im Jahr bieten den optimalen Rahmen f\u00fcr   Yachtcharter-Urlaub. F\u00fcr Information und Fun sorgen zahlreiche Events   wie der rasant wachsende Sal\u00f3 Nautic Anfang Mai, Pr\u00e4sentationen neuer   Luxusyachten oder Premieren ausgefallener Schiffstypen, auch f\u00fcr   Yachtcharter &#8211;&nbsp; und last not least die immer spannendere und attraktivere   Regattaszene. Die absoluten Highlights aus sportlicher Sicht sind die   Trofeo Princesa Sofia, Palmavela und MedCup, als echter Augenschmaus  f\u00fcr  Yachtcharter- und Segel-Fans aber locken der Superyacht-Cup im Juni  und  die Klassiker-Regatta Trofeo Almirante de Barcelona im August. <\/p>\n<p>Ein sportliches Highlight war auch die bisher schnellste Segelumrundung   Mallorcas, f\u00fcr die die Rennyacht Uca etwas mehr als 17 Stunden  gebraucht  hat. Wer allerdings entspannt auf Yachtcharter-Urlaubst\u00f6rn  geht, sollte  sich mindestens eine Woche, eher noch mehr Zeit dazu  lassen &ndash; zuviel  gibt es f\u00fcr Yachtcharter-Segler &bdquo;round Mallorca&ldquo; auf  etwa 300 Meilen  K\u00fcstenlinie zu entdecken.<\/p>\n<p>Yachtcharter-Crews \u00fcbernehmen ihre Yacht meistens direkt in<a href=\"~\/Yachtcharter_spanien\/mallorca_palma_de_mallorca.html\"> Palma de   Mallorca<\/a>, an den Yachtcharter-St\u00fctzpunkten in <a href=\"~\/Yachtcharter_spanien\/mallorca_ca&amp;rsquo;_n_pastilla.html\">Can Pastilla<\/a>, einem Vorort   von Palma nahe beim Airport, im <a href=\"~\/Yachtcharter_spanien\/mallorca_el_arenal.html\">Puerto El Arenal<\/a>, in<a href=\"~\/Yachtcharter_spanien\/mallorca_cala_d_or.html\"> Cala d&rsquo;Or<\/a> oder <a href=\"~\/Yachtcharter_spanien\/mallorca_portocolom.html\">  Porto Colom<\/a> an der Ostk\u00fcste oder bei den Yachtcharter-Anbietern in <a href=\"~\/Yachtcharter_spanien\/mallorca_puerto_de_alcudia.html\">Puerto   de Alcudia<\/a> oder<a href=\"~\/Yachtcharter_spanien\/mallorca_puerto_pollensa.html\"> Puerto Pollensa<\/a> im Nordosten. Die meisten   Yachtcharter-Basen f\u00fcr Motoryachten gibt es ebenfalls in Palma, im   S\u00fcdwesten in <a href=\"~\/Yachtcharter_spanien\/mallorca_puerto_portals.html\">Puerto Portals<\/a> oder in Port Andratx oder auch ab Cala d&rsquo;Or.   <\/p>\n<h4><strong>Die Bucht von Palma und Cabrera<\/strong><\/h4>\n<p>{^YouTubeVideo|(url)https:\/\/www.youtube.com\/watch?v=T6dR086QZMg|(width)425|(height)264|(fs)1^}<\/p>\n<p>\n<img class=\"content-image\"  alt=\"Luxusyachten-Mallorca.JPG\" style=\"width: 300px; height: 224px; float: left; margin: auto 8px;\" src=\"https:\/\/yachtcharter-connection.com\/wp-content\/uploads\/converted_files\/33475\/33475-5656b88015561.jpg\" \/>Die Bucht von Palma, \u00e4u\u00dferst beliebtes Regatta-Revier und Ausgangspunkt   vieler Yachtcharter-T\u00f6rns, verf\u00fcgt noch \u00fcber eine Reihe weiterer H\u00e4fen:   In s\u00fcdwestlicher Richtung ist Calanova Sitz eines spanischen   F\u00f6rderzentrums f\u00fcr Leistungs-Segler. Von Palma aus s\u00fcd\u00f6stlich befinden   sich mit Puerto de Portixol, Puerto de Molinar und Puerto de Cala Gamba   einige kleinere Fischerh\u00e4fen, bevor in Can Pastilla mit dem Sporthafen   San Antonio de la Playa wieder eine gr\u00f6\u00dfere Marina mit allen f\u00fcr   Yachtcharter&nbsp; wichtigen Service-Einrichtungen liegt. Yachtcharter-Segler   haben hier direkten Zugang zum langen Strand der Playa de Palma, wie   auch in der Marina weiter s\u00fcdlich in El Arenal, die h\u00fcbsch und gepflegt   mit Palmen begr\u00fcnt ist. <\/p>\n<p><img class=\"content-image\"  alt=\"Yachtcharter-Bucht-von-Palma.jpg\" style=\"width: 300px; height: 220px; float: left; margin: auto 8px;\" src=\"https:\/\/yachtcharter-connection.com\/wp-content\/uploads\/converted_files\/33475\/33475-5656b88154acb.jpg\" \/>Hinter Arenal folgt ein K\u00fcstenabschnitt mit   Steilk\u00fcste und Naturschutzgebiet zwischen Cabo Enderrocat und Cabo   Blanco &ndash; oberhalb der K\u00fcste liegen zahlreiche Urbanisationen. Die   S\u00fcdk\u00fcste hinter Cabo Blanco wird wieder flacher. Romantisch, aber im   Sommer oft voll ist die kleine Traumbucht Cala Pi &#8211; Yachtcharter-Crews,   die hier ankern wollen, m\u00fcssen fr\u00fchzeitig einlaufen.&nbsp; Alle   Service-Einrichtungen f\u00fcr Yachtcharter-Urlauber bieten an der S\u00fcdk\u00fcste   die H\u00e4fen von S&rsquo;Estanyol und Sa R\u00e1pita. &nbsp;<\/p>\n<p>Diese sind beim Yachtcharter-T\u00f6rn auch oft letzter Stopp vor der kurzen   \u00dcberfahrt zum Cabrera-Archipel. Diese h\u00f6chst malerische Inselgruppe   steht unter Naturschutz, die Hauptinsel war fr\u00fcher milit\u00e4risches   Gefangenenlager. Heute ist hier wieder urspr\u00fcngliche Natur zu finden,   Schnorchler erfreuen sich am Fischreichtum. Reste des alten Lagers, ein   Museum und eine Festung auf dem Berg k\u00f6nnen besichtigt werden, einen   Drink gibt es in der kleinen Cantina. Am sch\u00f6nsten aber sind auf Cabrera   f\u00fcr Yachtcharter-Crews die N\u00e4chte an einer der Mooringbojen in der   Traumbucht unter dem Sternenhimmel. Die \u00dcbernachtung an der Boje ist   kostenlos, die erforderliche Genehmigung von der Naturschutzbeh\u00f6rde   organisieren die Yachtcharter-Unternehmen gern. <\/p>\n<p>Im westlichen Teil der Bucht von Palma sind die Buchten vor Illetas, die grosse Bucht von Palmanova, die kleine Bucht von Portals neben dem Hafen Puerto Portals und nat\u00fcrlich Portals Vells mit der ber\u00fchmten &quot;Dreifinger-Bucht&quot; beliebte Ankerpl\u00e4tze. Wer nachts nobel liegen mag, kann direkt in Puerto Portals liegen und dort das internationale Hafenflair geniessen.<\/p>\n<h4><b>S\u00fcd- und Ostk\u00fcste Mallorcas<\/b><\/h4>\n<p>\nAn der S\u00fcdk\u00fcste Mallorcas liegt zwischen Sa R\u00e1pita und Colonia San   Jordi&nbsp; der f\u00fcr seine D\u00fcnenlandschaft ber\u00fchmte Strand Es Trenc. Der Hafen   Puerto de Campos, der zur Colonia San Jordi geh\u00f6rt, ist f\u00fcr Yachten   kaum geeignet. Das Hinterland hier ist flach, mit Salinen &ndash; Cabo de   Salinas markiert die S\u00fcdspitze. An der S\u00fcdost- und Ostk\u00fcste erwarten   unz\u00e4hlige romantische Calas die Yachtcharter-Segler, dazwischen immer   sichere H\u00e4fen. Das Hinterland wird bergiger, je weiter man nach Norden   kommt. An der Ostk\u00fcste verl\u00e4uft die Sierra Levant mit H\u00f6hen von bis zu   500 Metern, das flachere Land mit seiner typischen roten Erde im   Inselinneren gilt mit vielen Agrarfincas und typischen Windm\u00fchlen als   Speisekammer der Insel. Wein wird hier \u00fcbriges nicht am Berg, sondern in   der Ebene angebaut.&nbsp; Die bekanntesten Buchten sind die Calas Marmols,   Santanyi, Mondrag\u00f3, Murada, Barcas, Magraner und die Cala de los  Pinos.,  die alle auch bei Yachtcharter-Urlaubern beliebt sind. Der  kleine  Fischerhafen von Cala Figuera ist mit vielen Llauts, Cafes und  Galerien  zauberhaft, aber f\u00fcr Yachten wenig geeignet. In Portopetro  dagegen gibt  es einen Club Nautico und auch einige Gastpl\u00e4tze f\u00fcr  Yachtcharter-Crews &ndash;  gute Restaurants laden hier zum Landgang ein. \u00dcber  Cala d&#8217;Or und Porto  Colom &#8211; in beiden H\u00e4fen gibt es Charterst\u00fctzpunkte &#8211;&nbsp; geht es weiter gen Norden nach Porto Cristo.<\/p>\n<p>Vom Hafen Porto Cristo aus lohnt sich f\u00fcr Yachtcharter-Touristen ein   Besuch der ber\u00fchmten H\u00f6hlen Cuevas del Drac. Der Hafen von Cala Bona   bietet kaum Tiefgang, den n\u00e4chsten sicheren Hafen gen Norden findet man   in Cala Ratjada. Das lebhafte Touristen\u00f6rtchen ist im Sommer bei   deutschen Partyg\u00e4ngern beliebt. In der N\u00e4he des Hafens gibt es jede   Menge Restaurants, Bars und Diskotheken. An der Mole mit wenigen   Gastliegepl\u00e4tzen f\u00fcr Yachtcharter-Seglern st\u00f6rt bisweilen der Schwell,   den die auslaufenden Fischerboote verursachen. Von Cala Ratjada aus   lohnt sich ein Ausflug ins K\u00fcnstlerst\u00e4dtchen Arta. Cala Ratjada ist oft   letzte Station vor der \u00dcberfahrt zur nur 25 Seemeilen entfernten Insel   Menorca.<\/p>\n<p><b>Bahia de Alcudia &ndash; Bahia de Pollensa<\/b><\/p>\n<p><img class=\"content-image\"  style=\"width: 300px; height: 225px; float: left; margin: auto 8px;\" alt=\"Puerto-Alcudia-Strand.JPG\" src=\"https:\/\/yachtcharter-connection.com\/wp-content\/uploads\/converted_files\/33475\/33475-5656b882644bc.jpg\" \/>Im Nordosten Mallorcas pr\u00e4gen weite offene Buchten die Landschaft, oft   mit kilometerweiten Sandstr\u00e4nden. Im Ostteil der Bucht von Alcudia liegt   das kleine \u00d6rtchen Colonia San Pere mit einer hochmodernen Marina. Der   kleine Sporthafen Serra-Nova von Son Serra de Marina wiederum ist f\u00fcr   Yachten mit etwas Tiefgang nicht geeignet, auch in der Einfahrt der   Marina von Can Picafort haben Segler schon Probleme mit zu geringen   Wassertiefen gehabt. In den H\u00e4fen von Puerto Alcudia und Puerto Pollensa   finden Yachtcharter-Crews alles, was das Herz begeht. Nicht gerade   f\u00fcrYachtcharter-G\u00e4ste geeignet sind dagegen die H\u00e4fen von Bon Aire in der   Bucht von Alcudia und Barcar\u00e9s in der Bucht von Pollensa. Die Einfahrt   nach &bdquo;El Cocodrillo&ldquo;, wie Bon Aire auch hei\u00dft, kann problematisch  sein,  Barcar\u00e9s ist mit kleinen Booten voll belegt. <\/p>\n<h4><b>West- und S\u00fcdwestk\u00fcste <\/b><\/h4>\n<p>\n<img class=\"content-image\"  style=\"width: 300px; height: 225px; float: left; margin: auto 8px;\" alt=\"Bucht-von-Santa-Ponsa.jpg\" src=\"https:\/\/yachtcharter-connection.com\/wp-content\/uploads\/converted_files\/33475\/33475-5656b8838decb.jpg\" \/>Der Nordwesten wird gepr\u00e4gt von der Sierra de Tramuntana mit dem   h\u00f6chsten Berg Mallorcas, dem Puig Mayor (1.445 Meter). Die Tramuntana,   ein Gebirge mit steiler K\u00fcste, zieht sich von Cap Formentor bis hin in   den S\u00fcdwesten der Insel.&nbsp; Der Anblick von See aus ist \u00e4u\u00dferst malerisch,   der Zugang aber weder von Land noch von See aus leicht. Einige   malerische Buchten und Ankerpl\u00e4tze sind beim Yachtcharter-T\u00f6rn nur f\u00fcr   k\u00fcrzere Ankerstopps geeignet. Landschaftlich besonders sch\u00f6n ist die   Cala de Sa Calobra, beliebtes Ausflugsziel von Mallorquinern und   Touristen &ndash; hinter hohen Felsen versteckt sich ein kleiner Kiesstrand   mit der M\u00fcndung des Torrent de Pareis. Eine Wanderung durch die Schlucht   des Torrent mit hohen Felsw\u00e4nden ist ein Erlebnis. Zum \u00dcbernachten ist   die nahegelegene Cala Tuent f\u00fcrr Yachtcharter-Crews besser geeignet.  <\/p>\n<p>Der  einzige sichere Hafen an der Westk\u00fcste ist Puerto de Soller. Hier  wurde  der Hafen mit Schwimmstegen erweitert, die Bucht von Soller  bietet auch  Ankerpl\u00e4tze f\u00fcr Yachtcharter-Urlauber und einen im Sommer  belebten  Strand. Der gesamte Ort, inzwischen renoviert und restauriert,  ist wegen  seiner Lage und des attraktiven Panoramas bei Besuchern sehr  beliebt  und durch den &bdquo;Tren de Soller&ldquo;, die alte Zugverbindung nach  Palma  weltbekannt. <\/p>\n<p>Die K\u00fcste zwischen Puerto de Soller und der Dracheninsel &bdquo;Isla   Dragonera&ldquo; wird auch die Costa Brava Mallorquina genannt. Bekanntestes   Photomotiv in diesem Abschnitt ist Sa Foradada, eine hohe nat\u00fcrliche   Felsmauer mit gro\u00dfem Loch darin &ndash; wo sie ins Meer ragt, lockt das   t\u00fcrkisfarbene Wasser unweigerlich zum Anker-Stopp. Ansonsten ist die   Kulisse der Berge bei Deya, Valldemossa, Banyalbufar oder Estellencs   zwar \u00e4u\u00dferst beeinduckend, aber die meistern Yachtcharter-Crews werden   weiterfahren bis zur Cala Basset, gegen\u00fcber der Nordostspitze Dragoneras   gelegen.&nbsp; Dragonera ist unbewohntes Naturschutzgebiet und Nistplatz   sehr vieler V\u00f6gel. Von Sant Elm bzw. San Telmo bringen Ausflugsboote   Spazierg\u00e4nger hin\u00fcber. In der Bucht von Sant Elm liegen   Yachtcharter-Urlauber sicher an Mooringbojen, die Fischrestaurants des   kleinen \u00d6rtchens sind ber\u00fchmt.<\/p>\n<p>Beliebte T\u00f6rnstopps auf der Weiterfahrt nach Palma sind dann die H\u00e4fen von Port Andratx und Santa Ponsa, die Buchten von Cala Llamp und Santa Ponsa sind auch beliebte Ankerpl\u00e4tze. Relativ neues Highlight im S\u00fcdwesten: der Hafen Port Adriano mit vielen Restaurants und Shops auf der von Philippe Stark designten neuen Mole und zahlreichen Superyachten.<\/p>\n","protected":false},"excerpt":{"rendered":"<p>Yachtcharter Mallorca Fast 60.000 Yachtcharter-Touristen kommen j\u00e4hrlich allein nach Mallorca. Die Vielseitigkeit der Insel bietet ideale Voraussetzungen f\u00fcr den perfekten Yachtcharter-T\u00f6rn: Segeln vorbei an rauen Steilk\u00fcsten oder durch weiten Bahias mit wei\u00dfen Str\u00e4nden, vorbei an gr\u00fcner Pinienlandschaft und alten spanischen Wacht\u00fcrmen, Ankern in romantischen Calas, Bade- und Schnorcheltage im glasklaren<\/p>\n","protected":false},"author":11,"featured_media":0,"parent":0,"menu_order":0,"comment_status":"open","ping_status":"open","template":"","meta":[],"aioseo_notices":[],"_links":{"self":[{"href":"https:\/\/yachtcharter-connection.com\/de\/wp-json\/wp\/v2\/pages\/141"}],"collection":[{"href":"https:\/\/yachtcharter-connection.com\/de\/wp-json\/wp\/v2\/pages"}],"about":[{"href":"https:\/\/yachtcharter-connection.com\/de\/wp-json\/wp\/v2\/types\/page"}],"author":[{"embeddable":true,"href":"https:\/\/yachtcharter-connection.com\/de\/wp-json\/wp\/v2\/users\/11"}],"replies":[{"embeddable":true,"href":"https:\/\/yachtcharter-connection.com\/de\/wp-json\/wp\/v2\/comments?post=141"}],"version-history":[{"count":1,"href":"https:\/\/yachtcharter-connection.com\/de\/wp-json\/wp\/v2\/pages\/141\/revisions"}],"predecessor-version":[{"id":13528,"href":"https:\/\/yachtcharter-connection.com\/de\/wp-json\/wp\/v2\/pages\/141\/revisions\/13528"}],"wp:attachment":[{"href":"https:\/\/yachtcharter-connection.com\/de\/wp-json\/wp\/v2\/media?parent=141"}],"curies":[{"name":"wp","href":"https:\/\/api.w.org\/{rel}","templated":true}]}}