{"id":143,"date":"2014-05-04T17:15:15","date_gmt":"2014-05-04T17:15:15","guid":{"rendered":"http:\/\/yachtcharter-connection.com.w01e47c6.kasserver.com\/menorca\/"},"modified":"2016-10-29T18:54:44","modified_gmt":"2016-10-29T16:54:44","slug":"menorca","status":"publish","type":"page","link":"https:\/\/yachtcharter-connection.com\/de\/menorca\/","title":{"rendered":"Menorca"},"content":{"rendered":"<p><img loading=\"lazy\" class=\"content-image\"  width=\"300\" height=\"400\" alt=\"Bucht in Menorca\" src=\"https:\/\/yachtcharter-connection.com\/wp-content\/uploads\/converted_files\/33481\/33481-5656b89696e64.jpg\" \/><\/p>\n<h3>Yachtcharter Menorca<\/h3>\n<p>\n<img class=\"content-image\"  src=\"https:\/\/yachtcharter-connection.com\/wp-content\/uploads\/converted_files\/33481\/33481-5656b897ea0a3.jpg\" alt=\"Yachtcharter-Menorca.jpg\" style=\"width: 300px; height: 200px; float: left; margin: auto 8px;\" \/>Menorca,   die kleinere Schwesterinsel Mallorcas, ist rund 700 Quadratkilometer   gro\u00df und gilt bei Yachtcharter-Crews als vertr\u00e4umter, urspr\u00fcnglicher und   vom Klima her etwas rauer, im Norden oft mit k\u00fchlen Nordwinden. Dort  ist  die Insel von einer flachen H\u00fcgellandschaft durchzogen, h\u00f6chster  Berg  dieser Tramuntana ist der 360 Meter hohe Monte Toro. Offene T\u00e4ler,  wei\u00dfe  H\u00e4user, niedrige Vegetation und schroffe Felsen an der K\u00fcste   kennzeichnen das Landschaftsbild. Die Ebene im Insels\u00fcden ist klimatisch   milder und war schon immer dichter besiedelt. Die gesch\u00fctzten   Naturh\u00e4fen von Mah\u00f3n (Yachtcharter-Basis) und Ciutadella zogen schon im   Altertum Eroberer und Piraten aller V\u00f6lker an, heute   Yachtcharter-Urlauber und Landtouristen. Die Insel geh\u00f6rte lange zu   Gro\u00dfbritannien, manche sprachliche Besonderheiten des einheimischen   Dialekts erinnern noch daran. <\/p>\n<p>Auf Menorca gibt es nur vier H\u00e4fen, mit Yachtcharter-St\u00fctzpunkten direkt   in Mah\u00f3n. Viele Yachtcharter-Crews \u00fcbernehmen ihr Schiff aber in Mallorca   und starten von dort ihren Yachtcharter-T\u00f6rn nach Menorca, meist zuerst   nach Ciutadella &ndash; oder machen einen One-Way-T\u00f6rn und lassen die Yacht   von einem Profiskipper des Yachtcharter-Anbieters zur\u00fcckfahren. <\/p>\n<p><img class=\"content-image\"  style=\"width: 300px; height: 200px; float: left; margin: auto 8px;\" alt=\"Charter-Segelyachten-Menorca.jpg\" src=\"https:\/\/yachtcharter-connection.com\/wp-content\/uploads\/converted_files\/33481\/33481-5656b8990c1f5.jpg\" \/>Ciutadella ist absolut malerisch und w\u00e4hrend des Yachtcharter-T\u00f6rns einen   ausgiebigen Landspaziergang wert. Das Stadtbild ist spanisch mit   arabischen, aber auch gothischen Elementen &ndash; mit engen Gassen,   Kolonnaden und Spitzb\u00f6gen, einer sehenswerten Kathedrale und quirligem   Stadtleben am Hafen und auf der Plaza Borne. Am Hafen, der lang und   schmal in die Stadt hineinragt, gibt es nat\u00fcrlich Promenade und   Restaurantmeile &ndash; wenn die Yachtcharter-Crew Gl\u00fcck mit dem Liegeplatz   hat, k\u00f6nnte die Charteryacht fast direkt vor dem Esstisch liegen. Oft   ist der Hafen, auch F\u00e4hr- und Fischerhafen,&nbsp; aber gerade in den   Sommermonaten sehr voll &ndash; Yachtcharter-Segler, die hier keinen Platz mehr   finden, k\u00f6nnen in die Calas Degollador oder Blanes vor der Einfahrt   ausweichen.<\/p>\n<h4>\nMenorca-T\u00f6rn: Segeln entlang sehenswerter K\u00fcsten &#8211; Ankern in malerischen Buchten<\/h4>\n<p>\nDie Nord- und Nordostk\u00fcste ist von roten Felsh\u00e4ngen und H\u00fcgelketten   gepr\u00e4gt, \u00f6stlich von Cabo Nati folgt eine stille malerische Traumbucht   mit glasklarem Wasser nach der anderen &ndash; mit einem Farbenspiel aus   wei\u00dfem oder gelbem Sandstrand und roten, schwarzen und grauen Felsen.&nbsp;   Manch malerisches Dorf erinnert mit wei\u00dfen H\u00e4uschen an S\u00fcdspanien. Im   Nordwesten ragen die Buchten von Fornells und Addeya fjordartig weit ins   Land hinein. Puerto de Fornells ist nicht nur ein h\u00fcbscher   Fischerhafen, sondern hat auch Platz f\u00fcr die Boote von   Yachtcharter-Urlaubern, in der Bucht gibt es auch einen Ankerplatz hinter   der Isla Sargantana. Reizvoll ist Fornells nicht nur f\u00fcr Maler, f\u00fcr  die  der Hafen beliebtes Motiv ist, sondern auch f\u00fcr Gourmets: Die  frischen  Hummer und die &bdquo;Caldereta de Langosta&ldquo; sind legend\u00e4r. Auch  perfekt f\u00fcr  Yachtcharter-Crews: Sicher, preisg\u00fcnstig und ebenfalls  traumhaft sch\u00f6n  gelegen ist auch der nur wenige Meilen weit entfernte  Puerto de Addeya.<\/p>\n<p>Traumhafte Ankerpl\u00e4tze f\u00fcr einen Stopp w\u00e4hrend des Yachtcharter-T\u00f6rns   gibt es bei der Isla Colom und und dem Fischerdorf Es Grao, mit   D\u00fcnenlandschaft und Schilfsaum an der Lagune Albufera, Naturpark und   Heimat vieler V\u00f6gel&nbsp; Hinter der Cala Mesquida mit kleinem Sandstrand   steigt die K\u00fcste bis zum Fjord von Mah\u00f3n noch einmal auf 80 Meter H\u00f6he   an, bis sie am \u00f6stlichsten Cap Spaniens, dem Punta del Espero, wieder   steil abf\u00e4llt. <\/p>\n<p>Die S\u00fcdk\u00fcste ist felsig, zun\u00e4chst flach, steigt dann gen Westen aber   wieder an und wirkt von weitem wie eine Wand &ndash; mit versteckten kleinen   Calas dazwischen. Erst zwischen Cabo de las Penas und Punta Rubiosa, vor   der Playa de San Bou, wird das Hinterland lieblicher. Im westlichen   Teil der S\u00fcdk\u00fcste folgt wieder eine Bucht auf die andere, im Sommer   alles begehrte Ankerpl\u00e4tze f\u00fcr Yachtcharter-Segler. Pinien wachsen hier   an steilen H\u00e4ngen, in den Felsen gibt es zahlreiche Grotten.<\/p>\n","protected":false},"excerpt":{"rendered":"<p>Yachtcharter Menorca Menorca, die kleinere Schwesterinsel Mallorcas, ist rund 700 Quadratkilometer gro\u00df und gilt bei Yachtcharter-Crews als vertr\u00e4umter, urspr\u00fcnglicher und vom Klima her etwas rauer, im Norden oft mit k\u00fchlen Nordwinden. Dort ist die Insel von einer flachen H\u00fcgellandschaft durchzogen, h\u00f6chster Berg dieser Tramuntana ist der 360 Meter hohe Monte<\/p>\n","protected":false},"author":11,"featured_media":0,"parent":0,"menu_order":0,"comment_status":"open","ping_status":"open","template":"","meta":[],"aioseo_notices":[],"_links":{"self":[{"href":"https:\/\/yachtcharter-connection.com\/de\/wp-json\/wp\/v2\/pages\/143"}],"collection":[{"href":"https:\/\/yachtcharter-connection.com\/de\/wp-json\/wp\/v2\/pages"}],"about":[{"href":"https:\/\/yachtcharter-connection.com\/de\/wp-json\/wp\/v2\/types\/page"}],"author":[{"embeddable":true,"href":"https:\/\/yachtcharter-connection.com\/de\/wp-json\/wp\/v2\/users\/11"}],"replies":[{"embeddable":true,"href":"https:\/\/yachtcharter-connection.com\/de\/wp-json\/wp\/v2\/comments?post=143"}],"version-history":[{"count":1,"href":"https:\/\/yachtcharter-connection.com\/de\/wp-json\/wp\/v2\/pages\/143\/revisions"}],"predecessor-version":[{"id":13529,"href":"https:\/\/yachtcharter-connection.com\/de\/wp-json\/wp\/v2\/pages\/143\/revisions\/13529"}],"wp:attachment":[{"href":"https:\/\/yachtcharter-connection.com\/de\/wp-json\/wp\/v2\/media?parent=143"}],"curies":[{"name":"wp","href":"https:\/\/api.w.org\/{rel}","templated":true}]}}