{"id":144,"date":"2014-05-19T22:25:29","date_gmt":"2014-05-19T22:25:29","guid":{"rendered":"http:\/\/yachtcharter-connection.com.w01e47c6.kasserver.com\/segel-events-mallorca-ibiza\/"},"modified":"2019-06-22T14:10:41","modified_gmt":"2019-06-22T12:10:41","slug":"segel-events-mallorca-ibiza","status":"publish","type":"page","link":"https:\/\/yachtcharter-connection.com\/de\/segel-events-mallorca-ibiza\/","title":{"rendered":"Segel-Events Mallorca &#038; Ibiza"},"content":{"rendered":"<h1><strong>Segel-Events Mallorca &amp; Ibiza \/ Balearen<\/strong><\/h1>\n<p><span id=\"result_box\" lang=\"de\" tabindex=\"-1\"><strong><span class=\"hps\">F\u00fcr alle Arten von<\/span> <span class=\"hps\">Gruppen<\/span> <span class=\"hps\">&#8211;<\/span> <span class=\"hps\">Unternehmen,\u00a0<\/span><span class=\"hps\">Familie oder Freunde<\/span> <span class=\"hps\">&#8211;<\/span> <span class=\"hps\">der beste Weg,<\/span> <span class=\"hps\">um einen Tag in<\/span> <span class=\"hps\">Mallorca<\/span> <span class=\"hps\">oder<\/span> <span class=\"hps\">Ibiza<\/span> <span class=\"hps\">zu genie\u00dfen und <\/span>zusammen <span class=\"hps\">zu verbringen, ist<\/span> <span class=\"hps\">ein Bootsausflug<\/span><span class=\"hps\">.<\/span><\/strong><br \/>\n<span class=\"hps\">Es gibt keinen besseren<\/span> <span class=\"hps\">Weg\u00a0<\/span> z.B. f\u00fcr Kollegen eines <span class=\"hps\">Unternehmens oder Ihre<\/span> <span class=\"hps\">besten Kunden, <\/span><span id=\"result_box\" lang=\"de\" tabindex=\"-1\"><span class=\"hps\">einander<\/span> <span class=\"hps\">besser kennenzulernen<\/span>,<\/span> <span class=\"hps\">als bei einer<\/span> <span class=\"hps\">Incentive-Reise zu der sie eingeladen werden<\/span>, die <span class=\"hps\">sie<\/span> <span class=\"hps\">genie\u00dfen und<\/span> <span class=\"hps\">nicht vergessen werden, genauso wie <\/span><span class=\"hps\">f\u00fcr Familien und<\/span> <span class=\"hps\">Freunde, zu\u00a0<\/span><span class=\"hps\">besonderen Anl\u00e4ssen wie<\/span> Geburtstage, <span class=\"hps\">Hochzeitstage<\/span>, Polterabende <span class=\"hps\">usw.<\/span> um miteinander zu <span class=\"hps\">feiern<\/span><span class=\"hps\">.<\/span><\/span><\/p>\n<p><img class=\"content-image\" style=\"width: 300px; height: 206px; float: left; margin: auto 5px;\" src=\"https:\/\/yachtcharter-connection.com\/wp-content\/uploads\/converted_files\/33663\/33663-5656b833000c3.jpg\" alt=\"Catamaran-Excursion-Mallorca\" \/>F\u00fcr Events auf Charter Yachten auf den Balearen liegt die Kapatzit\u00e4t bei den verf\u00fcgbaren Motor- oder Charteryachten normalerweise bei ca. max. 12 G\u00e4sten&#8230; dies bedeutet, dass wir Ihnen empfehlen, bei einer gr\u00f6\u00dferen Teilnehmerzahl in den\u00a0 Gruppen f\u00fcr Events oder Ausfl\u00fcge\u00a0 die Ausflugskatamarane oder die gro\u00dfen klassischen Segelschiffen mit entsprechender Lizenz f\u00fcr derartige Events zu buchen. <strong>Katamaran Ausfl\u00fcge und Segelt\u00f6rns k\u00f6nnen z.B. ab Palma de Mallorca<\/strong>, Puerto de Pollensa, Puerto de Alcudia, Cala Ratjada und Port Andratx, organisiert werden, nat\u00fcrlich auch von Ibiza aus.<\/p>\n<p>Bei den Exkursionen mit den Ausflugsbooten haben Gruppen die Wahl zwischen einem ganztags- oder einem halbtags-T\u00f6rn morgens oder nachmittags. Es werden auch manchmal\u00a0 spezielle Sonnenuntergangs-Ausfl\u00fcge angeboten.<\/p>\n<p>F\u00fcr kleinere Gruppen stehen auch Segelyachten f\u00fcr eine Tagescharter zur Verf\u00fcgung, als auch eine gro\u00dfe Auswahl an Motor- oder Luxusyachten.<\/p>\n<p><strong>Selbstverst\u00e4ndlich wird Ihnen ein hervorragendes Catering geboten &#8211; spanische Tapas, frisch Gegrilltes usw., \u00fcblicherweise gibt es eine gro\u00dfe Auswahl, ebenso was die wassersportliche Ausr\u00fcstung betrifft, wie z.B. Schnorchel Ausstattung, Kajaks etc. und wenn Sie einen DJ an Bord haben m\u00f6chten oder Sie einen anderen Wunsch haben &#8211; bitte fragen Sie nach.<\/strong><\/p>\n<p>Ein Aufenthalt f\u00fcr ein paar Tage auf einer Yacht eignet sich besonders als teambildende Massnahme, entweder allein auf einer Yacht mit einer kleinen Gruppe, oder als Teil einer gr\u00f6\u00dferen Gruppe oder eines &#8220;Flotten&#8221;-Verbandes &#8211; alles ist bestens geeignet, um auf diese Weise echten Teamgeist zu entwickeln. Ein solcher Flottenverband z.B. kann sehr leicht au\u00dferhalb der Saison organisiert werden &#8211; fragen Sie nach entsprechenden Angeboten.<\/p>\n<p>Und wenn Sie Programm f\u00fcr einen weiteren Tag an Land m\u00f6chten &#8211; wie Jeep Safaris, eine Tapas Tour, eine Weinprobe oder irgendetwas anderes &#8211; wir k\u00f6nnen Ihnen ein breit gef\u00e4chertes Angebot machen in Zusammenarbeit mit unseren erfahrenen Partnerfirmen.<\/p>\n<p><iframe loading=\"lazy\" src=\"https:\/\/www.youtube.com\/embed\/D9DCpVklhtk\" width=\"560\" height=\"315\" frameborder=\"0\" allowfullscreen=\"allowfullscreen\"><\/iframe><\/p>\n<p><span style=\"color: #000080;\"><strong><a style=\"color: #000080;\" href=\"\/de\/yacht-list\/segel-events-mallorca-ibiza\/\" target=\"_blank\" rel=\"noopener noreferrer\">Hier finden Sie einige Schiffe, Boote und Yachten, die geeignet sind f\u00fcr Incentive Segel-Veranstaltungen oder Events auf Mallorca bzw. Ibiza &#8211; z\u00f6gern Sie nicht, uns nach einem Angebot f\u00fcr diese oder auch andere Schiffe zu fragen!<\/a><\/strong><\/span><\/p>\n","protected":false},"excerpt":{"rendered":"<p>Segel-Events Mallorca &amp; Ibiza \/ Balearen F\u00fcr alle Arten von Gruppen &#8211; Unternehmen,\u00a0Familie oder Freunde &#8211; der beste Weg, um einen Tag in Mallorca oder Ibiza zu genie\u00dfen und zusammen zu verbringen, ist ein Bootsausflug. Es gibt keinen besseren Weg\u00a0 z.B. f\u00fcr Kollegen eines Unternehmens oder Ihre besten Kunden, einander<\/p>\n","protected":false},"author":11,"featured_media":0,"parent":0,"menu_order":0,"comment_status":"open","ping_status":"open","template":"","meta":[],"aioseo_notices":[],"_links":{"self":[{"href":"https:\/\/yachtcharter-connection.com\/de\/wp-json\/wp\/v2\/pages\/144"}],"collection":[{"href":"https:\/\/yachtcharter-connection.com\/de\/wp-json\/wp\/v2\/pages"}],"about":[{"href":"https:\/\/yachtcharter-connection.com\/de\/wp-json\/wp\/v2\/types\/page"}],"author":[{"embeddable":true,"href":"https:\/\/yachtcharter-connection.com\/de\/wp-json\/wp\/v2\/users\/11"}],"replies":[{"embeddable":true,"href":"https:\/\/yachtcharter-connection.com\/de\/wp-json\/wp\/v2\/comments?post=144"}],"version-history":[{"count":7,"href":"https:\/\/yachtcharter-connection.com\/de\/wp-json\/wp\/v2\/pages\/144\/revisions"}],"predecessor-version":[{"id":28684,"href":"https:\/\/yachtcharter-connection.com\/de\/wp-json\/wp\/v2\/pages\/144\/revisions\/28684"}],"wp:attachment":[{"href":"https:\/\/yachtcharter-connection.com\/de\/wp-json\/wp\/v2\/media?parent=144"}],"curies":[{"name":"wp","href":"https:\/\/api.w.org\/{rel}","templated":true}]}}