{"id":2255,"date":"2015-08-10T05:53:43","date_gmt":"2015-08-10T05:53:43","guid":{"rendered":"http:\/\/yachtcharter-connection.com.w01e47c6.kasserver.com\/pir%c3%a4us\/"},"modified":"2017-07-15T15:13:52","modified_gmt":"2017-07-15T13:13:52","slug":"piraeus","status":"publish","type":"page","link":"https:\/\/yachtcharter-connection.com\/de\/regionen\/mittelmeer\/yachtcharter-aegaeis-saronischer-golf-kykladen\/piraeus\/","title":{"rendered":"Pir\u00e4us"},"content":{"rendered":"<h3>Yachtcharter Pir\u00e4us<\/h3>\n<p>\n<img loading=\"lazy\" class=\"content-image\"  width=\"300\" height=\"199\" src=\"https:\/\/yachtcharter-connection.com\/wp-content\/uploads\/converted_files\/19749\/19749-5624e2bb018b9.jpg\" alt=\"\" \/>Pir\u00e4us, der historische Hafen von Athen, vielbesungen von Melina Mercouri, ist heute einer der gr\u00f6\u00dften H\u00e4fen des gesamten Mittelmeer-Raumes &ndash; hier treffen sich Handelsschifffahrt, Kreuzfahrtriesen, die F\u00e4hren, die die griechische Inselwelt mit dem Festland verbinden, und nat\u00fcrlich Eigner- und Charteryachten, die vor allem in der Zea Marina liegen. Der Hafen gliedert sich in Haupthafen, Zea und Mikrolimanos. Das Zentrum Athens ist von hier per Metro oder O-Bus leicht erreichbar. Wer Zeit hat, kann sich im Nautischen Museum in Pir\u00e4us ausgiebig mit der griechischen Schifffahrts-Historie besch\u00e4ftigen.<\/p>\n<p>Die Altstadt von Pir\u00e4us bietet f\u00fcr Yachtcharter-Crews zahlreiche Einkaufsm\u00f6glichkeiten. Zum Bummeln l\u00e4dt die Promenade von Mikrolimanos mit zahlreichen Fischlokalen und exclusiven Bars direkt am Hafen ein.<\/p>\n<p><\/p>\n","protected":false},"excerpt":{"rendered":"<p>Yachtcharter Pir\u00e4us Pir\u00e4us, der historische Hafen von Athen, vielbesungen von Melina Mercouri, ist heute einer der gr\u00f6\u00dften H\u00e4fen des gesamten Mittelmeer-Raumes &ndash; hier treffen sich Handelsschifffahrt, Kreuzfahrtriesen, die F\u00e4hren, die die griechische Inselwelt mit dem Festland verbinden, und nat\u00fcrlich Eigner- und Charteryachten, die vor allem in der Zea Marina liegen.<\/p>\n","protected":false},"author":11,"featured_media":0,"parent":741,"menu_order":0,"comment_status":"open","ping_status":"open","template":"","meta":[],"aioseo_notices":[],"_links":{"self":[{"href":"https:\/\/yachtcharter-connection.com\/de\/wp-json\/wp\/v2\/pages\/2255"}],"collection":[{"href":"https:\/\/yachtcharter-connection.com\/de\/wp-json\/wp\/v2\/pages"}],"about":[{"href":"https:\/\/yachtcharter-connection.com\/de\/wp-json\/wp\/v2\/types\/page"}],"author":[{"embeddable":true,"href":"https:\/\/yachtcharter-connection.com\/de\/wp-json\/wp\/v2\/users\/11"}],"replies":[{"embeddable":true,"href":"https:\/\/yachtcharter-connection.com\/de\/wp-json\/wp\/v2\/comments?post=2255"}],"version-history":[{"count":1,"href":"https:\/\/yachtcharter-connection.com\/de\/wp-json\/wp\/v2\/pages\/2255\/revisions"}],"predecessor-version":[{"id":13250,"href":"https:\/\/yachtcharter-connection.com\/de\/wp-json\/wp\/v2\/pages\/2255\/revisions\/13250"}],"up":[{"embeddable":true,"href":"https:\/\/yachtcharter-connection.com\/de\/wp-json\/wp\/v2\/pages\/741"}],"wp:attachment":[{"href":"https:\/\/yachtcharter-connection.com\/de\/wp-json\/wp\/v2\/media?parent=2255"}],"curies":[{"name":"wp","href":"https:\/\/api.w.org\/{rel}","templated":true}]}}