{"id":2256,"date":"2015-08-10T05:53:43","date_gmt":"2015-08-10T05:53:43","guid":{"rendered":"http:\/\/yachtcharter-connection.com.w01e47c6.kasserver.com\/kos-867\/"},"modified":"2017-10-16T18:13:42","modified_gmt":"2017-10-16T16:13:42","slug":"kos-867","status":"publish","type":"page","link":"https:\/\/yachtcharter-connection.com\/de\/regionen\/mittelmeer\/yachtcharter-aegaeis-dodekanes\/kos-867\/","title":{"rendered":"Kos"},"content":{"rendered":"<h3>Yachtcharter Kos<\/h3>\n<p>\n<img loading=\"lazy\" class=\"content-image\"  width=\"300\" height=\"200\" alt=\"Segelrevier_Griechenland_Dodekanes_Kos\" src=\"https:\/\/yachtcharter-connection.com\/wp-content\/uploads\/converted_files\/19750\/19750-5624e2bc437b8.jpg\" \/>Kos, die drittgr\u00f6\u00dfte Insel des Yachtcharter-Reviers Dodekanes (nach Rhodos und Karpathos), liegt in der \u00f6stlichen \u00c4g\u00e4is am Eingang des t\u00fcrkischen G\u00f6kova-Golfs, nach Bodrum ist es nur ein Katzensprung  &ndash; f\u00fcr Yachtcharter-Crews ist die Insel ein beliebter Ausgangsort sowohl f\u00fcr Yachtcharter-T\u00f6rns zu den anderen Dodekanes-Inseln als auch aufs t\u00fcrkische Festland.<\/p>\n<p>\nF\u00fcr Segler, die im Dodekanes bleiben m\u00f6chten, bieten sich in Richtung Norden Kalymnos, Lipsi, Leros, Marathos und Patmos als Ziele f\u00fcr den Yachtcharter-T\u00f6rn an, in Richtung S\u00fcden Rhodos, Chalki, Simi, Tilos oder Nisyros an. Auch Oneway-Yachtcharter in Richtung Kykladen oder Athen sind m\u00f6glich. <\/p>\n<p>\nDie moderne Marina mit mehreren Yachtcharter-Unternehmen liegt, liegt \u00f6stlich des Stadthafens der Hauptstadt Kos. Sie verf\u00fcgt \u00fcber eine Caf\u00e9-Bar und mehrere Shops. Das Zentrum von Kos ist mit einem Spaziergang am Ufer entlang in einer Viertelstunde erreichbar. Auch im Stadthafen mit vielen Ausflugsbooten und hafentypischem Trubel k\u00f6nnen Yachtcharter-Crews anlegen. Weitere Anlegem\u00f6glichkeiten: der Hafen von Mastichari im Nordosten, der \u00fcberwiegend von Fischern und F\u00e4hren nach Kalymnos genutzt wird, und Ormos Kaimari im S\u00fcden.<\/p>\n<p>\nF\u00fcr das leibliche Wohl der Yachtcharter-Crew sorgen zahlreiche Restaurants an der Uferpromenade. Mittelpunkte des Stadtlebens in Kos sind neben dem Hafen die alte und die neue Agora sowie die Bar Street. Zu den Sehensw\u00fcrdigkeiten geh\u00f6ren unter anderem das Johanniter-Kastell, die antike Sportst\u00e4tte Gymnastirion, das Arch\u00e4ologische Museum, die Villa Casa Romana und die Platane des Hippokrates, der dort gelehrt haben soll. Ausflugsziele f\u00fcr Yachtcharter-Crews: die Tempelanlage Asklepeion und die t\u00fcrkische Siedlung Platani.<\/p>\n<p><\/p>\n","protected":false},"excerpt":{"rendered":"<p>Yachtcharter Kos Kos, die drittgr\u00f6\u00dfte Insel des Yachtcharter-Reviers Dodekanes (nach Rhodos und Karpathos), liegt in der \u00f6stlichen \u00c4g\u00e4is am Eingang des t\u00fcrkischen G\u00f6kova-Golfs, nach Bodrum ist es nur ein Katzensprung &ndash; f\u00fcr Yachtcharter-Crews ist die Insel ein beliebter Ausgangsort sowohl f\u00fcr Yachtcharter-T\u00f6rns zu den anderen Dodekanes-Inseln als auch aufs t\u00fcrkische<\/p>\n","protected":false},"author":11,"featured_media":0,"parent":763,"menu_order":0,"comment_status":"open","ping_status":"open","template":"","meta":[],"aioseo_notices":[],"_links":{"self":[{"href":"https:\/\/yachtcharter-connection.com\/de\/wp-json\/wp\/v2\/pages\/2256"}],"collection":[{"href":"https:\/\/yachtcharter-connection.com\/de\/wp-json\/wp\/v2\/pages"}],"about":[{"href":"https:\/\/yachtcharter-connection.com\/de\/wp-json\/wp\/v2\/types\/page"}],"author":[{"embeddable":true,"href":"https:\/\/yachtcharter-connection.com\/de\/wp-json\/wp\/v2\/users\/11"}],"replies":[{"embeddable":true,"href":"https:\/\/yachtcharter-connection.com\/de\/wp-json\/wp\/v2\/comments?post=2256"}],"version-history":[{"count":2,"href":"https:\/\/yachtcharter-connection.com\/de\/wp-json\/wp\/v2\/pages\/2256\/revisions"}],"predecessor-version":[{"id":31210,"href":"https:\/\/yachtcharter-connection.com\/de\/wp-json\/wp\/v2\/pages\/2256\/revisions\/31210"}],"up":[{"embeddable":true,"href":"https:\/\/yachtcharter-connection.com\/de\/wp-json\/wp\/v2\/pages\/763"}],"wp:attachment":[{"href":"https:\/\/yachtcharter-connection.com\/de\/wp-json\/wp\/v2\/media?parent=2256"}],"curies":[{"name":"wp","href":"https:\/\/api.w.org\/{rel}","templated":true}]}}