{"id":2257,"date":"2015-08-10T05:53:43","date_gmt":"2015-08-10T05:53:43","guid":{"rendered":"http:\/\/yachtcharter-connection.com.w01e47c6.kasserver.com\/mykonos-335\/"},"modified":"2017-07-15T15:05:43","modified_gmt":"2017-07-15T13:05:43","slug":"mykonos-335","status":"publish","type":"page","link":"https:\/\/yachtcharter-connection.com\/de\/regionen\/mittelmeer\/yachtcharter-aegaeis-saronischer-golf-kykladen\/mykonos-335\/","title":{"rendered":"Mykonos"},"content":{"rendered":"<h3>Yachtcharter Mykonos<\/h3>\n<p>\n<img class=\"content-image\"  src=\"https:\/\/yachtcharter-connection.com\/wp-content\/uploads\/converted_files\/19751\/19751-5624e2bd87fc2.jpg\" alt=\"Yachtcharter Mykonos\" style=\"width: 300px; height: 400px;\" \/>Mykonos ist eine der bekanntesten Inseln im Yachtcharter-Revier Kykladen. Die Insel ist sehr vom Tourismus gepr\u00e4gt. <\/p>\n<p>\nWestlich von der Yachtcharter-Destination Mykonos liegt die fast unbewohnte Insel Delos, ber\u00fchmt f\u00fcr ihr Apollonheiligtum und viele andere Bauten, deren Ruinen einen Besuch lohnen &ndash; seit 1990 ist Delos Weltkulturerbe der Unesco. Die Insel Tinos liegt n\u00f6rdlich von Mykonos, die Insel Naxos im S\u00fcden.<\/p>\n<p>\nAuf Mykonos wurde der legend\u00e4re Film Alexis Sorbas gedreht &ndash; ein Hauptschauplatz, das Caf\u00e9 am Meer, ist ein beliebtes Ziel von Yachtcharter-Touristen. Die Chora, das Herz des Hauptortes Mykonos, mit engen Gassen und wei\u00dfen H\u00e4uschen, zeigt typische Kykladen-Architektur. Kneipen, Bars, Caf\u00e9s: die Chora ist voll davon und Mykonos vor allem als Party-St\u00e4tte beliebt. Als Wahrzeichen zieren vier Windm\u00fchlen die Postkarten. Der Stadthafen wird in der x-ten Generation &bdquo;bewacht&ldquo; vom Pelikan Petros, der abends auch gern die Tavernen besucht und sich dort verpflegen l\u00e4sst. <\/p>\n<p>\nIm Stadthafen, der \u00fcberwiegend von Fischer- und Ausflugsbooten genutzt werden, finden Yachtcharter-Crews in der Regel keinen Platz. Bei Meltemi ist der Hafen ohnehin kaum gesch\u00fctzt und h\u00f6chst ungem\u00fctlich. Etwas weiter n\u00f6rdlich liegt der Hafen Tourlos &ndash; hier ist Platz f\u00fcr Yachten, vor allem im \u00f6stlichen Teil liegen Yachtcharter-Crews gut gesch\u00fctzt. Infrastruktur f\u00fcr Yachtcharter-Touristen ist vorhanden. In die Stadt kommen Yachtcharter-Crews per Bus oder Taxi. Eine Yachtcharter-Basis gibt es auf Mykonos nicht. Viele Yachtcharter-Crews werden auf ihrem Yachtcharter-T\u00f6rn durch die Kykladen hier einen Stopp einlegen. <\/p>\n<p>Einige Charterunternehmen bieten Segelyachten direkt ab Mykonos an &#8211; inzwischen wurde auch eine recht gro\u00dfe Charterflotte mit Bavaria- und Dufour-Yachten hier stationiert. Fragen Sie uns nach Angeboten.  <\/p>\n<p><\/p>\n","protected":false},"excerpt":{"rendered":"<p>Yachtcharter Mykonos Mykonos ist eine der bekanntesten Inseln im Yachtcharter-Revier Kykladen. Die Insel ist sehr vom Tourismus gepr\u00e4gt. Westlich von der Yachtcharter-Destination Mykonos liegt die fast unbewohnte Insel Delos, ber\u00fchmt f\u00fcr ihr Apollonheiligtum und viele andere Bauten, deren Ruinen einen Besuch lohnen &ndash; seit 1990 ist Delos Weltkulturerbe der Unesco.<\/p>\n","protected":false},"author":11,"featured_media":0,"parent":741,"menu_order":0,"comment_status":"open","ping_status":"open","template":"","meta":[],"aioseo_notices":[],"_links":{"self":[{"href":"https:\/\/yachtcharter-connection.com\/de\/wp-json\/wp\/v2\/pages\/2257"}],"collection":[{"href":"https:\/\/yachtcharter-connection.com\/de\/wp-json\/wp\/v2\/pages"}],"about":[{"href":"https:\/\/yachtcharter-connection.com\/de\/wp-json\/wp\/v2\/types\/page"}],"author":[{"embeddable":true,"href":"https:\/\/yachtcharter-connection.com\/de\/wp-json\/wp\/v2\/users\/11"}],"replies":[{"embeddable":true,"href":"https:\/\/yachtcharter-connection.com\/de\/wp-json\/wp\/v2\/comments?post=2257"}],"version-history":[{"count":1,"href":"https:\/\/yachtcharter-connection.com\/de\/wp-json\/wp\/v2\/pages\/2257\/revisions"}],"predecessor-version":[{"id":13247,"href":"https:\/\/yachtcharter-connection.com\/de\/wp-json\/wp\/v2\/pages\/2257\/revisions\/13247"}],"up":[{"embeddable":true,"href":"https:\/\/yachtcharter-connection.com\/de\/wp-json\/wp\/v2\/pages\/741"}],"wp:attachment":[{"href":"https:\/\/yachtcharter-connection.com\/de\/wp-json\/wp\/v2\/media?parent=2257"}],"curies":[{"name":"wp","href":"https:\/\/api.w.org\/{rel}","templated":true}]}}