{"id":2258,"date":"2014-09-19T05:44:17","date_gmt":"2014-09-19T05:44:17","guid":{"rendered":"http:\/\/yachtcharter-connection.com.w01e47c6.kasserver.com\/syros-692\/"},"modified":"2017-07-15T15:25:57","modified_gmt":"2017-07-15T13:25:57","slug":"syros-692","status":"publish","type":"page","link":"https:\/\/yachtcharter-connection.com\/de\/regionen\/mittelmeer\/yachtcharter-aegaeis-saronischer-golf-kykladen\/syros-692\/","title":{"rendered":"Syros"},"content":{"rendered":"<h3>Yachtcharter Syros<\/h3>\n<p>\n<img loading=\"lazy\" class=\"content-image\"  width=\"300\" height=\"400\" alt=\"Yachtcharter_Griechenland_Kykladen_Syros\" src=\"https:\/\/yachtcharter-connection.com\/wp-content\/uploads\/converted_files\/19752\/19752-5624e2beb11e6.jpg\" \/>Die kleine Insel und Yachtcharter-Destination Syros (auch Syra oder Siros = die felsige) liegt mitten im Yachtcharter-Revier der Kykladen &ndash; bis Delos sind es rund 15 Seemeilen gen Osten, nach Paros 23 Seemeilen Richtung S\u00fcds\u00fcdost &ndash; und zum Festland nach Lavrion segeln Yachtcharter-Crews nur 50 Meilen. Der Hauptort Ermoupolis (vom G\u00f6tterboten Hermes) an der Ostk\u00fcste war fr\u00fcher einmal der gr\u00f6\u00dfte Handelshafen Griechenlands. Heute leben die Einwohner \u00fcberwiegend vom Werftbetrieb, der Tourismus spielt hier nur eine kleine Rolle. Allerdings ist Syros bei den Griechen selbst als Urlaubsziel beliebt.<\/p>\n<p>\nEs gibt auf Syros einen Yachtcharter-St\u00fctzpunkt, einige Vercharterer bieten Yachtcharter-T\u00f6rns mit Ausgangspunkt Syros auch gegen Aufpreis an. Yachtcharter-Crews erreichen Syros entweder per F\u00e4hre oder per Flugzeug ab Athen. H\u00e4fen f\u00fcr Yachtcharter-Crews auf Syros:  der Stadthafen in Ermoupolis mit Tavernen und Caf\u00e9s, aber auch Schwell von dem F\u00e4hren, und eine kleine Marina in der N\u00e4he neben dem Flughafen &ndash; die Versorgungsm\u00f6glichkeiten f\u00fcr Yachtcharter-Crews im Hauptort sind sehr gut. Im S\u00fcdwesten von Syros eignet sich der Hafen Phoinikos f\u00fcr einen Zwischenstop auf dem Yachtcharter-T\u00f6rn vor allem bei Meltemi.<\/p>\n<p>\nSehensw\u00fcrdigkeiten in Ermoupolis, die gemessen an der Bev\u00f6lkerung die gr\u00f6\u00dfte Stadt des Yachtcharter-Reviers Kykladen ist: das Apollo-Theater und eines der \u00e4ltesten Arch\u00e4ologiemuseen Griechenlands. <\/p>\n<p><\/p>\n","protected":false},"excerpt":{"rendered":"<p>Yachtcharter Syros Die kleine Insel und Yachtcharter-Destination Syros (auch Syra oder Siros = die felsige) liegt mitten im Yachtcharter-Revier der Kykladen &ndash; bis Delos sind es rund 15 Seemeilen gen Osten, nach Paros 23 Seemeilen Richtung S\u00fcds\u00fcdost &ndash; und zum Festland nach Lavrion segeln Yachtcharter-Crews nur 50 Meilen. Der Hauptort<\/p>\n","protected":false},"author":11,"featured_media":0,"parent":741,"menu_order":0,"comment_status":"open","ping_status":"open","template":"","meta":[],"aioseo_notices":[],"_links":{"self":[{"href":"https:\/\/yachtcharter-connection.com\/de\/wp-json\/wp\/v2\/pages\/2258"}],"collection":[{"href":"https:\/\/yachtcharter-connection.com\/de\/wp-json\/wp\/v2\/pages"}],"about":[{"href":"https:\/\/yachtcharter-connection.com\/de\/wp-json\/wp\/v2\/types\/page"}],"author":[{"embeddable":true,"href":"https:\/\/yachtcharter-connection.com\/de\/wp-json\/wp\/v2\/users\/11"}],"replies":[{"embeddable":true,"href":"https:\/\/yachtcharter-connection.com\/de\/wp-json\/wp\/v2\/comments?post=2258"}],"version-history":[{"count":1,"href":"https:\/\/yachtcharter-connection.com\/de\/wp-json\/wp\/v2\/pages\/2258\/revisions"}],"predecessor-version":[{"id":13256,"href":"https:\/\/yachtcharter-connection.com\/de\/wp-json\/wp\/v2\/pages\/2258\/revisions\/13256"}],"up":[{"embeddable":true,"href":"https:\/\/yachtcharter-connection.com\/de\/wp-json\/wp\/v2\/pages\/741"}],"wp:attachment":[{"href":"https:\/\/yachtcharter-connection.com\/de\/wp-json\/wp\/v2\/media?parent=2258"}],"curies":[{"name":"wp","href":"https:\/\/api.w.org\/{rel}","templated":true}]}}