{"id":2260,"date":"2013-11-14T05:31:39","date_gmt":"2013-11-14T05:31:39","guid":{"rendered":"http:\/\/yachtcharter-connection.com.w01e47c6.kasserver.com\/poros-681\/"},"modified":"2016-10-29T18:14:37","modified_gmt":"2016-10-29T16:14:37","slug":"poros-681","status":"publish","type":"page","link":"https:\/\/yachtcharter-connection.com\/de\/regionen\/mittelmeer\/yachtcharter-aegaeis-saronischer-golf-kykladen\/poros-681\/","title":{"rendered":"Poros"},"content":{"rendered":"<h3>Yachtcharter Poros<\/h3>\n<p>\n<img loading=\"lazy\" class=\"content-image\"  width=\"300\" height=\"225\" alt=\"\" src=\"https:\/\/yachtcharter-connection.com\/wp-content\/uploads\/converted_files\/19754\/19754-5624e2c012503.jpg\" \/>Die Insel Poros, wohl eine der sch\u00f6nsten Inseln im Saronischen Golf, liegt etwa 30 Meilen von Athen entfernt, und ist Standort einer Yachtcharter-Basis mit einer recht gro\u00dfen Yachtcharter-Flotte. Vom Peloponnes und dem Ort Galatas trennt sie nur ein 300 Meter breiter Kanal. Yachtcharter-Crews erreichen die Yachtcharter-Basis ab besten mit der Schnellf\u00e4hre bzw. dem Tragfl\u00fcgelboot (Hydrofoil) ab Athen \/ Pir\u00e4us &ndash; da Poros auch ein beliebtes Ausflugsziel der Athener ist, sind die Verbindungen ausgezeichnet.<\/p>\n<p>Die touristische Infrastruktur &ndash; auch f\u00fcr Yachtcharter-Tourismus &ndash; ist in Poros sehr gut ausgebaut. Der gleichnamige Hauptort liegt auf der westlichen Seite und erstreckt sich \u00fcber eine Landenge hinweg, die den dicht mit Kiefern bewachsenen S\u00fcdtteil mit dem Nordteil verbindet: Hier werden Oliven und Zitrusfr\u00fcchte angebaut sowie Fische gez\u00fcchtet. Auf der Hochebene der Insel wird auch Wein angebaut. Die wichtigsten Sehensw\u00fcrdigkeiten f\u00fcr Yachtcharter-Crews sind das Arch\u00e4ologische Museum, das Kloster Zoodochis Pigis im n\u00f6rdlichen Teil Kalavria, die Ruine eines Poseidon-Tempels und der schon von weitem sichtbare Uhrenturm des Hauptortes. Highlight des St\u00e4dtchens ist allerdings die Hafenpromenade mit Restaurants und Caf\u00e9s &ndash; die perfekte Flaniermeile, die auch nachts sehr belebt ist, mit Liegepl\u00e4tzen f\u00fcr Yachtcharter-Crews direkt mitten im Geschehen!<\/p>\n<p>Poros ist ein perfekter Ausgangspunkt f\u00fcr Yachtcharter-T\u00f6rns zu den Inseln im Saronischen Golf (Argolischen Golf) wie \u00c4gina, Hydra oder Spetses &ndash; oder auch f\u00fcr Yachtcharter-T\u00f6rns zu den Kykladen. <\/p>\n","protected":false},"excerpt":{"rendered":"<p>Yachtcharter Poros Die Insel Poros, wohl eine der sch\u00f6nsten Inseln im Saronischen Golf, liegt etwa 30 Meilen von Athen entfernt, und ist Standort einer Yachtcharter-Basis mit einer recht gro\u00dfen Yachtcharter-Flotte. Vom Peloponnes und dem Ort Galatas trennt sie nur ein 300 Meter breiter Kanal. Yachtcharter-Crews erreichen die Yachtcharter-Basis ab besten<\/p>\n","protected":false},"author":11,"featured_media":0,"parent":741,"menu_order":0,"comment_status":"open","ping_status":"open","template":"","meta":[],"aioseo_notices":[],"_links":{"self":[{"href":"https:\/\/yachtcharter-connection.com\/de\/wp-json\/wp\/v2\/pages\/2260"}],"collection":[{"href":"https:\/\/yachtcharter-connection.com\/de\/wp-json\/wp\/v2\/pages"}],"about":[{"href":"https:\/\/yachtcharter-connection.com\/de\/wp-json\/wp\/v2\/types\/page"}],"author":[{"embeddable":true,"href":"https:\/\/yachtcharter-connection.com\/de\/wp-json\/wp\/v2\/users\/11"}],"replies":[{"embeddable":true,"href":"https:\/\/yachtcharter-connection.com\/de\/wp-json\/wp\/v2\/comments?post=2260"}],"version-history":[{"count":1,"href":"https:\/\/yachtcharter-connection.com\/de\/wp-json\/wp\/v2\/pages\/2260\/revisions"}],"predecessor-version":[{"id":13251,"href":"https:\/\/yachtcharter-connection.com\/de\/wp-json\/wp\/v2\/pages\/2260\/revisions\/13251"}],"up":[{"embeddable":true,"href":"https:\/\/yachtcharter-connection.com\/de\/wp-json\/wp\/v2\/pages\/741"}],"wp:attachment":[{"href":"https:\/\/yachtcharter-connection.com\/de\/wp-json\/wp\/v2\/media?parent=2260"}],"curies":[{"name":"wp","href":"https:\/\/api.w.org\/{rel}","templated":true}]}}