{"id":2270,"date":"2015-02-19T06:10:39","date_gmt":"2015-02-19T06:10:39","guid":{"rendered":"http:\/\/yachtcharter-connection.com.w01e47c6.kasserver.com\/neapel\/"},"modified":"2017-07-16T15:31:03","modified_gmt":"2017-07-16T13:31:03","slug":"neapel","status":"publish","type":"page","link":"https:\/\/yachtcharter-connection.com\/de\/regionen\/mittelmeer\/yachtcharter-tyrrhenisches-meer\/neapel\/","title":{"rendered":"Neapel"},"content":{"rendered":"<h3>Yachtcharter Neapel<\/h3>\n<p>\n<img class=\"content-image\"  src=\"https:\/\/yachtcharter-connection.com\/wp-content\/uploads\/converted_files\/19764\/19764-5624e2c2b0310.jpg\" alt=\"Yachtcharter Neapel\" style=\"width: 300px; height: 225px;\" \/>Die Yachtcharter-Destination Neapel, drittgr\u00f6sste Stadt Italiens nach Rom und Mailand und Hauptstadt der Region Kampanien, ist das politische und wirtschaftliche Zentrums S\u00fcditaliens. Als &quot;Nea Polis&quot; (Neue Stadt) haben Griechen 500 v.Chr. Neapel gegr\u00fcndet. Griechen, R\u00f6mer, Normannen, Bourbonen und weitere V\u00f6lker, die zwischenzeitlich in Kampanien herrschten, haben ihre Spuren im Stadtbild hinterlassen. \u00dcber den grossen Flughafen Neapel, der von vielen Fluggesellschaften angeflogen wird, k\u00f6nnen Yachtcharter Crews ihre Charteryacht in Neapel bequem erreichen. <\/p>\n<p>Neapel liegt am malerischen Golf von Neapel &#8211; das Stadtbild wird vom Vesus gepr\u00e4gt. Einen perfekten Blick \u00fcber den Golf von Neapel haben Yachtcharter Crews vom Cap Posillipo aus, das bequem vom Hafen aus mit dem Ausflugsbus erreichbar ist.<\/p>\n<p>In der Stadt geniessen Yachtcharter Neapel-Crews italienisches Flair. Restaurants bieten authentische italienische K\u00fcche (schliesslich wurde die Pizza angeblich in Neapel erfunden) zum Teil sehr preiswert. Eine Besichtigung lohnt die Hafenburg Castel dell&#8217;Ovo, an der auch ein sehr malerischer kleiner Yachthafen liegt. Die Kathedrale, der Duomo San Gennaro, lohnt ebenso einen Besuch wie die K\u00f6nigspalast der Bourbonen-K\u00f6nige aus dem 18. Jahrhundert sowie die Kirche San Francesco di Paola. Wer sich Zeit f\u00fcr einen Landausflug nimmt, kann auch das vom Vesuv zerst\u00f6rte Pompeji besichtigen.<\/p>\n<p><img class=\"content-image\"  src=\"https:\/\/yachtcharter-connection.com\/wp-content\/uploads\/converted_files\/19764\/19764-5624e2c3ed489.jpg\" alt=\"Yachtcharter-Neapel-Yachthafen.jpg\" style=\"width: 298px; height: 151px;\" \/>Bei ihrem Chartert\u00f6rn ab Neapel haben Yachtcharter Crews die Qual der Wahl unter mehreren faszinierenden T\u00f6rnzielen. Am Festland lockt die Amalfik\u00fcste, die sich von Neapel bis Salerno erstreckt, mit traumhafter Landschaft und pittoresken Orten wie Amalfi, der Fischerort Positano, Vietri sul Mare oder Atrani. Direkt im Golf von Neapel l\u00e4sst sich kaum eine Crew einen Besuch der vorgelagerten Inseln Procida, Capri und Ischia entgehen. Weiter gen Westen locken die Pontinischen Inseln mit urspr\u00fcnglichem Charme: insbesondere Ponza und Ventotene, aber auch Santo Stefaneo, Palmarola, Zannone und Gavi lohnen den Abstecher gen Westen absolut. <\/p>\n<h3>Charteryachten Neapel:<\/h3>\n<p>\nF\u00fcr Yachtcharter Neapel steht eine grosse Flotte von Segelyachten und Segelkatamaranen aller grosser Hersteller zur Verf\u00fcgung. Auch Motorboote und Motoryachten bieten wir Ihnen gern an. Ausserdem sind zahlreiche Luxusyachten mit Crew in Neapel stationiert &#8211; f\u00fcr den perfekten Traumurlaub.<\/p>\n<p><\/p>\n","protected":false},"excerpt":{"rendered":"<p>Yachtcharter Neapel Die Yachtcharter-Destination Neapel, drittgr\u00f6sste Stadt Italiens nach Rom und Mailand und Hauptstadt der Region Kampanien, ist das politische und wirtschaftliche Zentrums S\u00fcditaliens. Als &quot;Nea Polis&quot; (Neue Stadt) haben Griechen 500 v.Chr. Neapel gegr\u00fcndet. Griechen, R\u00f6mer, Normannen, Bourbonen und weitere V\u00f6lker, die zwischenzeitlich in Kampanien herrschten, haben ihre Spuren<\/p>\n","protected":false},"author":11,"featured_media":0,"parent":738,"menu_order":0,"comment_status":"open","ping_status":"open","template":"","meta":[],"aioseo_notices":[],"_links":{"self":[{"href":"https:\/\/yachtcharter-connection.com\/de\/wp-json\/wp\/v2\/pages\/2270"}],"collection":[{"href":"https:\/\/yachtcharter-connection.com\/de\/wp-json\/wp\/v2\/pages"}],"about":[{"href":"https:\/\/yachtcharter-connection.com\/de\/wp-json\/wp\/v2\/types\/page"}],"author":[{"embeddable":true,"href":"https:\/\/yachtcharter-connection.com\/de\/wp-json\/wp\/v2\/users\/11"}],"replies":[{"embeddable":true,"href":"https:\/\/yachtcharter-connection.com\/de\/wp-json\/wp\/v2\/comments?post=2270"}],"version-history":[{"count":1,"href":"https:\/\/yachtcharter-connection.com\/de\/wp-json\/wp\/v2\/pages\/2270\/revisions"}],"predecessor-version":[{"id":13074,"href":"https:\/\/yachtcharter-connection.com\/de\/wp-json\/wp\/v2\/pages\/2270\/revisions\/13074"}],"up":[{"embeddable":true,"href":"https:\/\/yachtcharter-connection.com\/de\/wp-json\/wp\/v2\/pages\/738"}],"wp:attachment":[{"href":"https:\/\/yachtcharter-connection.com\/de\/wp-json\/wp\/v2\/media?parent=2270"}],"curies":[{"name":"wp","href":"https:\/\/api.w.org\/{rel}","templated":true}]}}