{"id":2273,"date":"2015-08-10T05:53:43","date_gmt":"2015-08-10T05:53:43","guid":{"rendered":"http:\/\/yachtcharter-connection.com.w01e47c6.kasserver.com\/elba-portoferraio-863\/"},"modified":"2017-07-16T14:39:02","modified_gmt":"2017-07-16T12:39:02","slug":"elba-portoferraio-863","status":"publish","type":"page","link":"https:\/\/yachtcharter-connection.com\/de\/regionen\/mittelmeer\/yachtcharter-ligurien-korsika-toskana-elba\/elba-portoferraio-863\/","title":{"rendered":"Elba \/ Portoferraio"},"content":{"rendered":"<h3>Yachtcharter Elba &#8211; Portoferraio<\/h3>\n<p><img loading=\"lazy\" class=\"content-image\"  width=\"300\" height=\"200\" alt=\"Segelrevier_Elba_Porto_Azzurro\" src=\"https:\/\/yachtcharter-connection.com\/wp-content\/uploads\/converted_files\/19767\/19767-5624e2c68ef6b.jpg\" \/>Die Yachtcharter-Destination Portoferraio liegt auf der Nordseite der Insel Elba und ist deren Hauptstadt. Portoferraio &#8211; \u00fcbersetzt bedeutet der Name &bdquo;Eisenhafen&ldquo;, zur\u00fcckzuf\u00fchren auf den Eisenabbau auf Elba &#8211; ist ein attraktiver Ausgangshafen f\u00fcr Yachtcharter Elba-Crews, die einen Segelt\u00f6rn ab Portoferraio  im toskanischen Archipel  sowie in die beliebten Segelreviere von <a href=\"~\/mittelmeer\/Yachtcharter_ligurien_korsika_toskana_elba.html\">Korsika<\/a> und <a href=\"~\/mittelmeer\/Yachtcharter_sardinien.html\">Sardinien<\/a> planen.<\/p>\n<p>Rund um den Hafen von Portoferraio liegt und lebt die malerische Altstadt. Mit herrlichen Aussichten und einer fr\u00f6hlichen Atmosph\u00e4re  besitzt diese eine typische Anziehungskraft einer italienischen Kleinstadt. Elba  lebt von den Touristen, so dass es an Boutiquen, Bars, Restaurants und sch\u00f6nen Caf\u00e9s nicht mangelt. Portoferraio ist voll mit Sehensw\u00fcrdigkeiten und  reich an Geschichte. Der heutige Ort wurde von Cosimo I. de&rsquo; Medici als &bdquo;Cosmopoli&ldquo; gegr\u00fcndet. Die imposanten Befestigungsanlagen wurden ab dem Jahr 1548 gebaut, inklusive der Wehrmauer mit den drei Bastionen Falcone, Stella und der Linguella Turm. Von hier aus haben Yachtcharter Elba-Crews einen tollen Blick auf die Bucht, den Hafen und die gesamte Landschaft in der Umgebung.  Auch das Napoleon-Museum in der Villa dei Mulini,wo der franz\u00f6sische Kaiser 1814 in der Verbannung lebte, lohnt einen Besuch.<\/p>\n<h4><strong>Yachtcharter Portoferraio &#8211; der Yachthafen<\/strong><\/h4>\n<p>Etwa 15 Minuten zu Fu\u00df von den F\u00e4hranlegern entfernt befindet sich der Yachthafen von Portoferraio mit mehreren Yachtcharter Elba-St\u00fctzpunkten. Das U-f\u00f6rmige alte Hafenbecken, die Darsena Mediceo, liegt in einer nat\u00fcrlichen Bucht und ist gegen alle Winde gut gesch\u00fctzt. Dauerparkpl\u00e4tze f\u00fcr Yachtcharter Portoferraio Crews die mit Fahrzeugen anreisen, stehen auf einem eingez\u00e4unten Parkplatz nahe der Marina. Alle Stege sind in der Nacht beleuchtet und jeder Liegeplatz verf\u00fcgt \u00fcber Wasser- und Stromanschl\u00fcsse. Au\u00dferdem bietet die Marina f\u00fcr Yachtcharter-Crews Sanit\u00e4re Einrichtungen, eine Tankstelle (Benzin und Diesel), B\u00fcgel- und W\u00e4scheservice, ein Restaurant,  sowie WLan, eine Auto- und Motorrad-Vermietung und Taxi Service. Proviant f\u00fcr den Yachtcharter Portoferraio-T\u00f6rn gibt es im Supermarkt gleich in der N\u00e4he &#8211; hier kann auch die Verpflegung vorbestellt werden. <\/p>\n<p>\nCharteryachten Portoferraio: In Portoferraio steht f\u00fcr Yachtcharter Elba-Crews eine Charterflotte von Segelyachten von 32 bis 49 Fu\u00df  mehrerer gro\u00dfer Hersteller zur Verf\u00fcgung: unter anderem  Bavaria, Jeanneau Sun Odyssey und  Segelkatamarane von Lagoon. Chartern Sie die beste  Yacht f\u00fcr Ihren Segelurlaub ab  Elba online oder fragen Sie uns nach Angeboten &ndash; wir beraten Sie gern.<\/p>\n<h4>Wichtiger Hinweis f\u00fcr Yachtcharter Elba-Crews:<\/h4>\n<p>In der Bucht von Portoferraio k\u00f6nnen Chartersegler auf der Durchreise auch ankern. Allerdings ist eine Ankerwache an Bord Pflicht &#8211; es muss aus Sicherheitsgr\u00fcnden immer ein Crewmitglied an Bord bleiben. Die Beh\u00f6rden f\u00fchren Kontrollen durch: Skipper, die ihre Charteryachten in Portoferraio allein schwojen lassen, m\u00fcssen mit erheblichen Geldbu\u00dfen rechnen.<\/p>\n<p><\/p>\n","protected":false},"excerpt":{"rendered":"<p>Yachtcharter Elba &#8211; Portoferraio Die Yachtcharter-Destination Portoferraio liegt auf der Nordseite der Insel Elba und ist deren Hauptstadt. Portoferraio &#8211; \u00fcbersetzt bedeutet der Name &bdquo;Eisenhafen&ldquo;, zur\u00fcckzuf\u00fchren auf den Eisenabbau auf Elba &#8211; ist ein attraktiver Ausgangshafen f\u00fcr Yachtcharter Elba-Crews, die einen Segelt\u00f6rn ab Portoferraio im toskanischen Archipel sowie in die<\/p>\n","protected":false},"author":11,"featured_media":0,"parent":759,"menu_order":0,"comment_status":"open","ping_status":"open","template":"","meta":[],"aioseo_notices":[],"_links":{"self":[{"href":"https:\/\/yachtcharter-connection.com\/de\/wp-json\/wp\/v2\/pages\/2273"}],"collection":[{"href":"https:\/\/yachtcharter-connection.com\/de\/wp-json\/wp\/v2\/pages"}],"about":[{"href":"https:\/\/yachtcharter-connection.com\/de\/wp-json\/wp\/v2\/types\/page"}],"author":[{"embeddable":true,"href":"https:\/\/yachtcharter-connection.com\/de\/wp-json\/wp\/v2\/users\/11"}],"replies":[{"embeddable":true,"href":"https:\/\/yachtcharter-connection.com\/de\/wp-json\/wp\/v2\/comments?post=2273"}],"version-history":[{"count":1,"href":"https:\/\/yachtcharter-connection.com\/de\/wp-json\/wp\/v2\/pages\/2273\/revisions"}],"predecessor-version":[{"id":12950,"href":"https:\/\/yachtcharter-connection.com\/de\/wp-json\/wp\/v2\/pages\/2273\/revisions\/12950"}],"up":[{"embeddable":true,"href":"https:\/\/yachtcharter-connection.com\/de\/wp-json\/wp\/v2\/pages\/759"}],"wp:attachment":[{"href":"https:\/\/yachtcharter-connection.com\/de\/wp-json\/wp\/v2\/media?parent=2273"}],"curies":[{"name":"wp","href":"https:\/\/api.w.org\/{rel}","templated":true}]}}