{"id":2278,"date":"2011-03-14T05:09:36","date_gmt":"2011-03-14T05:09:36","guid":{"rendered":"http:\/\/yachtcharter-connection.com.w01e47c6.kasserver.com\/sardinien-porto-cervo\/"},"modified":"2018-04-14T17:31:23","modified_gmt":"2018-04-14T15:31:23","slug":"sardinien-porto-cervo","status":"publish","type":"page","link":"https:\/\/yachtcharter-connection.com\/de\/regionen\/mittelmeer\/yachtcharter-sardinien\/sardinien-porto-cervo\/","title":{"rendered":"Sardinien \/ Porto Cervo"},"content":{"rendered":"<h1><strong>Yachtcharter Sardinien &#8211; Porto Cervo<\/strong><\/h1>\n<p><a href=\"https:\/\/yachtcharter-connection.com\/wp-content\/uploads\/2015\/08\/Porto-CervoSardinia-Porto-Cervo-6.jpg\"><img loading=\"lazy\" class=\"alignleft size-full wp-image-26173\" src=\"https:\/\/yachtcharter-connection.com\/wp-content\/uploads\/2015\/08\/Porto-CervoSardinia-Porto-Cervo-6.jpg\" alt=\"Luxury yacht Charters Sardinia\" width=\"600\" height=\"400\" srcset=\"https:\/\/yachtcharter-connection.com\/wp-content\/uploads\/2015\/08\/Porto-CervoSardinia-Porto-Cervo-6.jpg 600w, https:\/\/yachtcharter-connection.com\/wp-content\/uploads\/2015\/08\/Porto-CervoSardinia-Porto-Cervo-6-300x200.jpg 300w\" sizes=\"(max-width: 600px) 100vw, 600px\" \/><\/a><strong>Porto Cervo an der Costa Smeralda, einst von Aga Khan zum absoluten Luxusresort aufgebaut, steht auch heute noch f\u00fcr Nobeltourismus. Im Sommer ist der Ort Treffpunkt f\u00fcr die G\u00e4ste der Luxusyachten, Megayachten und Superyachten &#8211; darunter einige der sch\u00f6nsten Luxus-Charteryachten der Welt.<\/strong><\/p>\n<p><strong>Fragen Sie uns nach Angeboten f\u00fcr Luxusyacht-Charter an der Costa Smeralda.\u00a0<\/strong><\/p>\n","protected":false},"excerpt":{"rendered":"<p>Yachtcharter Sardinien &#8211; Porto Cervo Porto Cervo an der Costa Smeralda, einst von Aga Khan zum absoluten Luxusresort aufgebaut, steht auch heute noch f\u00fcr Nobeltourismus. Im Sommer ist der Ort Treffpunkt f\u00fcr die G\u00e4ste der Luxusyachten, Megayachten und Superyachten &#8211; darunter einige der sch\u00f6nsten Luxus-Charteryachten der Welt. Fragen Sie uns<\/p>\n","protected":false},"author":11,"featured_media":0,"parent":760,"menu_order":0,"comment_status":"open","ping_status":"open","template":"","meta":[],"aioseo_notices":[],"_links":{"self":[{"href":"https:\/\/yachtcharter-connection.com\/de\/wp-json\/wp\/v2\/pages\/2278"}],"collection":[{"href":"https:\/\/yachtcharter-connection.com\/de\/wp-json\/wp\/v2\/pages"}],"about":[{"href":"https:\/\/yachtcharter-connection.com\/de\/wp-json\/wp\/v2\/types\/page"}],"author":[{"embeddable":true,"href":"https:\/\/yachtcharter-connection.com\/de\/wp-json\/wp\/v2\/users\/11"}],"replies":[{"embeddable":true,"href":"https:\/\/yachtcharter-connection.com\/de\/wp-json\/wp\/v2\/comments?post=2278"}],"version-history":[{"count":3,"href":"https:\/\/yachtcharter-connection.com\/de\/wp-json\/wp\/v2\/pages\/2278\/revisions"}],"predecessor-version":[{"id":26187,"href":"https:\/\/yachtcharter-connection.com\/de\/wp-json\/wp\/v2\/pages\/2278\/revisions\/26187"}],"up":[{"embeddable":true,"href":"https:\/\/yachtcharter-connection.com\/de\/wp-json\/wp\/v2\/pages\/760"}],"wp:attachment":[{"href":"https:\/\/yachtcharter-connection.com\/de\/wp-json\/wp\/v2\/media?parent=2278"}],"curies":[{"name":"wp","href":"https:\/\/api.w.org\/{rel}","templated":true}]}}