{"id":2281,"date":"2015-08-10T05:53:43","date_gmt":"2015-08-10T05:53:43","guid":{"rendered":"http:\/\/yachtcharter-connection.com.w01e47c6.kasserver.com\/sardinien-olbia\/"},"modified":"2018-03-15T18:50:13","modified_gmt":"2018-03-15T16:50:13","slug":"sardinien-olbia","status":"publish","type":"page","link":"https:\/\/yachtcharter-connection.com\/de\/regionen\/mittelmeer\/yachtcharter-sardinien\/sardinien-olbia\/","title":{"rendered":"Sardinien \/ Olbia"},"content":{"rendered":"<h1><strong>Yachtcharter Olbia<\/strong><\/h1>\n<p><img loading=\"lazy\" class=\"alignleft size-full wp-image-26147\" src=\"https:\/\/yachtcharter-connection.com\/wp-content\/uploads\/2015\/08\/Sardinia-Olbia-bay-catamaran-new.jpg\" alt=\"Olbia Charter Katamaran \" width=\"352\" height=\"248\" srcset=\"https:\/\/yachtcharter-connection.com\/wp-content\/uploads\/2015\/08\/Sardinia-Olbia-bay-catamaran-new.jpg 352w, https:\/\/yachtcharter-connection.com\/wp-content\/uploads\/2015\/08\/Sardinia-Olbia-bay-catamaran-new-300x211.jpg 300w\" sizes=\"(max-width: 352px) 100vw, 352px\" \/>Die Yachtcharter-Destination Olbia liegt im Nordosten von Sardinien, am s\u00fcdlichen Ende der weltber\u00fchmten Costa Smeralda. Olbia ist durch den eigenen Airport leicht erreichtbar\u00a0 &#8211; er ist das Tor nicht nur nach Olbia, sondern auch zu anderen Yachtcharter-H\u00e4fen wie Portisco, Porto Cervo, Porto Rotondo und vielen anderen Marinas. Olbia ist auch ein wichtiger Hafen f\u00fcr den F\u00e4hrverkehr. Die Stadt blickt auf eine lange Geschichte zur\u00fcck. Yachtcharter-Crews finden historische Geb\u00e4ude sowie kleine Stra\u00dfen zum Flanieren und nat\u00fcrlich elegante Designerl\u00e4den.<\/p>\n<p>Olbia ist der perfekte Ausgangshafen f\u00fcr einen Charterurlaub entlang der Costa Smeralda, einen T\u00f6rn zum Maddalena-Archipel oder nach Korsika.<\/p>\n<h2>\n<strong>Charteryachten Olbia &#8211; Luxusyachten und Bareboat-Charteryachten<\/strong><\/h2>\n<p>In Olbia gibt es eine gro\u00dfe Charterflotte von Segelyachten und Katamaranen aller Gr\u00f6\u00dfen f\u00fcr das Segeln in Sardinien. Megayachten, Superyachten, Luxusyachten, Segelyachten, Katamarane mit Crew &#8211; wir bieten alle Arten von Luxusjachten mit Crew in Olbia f\u00fcrIhren perfekten Yachtcharter-Urlaub in Sardinien an. Bitte fragen Sie nach Angeboten!<\/p>\n","protected":false},"excerpt":{"rendered":"<p>Yachtcharter Olbia Die Yachtcharter-Destination Olbia liegt im Nordosten von Sardinien, am s\u00fcdlichen Ende der weltber\u00fchmten Costa Smeralda. Olbia ist durch den eigenen Airport leicht erreichtbar\u00a0 &#8211; er ist das Tor nicht nur nach Olbia, sondern auch zu anderen Yachtcharter-H\u00e4fen wie Portisco, Porto Cervo, Porto Rotondo und vielen anderen Marinas. Olbia<\/p>\n","protected":false},"author":11,"featured_media":0,"parent":760,"menu_order":0,"comment_status":"open","ping_status":"open","template":"","meta":[],"aioseo_notices":[],"_links":{"self":[{"href":"https:\/\/yachtcharter-connection.com\/de\/wp-json\/wp\/v2\/pages\/2281"}],"collection":[{"href":"https:\/\/yachtcharter-connection.com\/de\/wp-json\/wp\/v2\/pages"}],"about":[{"href":"https:\/\/yachtcharter-connection.com\/de\/wp-json\/wp\/v2\/types\/page"}],"author":[{"embeddable":true,"href":"https:\/\/yachtcharter-connection.com\/de\/wp-json\/wp\/v2\/users\/11"}],"replies":[{"embeddable":true,"href":"https:\/\/yachtcharter-connection.com\/de\/wp-json\/wp\/v2\/comments?post=2281"}],"version-history":[{"count":3,"href":"https:\/\/yachtcharter-connection.com\/de\/wp-json\/wp\/v2\/pages\/2281\/revisions"}],"predecessor-version":[{"id":26151,"href":"https:\/\/yachtcharter-connection.com\/de\/wp-json\/wp\/v2\/pages\/2281\/revisions\/26151"}],"up":[{"embeddable":true,"href":"https:\/\/yachtcharter-connection.com\/de\/wp-json\/wp\/v2\/pages\/760"}],"wp:attachment":[{"href":"https:\/\/yachtcharter-connection.com\/de\/wp-json\/wp\/v2\/media?parent=2281"}],"curies":[{"name":"wp","href":"https:\/\/api.w.org\/{rel}","templated":true}]}}