{"id":2283,"date":"2015-08-10T05:53:43","date_gmt":"2015-08-10T05:53:43","guid":{"rendered":"http:\/\/yachtcharter-connection.com.w01e47c6.kasserver.com\/sizilien-palermo\/"},"modified":"2018-04-19T21:20:13","modified_gmt":"2018-04-19T19:20:13","slug":"sizilien-palermo","status":"publish","type":"page","link":"https:\/\/yachtcharter-connection.com\/de\/regionen\/mittelmeer\/yachtcharter-sizilien-aeolische-inseln-kalabrien\/sizilien-palermo\/","title":{"rendered":"Sizilien \/ Palermo"},"content":{"rendered":"<h1><strong>Yachtcharter Sizilien &#8211; Palermo<\/strong><\/h1>\n<p>&nbsp;<\/p>\n<p><img class=\"content-image\" style=\"width: 300px; height: 200px;\" src=\"https:\/\/yachtcharter-connection.com\/wp-content\/uploads\/converted_files\/19777\/19777-5624e2cd5e190.jpg\" alt=\"Yachtcharter Sizilien-Palermo\" \/>Die Yachtcharter-Destination Palermo, f\u00fcnftgr\u00f6\u00dfte Stadt Italiens, liegt in einer Bucht an der westlichen Nordk\u00fcste Siziliens. Die Stadt wird von den Bergen Monte Pellegrino im Norden und Monte Catafalno im Osten eingerahmt. Yachtcharter Palermo-Crews fliegen meist zum nahe gelegenen Airport Palermo \u2013 einige Charterst\u00fctzpunkte bieten aber auch Transfers vom Flughafen Catania aus nach Palermo an.<\/p>\n<p>Palermo, bereits im 8. Jahrhundert v. Chr. gegr\u00fcndet , entwickelte sich unter diversen Besatzern schnell zum kulturellen und wirtschaftlichen Zentrum Siziliens. Ihren Namen bekam die Stadt von den Griechen, die sie \u201egro\u00dfer Hafen\u201c tauften. Nach Ende der arabischen Besatzung wurde Palermo unter Friedrich II zur Residenzstadt.<\/p>\n<p>Heute hat Palermo den gr\u00f6\u00dften Hafens Siziliens und ist Sitz wichtiger Industriebetriebe und immer mehr touristischer Anziehungspunkt. Yachtcharter Palermo-Crews k\u00f6nnen in der Stadt unz\u00e4hlige Sehensw\u00fcrdigkeiten erkunden, Pl\u00e4tze, Kirchen, Pal\u00e4ste wie der Normannenpalast und andere Bauwerke. Besonders sehenswert: das Teatro Massimo aus dem 19. Jahrhundert. Auch interessant f\u00fcr Yachtcharter Sizilen-Crews: die gro\u00dfen M\u00e4rkte wie der Mercato della Vucciria oder der Mercato del Capo.<\/p>\n<p>Die meisten Chartert\u00f6rns von Palermo aus f\u00fchren entweder zu den Liparischen Inseln (\u00c4olischen Inseln) mit Stromboli, Vulcano, Ustica und anderen malerischen Inseln \u2013 oder gen Westen zu den \u00c4gadischen Inseln.<\/p>\n<h3><strong>Yachtcharter Palermo &#8211; die Yachth\u00e4fen<\/strong><\/h3>\n<p>Palermo verf\u00fcgt \u00fcber mehrere H\u00e4fen und Marinas: neben dem Stadthafen sind f\u00fcr Yachtcharter-Segler insbesondere die Marina Villa Igiea (Aquasante) und die Marina Arenella interessant.<\/p>\n<h2>Charteryachten Palermo<strong><br \/>\n<\/strong><\/h2>\n<p>In Palermo steht f\u00fcr Yachtcharter Palermo-Crews eine Charterflotte von Segelyachten und Katamarane fast aller gro\u00dfen Hersteller zur Verf\u00fcgung, ausserdem Motoryachten und Luxusyachten mit Crew. Chartern Sie die beste Yacht f\u00fcr Ihren Segelurlaub auf Sizilien ab Palermo online oder fragen Sie uns nach Angeboten, die nicht in unserem Yachtfinder gelistet sind \u2013 wir beraten Sie gern.<\/p>\n","protected":false},"excerpt":{"rendered":"<p>Yachtcharter Sizilien &#8211; Palermo &nbsp; Die Yachtcharter-Destination Palermo, f\u00fcnftgr\u00f6\u00dfte Stadt Italiens, liegt in einer Bucht an der westlichen Nordk\u00fcste Siziliens. Die Stadt wird von den Bergen Monte Pellegrino im Norden und Monte Catafalno im Osten eingerahmt. Yachtcharter Palermo-Crews fliegen meist zum nahe gelegenen Airport Palermo \u2013 einige Charterst\u00fctzpunkte bieten aber<\/p>\n","protected":false},"author":11,"featured_media":0,"parent":761,"menu_order":0,"comment_status":"open","ping_status":"open","template":"","meta":[],"aioseo_notices":[],"_links":{"self":[{"href":"https:\/\/yachtcharter-connection.com\/de\/wp-json\/wp\/v2\/pages\/2283"}],"collection":[{"href":"https:\/\/yachtcharter-connection.com\/de\/wp-json\/wp\/v2\/pages"}],"about":[{"href":"https:\/\/yachtcharter-connection.com\/de\/wp-json\/wp\/v2\/types\/page"}],"author":[{"embeddable":true,"href":"https:\/\/yachtcharter-connection.com\/de\/wp-json\/wp\/v2\/users\/11"}],"replies":[{"embeddable":true,"href":"https:\/\/yachtcharter-connection.com\/de\/wp-json\/wp\/v2\/comments?post=2283"}],"version-history":[{"count":4,"href":"https:\/\/yachtcharter-connection.com\/de\/wp-json\/wp\/v2\/pages\/2283\/revisions"}],"predecessor-version":[{"id":26233,"href":"https:\/\/yachtcharter-connection.com\/de\/wp-json\/wp\/v2\/pages\/2283\/revisions\/26233"}],"up":[{"embeddable":true,"href":"https:\/\/yachtcharter-connection.com\/de\/wp-json\/wp\/v2\/pages\/761"}],"wp:attachment":[{"href":"https:\/\/yachtcharter-connection.com\/de\/wp-json\/wp\/v2\/media?parent=2283"}],"curies":[{"name":"wp","href":"https:\/\/api.w.org\/{rel}","templated":true}]}}