{"id":2286,"date":"2015-08-10T05:53:43","date_gmt":"2015-08-10T05:53:43","guid":{"rendered":"http:\/\/yachtcharter-connection.com.w01e47c6.kasserver.com\/sizilien-portorosa\/"},"modified":"2017-07-16T02:29:26","modified_gmt":"2017-07-16T00:29:26","slug":"sizilien-portorosa","status":"publish","type":"page","link":"https:\/\/yachtcharter-connection.com\/de\/regionen\/mittelmeer\/yachtcharter-sizilien-aeolische-inseln-kalabrien\/sizilien-portorosa\/","title":{"rendered":"Sizilien \/ Portorosa"},"content":{"rendered":"<h3>Yachtcharter Sizilien &#8211; Portorosa<\/h3>\n<p>\n<img class=\"content-image\"  src=\"https:\/\/yachtcharter-connection.com\/wp-content\/uploads\/converted_files\/19780\/19780-5624e2d00239a.jpg\" alt=\"Italy-Sicily-yacht-charters-portorosa-1.jpg\" style=\"width: 300px; height: 187px;\" \/>Die Yachtcharter-Destination Portorosa liegt im Nordosten von <a href=\"https:\/\/yachtcharter-connection.com\/wp-content\/uploads\/converted_files\/19780\/19780-5624e2d133975.jpg\">Sizilien<\/a> in der Provinz Messina inmitten einer gr\u00fcnen Landschaft. Yachtcharter Sizilien-Crews erreichen Portorosa \u00fcber die Flugh\u00e4fen von <a href=\"~\/Yachtcharter_italien\/sizilien_catania.html\">Catania<\/a> oder <a href=\"~\/Yachtcharter_italien\/reggio_calabria.html\">Reggio Calabria.<\/a> In Portorosa, einer modernen Ferienanlage,  finden Yachtcharter Portorosa-Crews eine gem\u00fctlich-elegante Atmosph\u00e4re mit allen Annehmlichkeiten vor wie etwa gute Restaurants, die sowohl sizilianische als auch italienische Gerichte anbieten, Klavierbars und Clubs, ein Einkaufszentrum, Designer-Shops oder Tennispl\u00e4tze.<\/p>\n<p>Westlich von Portorosa k\u00f6nnen Yachtcharter Portorosa-Crews einen der bekanntesten Wallfahrtsorte besuchen: Das im 4. Jahrhundert vor Christus gegr\u00fcndete Tindari (Tyndari) verschwand durch ein Erdbeben im 1. Jahrhundert teilweise im Meer. Die mittelalterliche Wallfahrtskirche der Schwarzen Madonna, die der Sage nach das Meer zur\u00fcckweichen lie\u00df, um ein Kind zu retten, ein \u00e4olisch-griechische Theater und r\u00f6mische Ruinen sind auf jeden Fall einen Besuch wert. Von der Kirche aus haben Yachtcharter Portorosa-Crews einen herrlichen Blick auf Tindari, Portorosa und das Meer bis hin zu den Liparischen Inseln. Weiteres lohnenswertes Ausflugsziel: <a href=\"~\/Yachtcharter_italien\/sizilien_taormina.html\">Taormina<\/a>, eine der sch\u00f6nsten Kleinst\u00e4dte der Welt.   <\/p>\n<p>Viele Yachtcharter Portorosa-Segler erkunden von Sizilien aus die sieben nahegelegenen \u00c4olischen Inseln, auch als <a href=\"https:\/\/yachtcharter-connection.com\/wp-content\/uploads\/converted_files\/19780\/19780-5624e2d133975.jpg\">Liparische Inseln<\/a> bekannt: Vulcano, Lipari, Salina, Filicudi, Alicudi, Panarea und Stromboli. Sie sind nur wenige Seemeilen voneinander entfernt und bieten die ganze Vielfalt vulkanischer Landschaften. F\u00fcr Segelt\u00f6rns zu den \u00c4olischen Inseln ist Portorosa der ideale Ausgangshafen.<\/p>\n<h4>Yachtcharter Portorosa &#8211; der Yachthafen<\/h4>\n<p>\nDer Yachthafen Marina di Portorosa, der zum Ort Furnari geh\u00f6rt, liegt in der Bucht zwischen Tindari und <a href=\"~\/Yachtcharter_italien\/sizilien_milazzo.html\">Milazzo<\/a>, selbst auch Sitz mehrerer Yachtcharter Sizilien-St\u00fctzpunkte. In den 90er Jahren baute man den Yachthafen in Portorosa entlang mehrerer Kan\u00e4len, zwischen denen Luxusvillen liegen. Die Marina di Portorosa ist einer der gr\u00f6\u00dften Yachth\u00e4fen auf Sizilien mit Platz f\u00fcr \u00fcber 700 Yachten.  Viele Yachtcharter Sizilien-St\u00fctzpunkte haben ihre Segelyachten in Portorosa stationiert. Die moderne Marina bei Yachtcharter Portorosa Crews wegen der g\u00fcnstigen Lage sehr beliebt. Schon seit 1993 weht hier Umwelt-Auszeichnung &bdquo; Blaue Flagge&ldquo;. Der Hafen bietet den Yachtcharter Portorosa-Crews s\u00e4mtliche Service-Leistungen mit den gewohnten internationalen Standards. <br \/>\n<strong><br \/>\nCharteryachten Portorosa<\/strong>: In der Marina di Portorosa steht f\u00fcr Yachtcharter Portorosa-Crews eine Charterflotte von Segelyachten fast aller gro\u00dfen Hersteller zur Verf\u00fcgung: Beneteau mit Oceanis und Cyclades, Bavaria, Jeanneau Sun Odyssey, Hanse, Dufour und Ocean Star sowie Segelkatamarane von Lagoon und auch Motoryachten. Chartern Sie die beste Yacht f\u00fcr Ihren Segelurlaub auf Sizilien ab Portorosa online oder fragen Sie uns nach Angeboten &ndash; wir beraten Sie gern. <\/p>\n","protected":false},"excerpt":{"rendered":"<p>Yachtcharter Sizilien &#8211; Portorosa Die Yachtcharter-Destination Portorosa liegt im Nordosten von Sizilien in der Provinz Messina inmitten einer gr\u00fcnen Landschaft. Yachtcharter Sizilien-Crews erreichen Portorosa \u00fcber die Flugh\u00e4fen von Catania oder Reggio Calabria. In Portorosa, einer modernen Ferienanlage, finden Yachtcharter Portorosa-Crews eine gem\u00fctlich-elegante Atmosph\u00e4re mit allen Annehmlichkeiten vor wie etwa gute<\/p>\n","protected":false},"author":11,"featured_media":0,"parent":761,"menu_order":0,"comment_status":"open","ping_status":"open","template":"","meta":[],"aioseo_notices":[],"_links":{"self":[{"href":"https:\/\/yachtcharter-connection.com\/de\/wp-json\/wp\/v2\/pages\/2286"}],"collection":[{"href":"https:\/\/yachtcharter-connection.com\/de\/wp-json\/wp\/v2\/pages"}],"about":[{"href":"https:\/\/yachtcharter-connection.com\/de\/wp-json\/wp\/v2\/types\/page"}],"author":[{"embeddable":true,"href":"https:\/\/yachtcharter-connection.com\/de\/wp-json\/wp\/v2\/users\/11"}],"replies":[{"embeddable":true,"href":"https:\/\/yachtcharter-connection.com\/de\/wp-json\/wp\/v2\/comments?post=2286"}],"version-history":[{"count":1,"href":"https:\/\/yachtcharter-connection.com\/de\/wp-json\/wp\/v2\/pages\/2286\/revisions"}],"predecessor-version":[{"id":13017,"href":"https:\/\/yachtcharter-connection.com\/de\/wp-json\/wp\/v2\/pages\/2286\/revisions\/13017"}],"up":[{"embeddable":true,"href":"https:\/\/yachtcharter-connection.com\/de\/wp-json\/wp\/v2\/pages\/761"}],"wp:attachment":[{"href":"https:\/\/yachtcharter-connection.com\/de\/wp-json\/wp\/v2\/media?parent=2286"}],"curies":[{"name":"wp","href":"https:\/\/api.w.org\/{rel}","templated":true}]}}