{"id":2296,"date":"2015-08-10T05:53:43","date_gmt":"2015-08-10T05:53:43","guid":{"rendered":"http:\/\/yachtcharter-connection.com.w01e47c6.kasserver.com\/split-812\/"},"modified":"2018-01-15T21:33:24","modified_gmt":"2018-01-15T19:33:24","slug":"split-812","status":"publish","type":"page","link":"https:\/\/yachtcharter-connection.com\/de\/regionen\/mittelmeer\/yachtcharter-adria-sued\/split-812\/","title":{"rendered":"Split"},"content":{"rendered":"<h1><strong>Yachtcharter Split &#8211; Segelyachten, Katamarane, Luxusyachten und Motorsegler<\/strong><\/h1>\n<p><img loading=\"lazy\" class=\"content-image\" src=\"https:\/\/yachtcharter-connection.com\/wp-content\/uploads\/converted_files\/19790\/19790-5624e2db1724d.jpg\" alt=\"Kroatien_Split\" width=\"300\" height=\"225\" \/>Split, Ausgangshafen f\u00fcr viele Yachtcharter-T\u00f6rns mit zahlreichen Yachtcharter Split-St\u00fctzpunkten, ist die zweitgr\u00f6\u00dfte Stadt des Yachtcharter-Reviers <a href=\"~\/Yachtcharter_kroatien.html\">Kroatien<\/a> und wichtigstes Zentrum Dalmatiens. Split lebt \u00fcberwiegend vom Tourismus, von Yachtcharter Split und der Fischerei. Der Hafen Split ist der Verkehrsknotenpunkt, der das Festland mit den Inseln verbindet.<\/p>\n<p>Sehenswert f\u00fcr Yachtcharter Split-Crews ist die alte Innenstadt: Kaiser Diokletian lie\u00df im 3.Jahrhundert einen Palast bauen. Als dieser l\u00e4ngst verlassen war, siedelten die ersten Einwohner innerhalb der Palastmauern und bauten dort sogar einen Dom. Hier war die Keimzelle der Stadt Split, sie geh\u00f6rt seit 1979 zum Weltkulturerbe der Unesco. Die Altstadt mit Dom, M\u00e4rkten, Pl\u00e4tzen, Gassen, Gesch\u00e4ften und Lokalen liegt immer noch im Palast und l\u00e4dt die Yachtcharter Split -Crews zum Bummeln und Shoppen ein. Langeweile kommt bei den Yachtcharter Split-Crews bestimmt nicht auf: Neben zahlreichen Restaurants mit hervorragender kroatischer K\u00fcche warten auf die Yachtcharter Split-Crews Musikfestivals, Theatervorstellungen, Konzerte, Ausstellungen in den zahlreichen Galerien und Folklore-Vorf\u00fchrungen. Einen sch\u00f6nen Blick \u00fcber die Stadt haben die Yachtcharter Split Crews vom H\u00fcgel Marjan aus.<\/p>\n<p>Die meisten Charteryachten liegen bei den Yachtcharter Split-S\u00fctzpunkten in der ACI-Marina. Die Altstadt liegt in der gleichen Bucht wie die Marina und der F\u00e4hrhafen und ist von den Yachtcharter Split-St\u00fctzpunkten aus zu Fu\u00df erreichbar &#8211; alternativ gibt es auch Wassertaxis von der Yachtcharter ACI-Marina Split zur Promenade. Festmachen an der Altstadtpier ist f\u00fcr Yachtcharter Split-Crews nicht erlaubt. Als Ansteuerungsmarken f\u00fcr die Einfahrt in die Bucht dienen der Turm der Kathedrale Sv. Duje oder der alte Leuchtturm von Pomorac, der allerdings offiziell als Leuchtfeuer ausgedient hat. Die Marina bietet f\u00fcr Yachtcharter Split-Crews unter anderem Supermarkt und Tankstelle. Weitere M\u00f6glichkeiten zum Tanken (vor R\u00fcckgabe der Charteryacht) gibt es unter anderem in Milna auf Brac oder in Trogir.<\/p>\n<h2><strong>Yachtcharter Split &#8211; die Cruising Area<\/strong><\/h2>\n<p>Au\u00dfer Segelyachten finden Charterer in Split auch zahlreiche Charter-Motoryachten. Die meisten Yachtcharter Split-Crews erkunden die Inselwelt Dalmatiens &#8211; vor allem Hvar, Brac, Solta, Lastovo, Korcula und die Insel Vis sind beliebte Ziele f\u00fcr Yachtcharter Split-T\u00f6rns. Gefragt sind auch Oneway-Yachtcharter-T\u00f6rns nach<span style=\"color: #003366;\"><a style=\"color: #003366;\" href=\"https:\/\/yachtcharter-connection.com\/de\/regionen\/mittelmeer\/yachtcharter-adria-sued\/dubrovnik-314\/\" target=\"_blank\"> Dubrovnik<\/a><\/span>. Split hat seine eigene Riviera im Bereich Podstrana \u2013 am rund sechs Kilometer langen Kiesstrand gibt es zahlreiche Ferien-Unterk\u00fcnfte f\u00fcr Landtouristen, und viel Gastronomie auch f\u00fcr Yachtcharter Split-Crews. Gen S\u00fcden liegt die Makarska Riviera &#8211; gute Liegepl\u00e4tze, um die Str\u00e4nde zu erkunden, gibt es in der Marina von Brela. In der N\u00e4he von Split lohnt sich f\u00fcr Yachtcharter Split-Crews in jedem Fall ein Abstecher nach Trogir mit seinem malerischen mittelalterlichen Stadtkern, der auf einer Halbinsel liegt und ebenfalls als Unesco-Welterbe gesch\u00fctzt ist. Sch\u00f6ne Ankerpl\u00e4tze und ein nettes D\u00f6rfchen gibt es in der Bucht von Vinisce &#8211; und Yachtcharter Split-Crews, die Wert auf nobles Ambiente legen, werden sich in Rogoznica mit seiner Edelmarina wohl f\u00fchlen.<\/p>\n<p>Die Anreise der Yachtcharter Split-Crews erfolgt \u00fcber den Flughafen Split. Ganz in der N\u00e4he von Split und dem Airport liegen auch die Yachtcharter-St\u00fctzpunkte <span style=\"color: #003366;\"><a style=\"color: #003366;\" href=\"https:\/\/yachtcharter-connection.com\/de\/regionen\/mittelmeer\/yachtcharter-adria-sued\/trogir-412\/\" target=\"_blank\">Trogir<\/a><\/span> und <span style=\"color: #003366;\"><a style=\"color: #003366;\" href=\"https:\/\/yachtcharter-connection.com\/de\/regionen\/mittelmeer\/yachtcharter-adria-sued\/marina-kastela-673\/\" target=\"_blank\">Marina Kastela<\/a><\/span>, beide ebenfalls Sitz zahlreicher Charterflotten.<\/p>\n<p>&nbsp;<\/p>\n<h3><strong>Charteryachten Split: Bareboat-Yachten und Luxus-Charteryachten<\/strong><\/h3>\n<p><strong>F\u00fcr Yachtcharter ab Split stehen viele Segelyachten und Katamarane sowie Motoryachten zur Verf\u00fcgung. Es gibt gro\u00dfe Bareboat Charterflotten, und nat\u00fcrlich zahlreiche sch\u00f6ne Yachten mit Crew: Luxus-Motoryachten und Superyachten, Katamarane mit Crew und nat\u00fcrlich die traditionellen kroatischen Motorsegler \/ Gulets, ideal f\u00fcr einen Urlaub mit einer gro\u00dfen Familie. Fragen Sie nach Angeboten!<\/strong><\/p>\n<p>&nbsp;<\/p>\n","protected":false},"excerpt":{"rendered":"<p>Yachtcharter Split &#8211; Segelyachten, Katamarane, Luxusyachten und Motorsegler Split, Ausgangshafen f\u00fcr viele Yachtcharter-T\u00f6rns mit zahlreichen Yachtcharter Split-St\u00fctzpunkten, ist die zweitgr\u00f6\u00dfte Stadt des Yachtcharter-Reviers Kroatien und wichtigstes Zentrum Dalmatiens. Split lebt \u00fcberwiegend vom Tourismus, von Yachtcharter Split und der Fischerei. Der Hafen Split ist der Verkehrsknotenpunkt, der das Festland mit den<\/p>\n","protected":false},"author":11,"featured_media":0,"parent":744,"menu_order":0,"comment_status":"open","ping_status":"open","template":"","meta":[],"aioseo_notices":[],"_links":{"self":[{"href":"https:\/\/yachtcharter-connection.com\/de\/wp-json\/wp\/v2\/pages\/2296"}],"collection":[{"href":"https:\/\/yachtcharter-connection.com\/de\/wp-json\/wp\/v2\/pages"}],"about":[{"href":"https:\/\/yachtcharter-connection.com\/de\/wp-json\/wp\/v2\/types\/page"}],"author":[{"embeddable":true,"href":"https:\/\/yachtcharter-connection.com\/de\/wp-json\/wp\/v2\/users\/11"}],"replies":[{"embeddable":true,"href":"https:\/\/yachtcharter-connection.com\/de\/wp-json\/wp\/v2\/comments?post=2296"}],"version-history":[{"count":4,"href":"https:\/\/yachtcharter-connection.com\/de\/wp-json\/wp\/v2\/pages\/2296\/revisions"}],"predecessor-version":[{"id":25818,"href":"https:\/\/yachtcharter-connection.com\/de\/wp-json\/wp\/v2\/pages\/2296\/revisions\/25818"}],"up":[{"embeddable":true,"href":"https:\/\/yachtcharter-connection.com\/de\/wp-json\/wp\/v2\/pages\/744"}],"wp:attachment":[{"href":"https:\/\/yachtcharter-connection.com\/de\/wp-json\/wp\/v2\/media?parent=2296"}],"curies":[{"name":"wp","href":"https:\/\/api.w.org\/{rel}","templated":true}]}}