{"id":2297,"date":"2015-08-10T05:53:43","date_gmt":"2015-08-10T05:53:43","guid":{"rendered":"http:\/\/yachtcharter-connection.com.w01e47c6.kasserver.com\/biograd-587\/"},"modified":"2017-07-14T17:12:51","modified_gmt":"2017-07-14T15:12:51","slug":"biograd-587","status":"publish","type":"page","link":"https:\/\/yachtcharter-connection.com\/de\/regionen\/mittelmeer\/yachtcharter-adria-nord\/biograd-587\/","title":{"rendered":"Biograd"},"content":{"rendered":"<h3>Yachtcharter Biograd<\/h3>\n<p>\n<img loading=\"lazy\" class=\"content-image\"  height=\"141\" width=\"300\" src=\"https:\/\/yachtcharter-connection.com\/wp-content\/uploads\/converted_files\/19791\/19791-5624e2e49796c.jpg\" alt=\"Yachtcharter_Kroatien_Kornaten\" \/>Biograd war im 11. Jahrhundert der Sitz der kroatischen K\u00f6nige. Der alte Stadtkern von Biograd &#8211; eigentlich Biograd na Moru &#8211; in Norddalmatien liegt auf einer Halbinsel, die moderne Stadt erstreckt sich heute an der K\u00fcste entlang bis zur Soline-Bucht, die von Sandstrand und Kiefernwald ges\u00e4umt ist. Die Inseln Planac und Sveta Katarina liegen direkt vor der kleinen Stadt, die heute etwa 6.000 Einwohner z\u00e4hlt und als eines der Zentren des nautischen Tourismus gilt. Mehrere Yachtcharter-Basen liegen in der Marina Kornati, anzusteuern durch den Pasmanski-Kanal zwischen Pasman und der Insel Babac.<\/p>\n<p>Wie Zadar und Sukosan ist auch Biograd Ausgangshafen f\u00fcr Yachtcharter-T\u00f6rns durch die Inselwelt des Kornaten-Nationalparks.An der K\u00fcste finden sich hier zahlreiche kleine Badeorte wie Sveti Petar, Pakostane oder Turanj sowie zahlreiche sch\u00f6ne Str\u00e4nde und malerische Buchten. <\/p>\n","protected":false},"excerpt":{"rendered":"<p>Yachtcharter Biograd Biograd war im 11. Jahrhundert der Sitz der kroatischen K\u00f6nige. Der alte Stadtkern von Biograd &#8211; eigentlich Biograd na Moru &#8211; in Norddalmatien liegt auf einer Halbinsel, die moderne Stadt erstreckt sich heute an der K\u00fcste entlang bis zur Soline-Bucht, die von Sandstrand und Kiefernwald ges\u00e4umt ist. Die<\/p>\n","protected":false},"author":11,"featured_media":0,"parent":757,"menu_order":0,"comment_status":"open","ping_status":"open","template":"","meta":[],"aioseo_notices":[],"_links":{"self":[{"href":"https:\/\/yachtcharter-connection.com\/de\/wp-json\/wp\/v2\/pages\/2297"}],"collection":[{"href":"https:\/\/yachtcharter-connection.com\/de\/wp-json\/wp\/v2\/pages"}],"about":[{"href":"https:\/\/yachtcharter-connection.com\/de\/wp-json\/wp\/v2\/types\/page"}],"author":[{"embeddable":true,"href":"https:\/\/yachtcharter-connection.com\/de\/wp-json\/wp\/v2\/users\/11"}],"replies":[{"embeddable":true,"href":"https:\/\/yachtcharter-connection.com\/de\/wp-json\/wp\/v2\/comments?post=2297"}],"version-history":[{"count":1,"href":"https:\/\/yachtcharter-connection.com\/de\/wp-json\/wp\/v2\/pages\/2297\/revisions"}],"predecessor-version":[{"id":13170,"href":"https:\/\/yachtcharter-connection.com\/de\/wp-json\/wp\/v2\/pages\/2297\/revisions\/13170"}],"up":[{"embeddable":true,"href":"https:\/\/yachtcharter-connection.com\/de\/wp-json\/wp\/v2\/pages\/757"}],"wp:attachment":[{"href":"https:\/\/yachtcharter-connection.com\/de\/wp-json\/wp\/v2\/media?parent=2297"}],"curies":[{"name":"wp","href":"https:\/\/api.w.org\/{rel}","templated":true}]}}