{"id":2298,"date":"2014-05-04T21:58:29","date_gmt":"2014-05-04T21:58:29","guid":{"rendered":"http:\/\/yachtcharter-connection.com.w01e47c6.kasserver.com\/cres-951\/"},"modified":"2016-10-29T18:13:54","modified_gmt":"2016-10-29T16:13:54","slug":"cres-951","status":"publish","type":"page","link":"https:\/\/yachtcharter-connection.com\/de\/regionen\/mittelmeer\/yachtcharter-adria-nord\/cres-951\/","title":{"rendered":"Cres"},"content":{"rendered":"<h3>Yachtcharter Cres<\/h3>\n<p>\nDie Insel Cres im n\u00f6rdlichen Teil der Kvarner Bucht ist die gr\u00f6\u00dfte Insel der Adria und bei Yachtcharter Istrien-Crews sehr beliebt &#8211; 66 Kilometer lang und an der breitesten Stelle 12 Kilometer breit. Die K\u00fcstenl\u00e4nge der gebirgigen Insel, die bis zum zweiten Weltkrieg unter dem Namen Cherso zu Italien geh\u00f6rte, misst knapp 250 Kilometer. Die gleichnamige Hauptstadt ist venezianisch gepr\u00e4gt. Im S\u00fcden ist Cres im Ort Osor mit der Insel Losinj verbunden. Als Naturph\u00e4nomen auf Cres gilt der S\u00fc\u00dfwassersee Vrana, dessen Oberfl\u00e4che \u00fcber dem Meeresspiegel liegt, dessen Boden aber noch tiefer als der Meeresboden liegt &#8211; er ist das Trinkwasser-Reservoir der Insel und steht unter Naturschutz. Auf Cres gibt es auch noch freilebende G\u00e4nsegeier, eine der letzten Kolonien Europas.<\/p>\n<p>Die gro\u00dfe, sehr gut ausgestattete ACI-Marina Cres mit Yachtcharter Cres-Basis liegt im \u00f6stlichen Teil der Creski-Bucht. Cres ist ein perfekter Ausgangspunkt f\u00fcr Yachtcharter-T\u00f6rns in der Kvarner Bucht, nach Istrien oder in die n\u00f6rdlichen Kornaten.<\/p>\n","protected":false},"excerpt":{"rendered":"<p>Yachtcharter Cres Die Insel Cres im n\u00f6rdlichen Teil der Kvarner Bucht ist die gr\u00f6\u00dfte Insel der Adria und bei Yachtcharter Istrien-Crews sehr beliebt &#8211; 66 Kilometer lang und an der breitesten Stelle 12 Kilometer breit. Die K\u00fcstenl\u00e4nge der gebirgigen Insel, die bis zum zweiten Weltkrieg unter dem Namen Cherso zu<\/p>\n","protected":false},"author":11,"featured_media":0,"parent":757,"menu_order":0,"comment_status":"open","ping_status":"open","template":"","meta":[],"aioseo_notices":[],"_links":{"self":[{"href":"https:\/\/yachtcharter-connection.com\/de\/wp-json\/wp\/v2\/pages\/2298"}],"collection":[{"href":"https:\/\/yachtcharter-connection.com\/de\/wp-json\/wp\/v2\/pages"}],"about":[{"href":"https:\/\/yachtcharter-connection.com\/de\/wp-json\/wp\/v2\/types\/page"}],"author":[{"embeddable":true,"href":"https:\/\/yachtcharter-connection.com\/de\/wp-json\/wp\/v2\/users\/11"}],"replies":[{"embeddable":true,"href":"https:\/\/yachtcharter-connection.com\/de\/wp-json\/wp\/v2\/comments?post=2298"}],"version-history":[{"count":1,"href":"https:\/\/yachtcharter-connection.com\/de\/wp-json\/wp\/v2\/pages\/2298\/revisions"}],"predecessor-version":[{"id":13172,"href":"https:\/\/yachtcharter-connection.com\/de\/wp-json\/wp\/v2\/pages\/2298\/revisions\/13172"}],"up":[{"embeddable":true,"href":"https:\/\/yachtcharter-connection.com\/de\/wp-json\/wp\/v2\/pages\/757"}],"wp:attachment":[{"href":"https:\/\/yachtcharter-connection.com\/de\/wp-json\/wp\/v2\/media?parent=2298"}],"curies":[{"name":"wp","href":"https:\/\/api.w.org\/{rel}","templated":true}]}}