{"id":2299,"date":"2015-08-10T05:53:43","date_gmt":"2015-08-10T05:53:43","guid":{"rendered":"http:\/\/yachtcharter-connection.com.w01e47c6.kasserver.com\/dubrovnik-314\/"},"modified":"2017-07-22T15:51:12","modified_gmt":"2017-07-22T13:51:12","slug":"dubrovnik-314","status":"publish","type":"page","link":"https:\/\/yachtcharter-connection.com\/de\/regionen\/mittelmeer\/yachtcharter-adria-sued\/dubrovnik-314\/","title":{"rendered":"Dubrovnik"},"content":{"rendered":"<h3>Yachtcharter Dubrovnik<\/h3>\n<p>\n<img loading=\"lazy\" class=\"content-image\"  height=\"189\" width=\"300\" src=\"https:\/\/yachtcharter-connection.com\/wp-content\/uploads\/converted_files\/19793\/19793-5624e2e5e3589.jpg\" alt=\"\" \/>&ldquo;Perle der Adria&rdquo; oder &ldquo;Athen Kroatiens&rdquo; wird die Yachtcharter-Destination Dubrovnik oft genannt. Die Stadt im S\u00fcden Dalmatiens, die \u00fcber Jahrhunderte hinweg eine wesentliche Rolle f\u00fcr Kultur, Politik und Handel spielte, geh\u00f6rt schon seit Jahrzehnten zum Weltkulturerbe der UNESCO. Dubrovnik z\u00e4hlt zu den sch\u00f6nsten St\u00e4dten am Mittelmeer und ist heute ein wichtiges Zentrum f\u00fcr den Fremdenverkehr und den Yachtcharter Dalmatien-Tourismus. Die autofreie wundersch\u00f6ne Altstadt l\u00e4dt Yachtcharter Dubrovnik-Crews zum ausgiebigen Bummeln ein. Auf der erhaltenen Stadtmauer kann man fast zwei Kilometer entlang spazieren. Sehenswert vor dem Start des Yachtcharter Dubrovnik-T\u00f6rns: der F\u00fcrstenpalast, die Kathedrale, die Hauptpromenade, die Kirche des St. Blasius, drei Kl\u00f6ster und das Rathaus.<\/p>\n<p>Gruz, der Haupthafen Dubrovniks, wird auch von vielen Kreuzfahrtschiffen angelaufen. Die ACI Marina in Dubrovnik, Sitz mehrerer Yachtcharter Dubrovnik-Flotten, liegt etwa zwei Seemeilen von Gruz entfernt. Zum alten Stadtkern sind es von der Marina aus etwa sechs Kilometer &ndash; Busse verbinden die Marina mit dem Haupthafen und der Stadt. Die Marina Dubrovnik bietet f\u00fcr Yachtcharter Dubrovnik-Crews komplette Infrastruktur mit Shops, Restaurants und Bars, W\u00e4scherei, Sanit\u00e4ranlagen, Tennispl\u00e4tzen und Swimmingpools. <\/p>\n<p>Dubrovnik ist Ausgangspunkt f\u00fcr Yachtcharter-T\u00f6rns im s\u00fcdlichen Dalmatien, auf die vorgelagerte Inselgruppe der Elaphiten oder f\u00fcr Oneways nach <a href=\"~\/Yachtcharter_kroatien\/split.html\">Split<\/a>, <a href=\"~\/Yachtcharter_kroatien\/marina_kastela.html\">Marina Kastela<\/a> oder <a href=\"~\/Yachtcharter_kroatien\/trogir.html\">Trogir<\/a>.<\/p>\n<p><strong>Charteryachten Dubrovnik<\/strong>: F\u00fcr Yachtcharter Dubrovnik-T\u00f6rns steht eine gro\u00dfe Flotte von Segelyachten in Dubrovnik zur Verf\u00fcgung &#8211; \u00fcberwiegend von Benteau und Jeanneau, aber auch Charteryachten anderer Hersteller und Katamarane stehen zur Verf\u00fcgung.<\/p>\n","protected":false},"excerpt":{"rendered":"<p>Yachtcharter Dubrovnik &ldquo;Perle der Adria&rdquo; oder &ldquo;Athen Kroatiens&rdquo; wird die Yachtcharter-Destination Dubrovnik oft genannt. Die Stadt im S\u00fcden Dalmatiens, die \u00fcber Jahrhunderte hinweg eine wesentliche Rolle f\u00fcr Kultur, Politik und Handel spielte, geh\u00f6rt schon seit Jahrzehnten zum Weltkulturerbe der UNESCO. Dubrovnik z\u00e4hlt zu den sch\u00f6nsten St\u00e4dten am Mittelmeer und ist<\/p>\n","protected":false},"author":11,"featured_media":0,"parent":744,"menu_order":0,"comment_status":"open","ping_status":"open","template":"","meta":[],"aioseo_notices":[],"_links":{"self":[{"href":"https:\/\/yachtcharter-connection.com\/de\/wp-json\/wp\/v2\/pages\/2299"}],"collection":[{"href":"https:\/\/yachtcharter-connection.com\/de\/wp-json\/wp\/v2\/pages"}],"about":[{"href":"https:\/\/yachtcharter-connection.com\/de\/wp-json\/wp\/v2\/types\/page"}],"author":[{"embeddable":true,"href":"https:\/\/yachtcharter-connection.com\/de\/wp-json\/wp\/v2\/users\/11"}],"replies":[{"embeddable":true,"href":"https:\/\/yachtcharter-connection.com\/de\/wp-json\/wp\/v2\/comments?post=2299"}],"version-history":[{"count":1,"href":"https:\/\/yachtcharter-connection.com\/de\/wp-json\/wp\/v2\/pages\/2299\/revisions"}],"predecessor-version":[{"id":13211,"href":"https:\/\/yachtcharter-connection.com\/de\/wp-json\/wp\/v2\/pages\/2299\/revisions\/13211"}],"up":[{"embeddable":true,"href":"https:\/\/yachtcharter-connection.com\/de\/wp-json\/wp\/v2\/pages\/744"}],"wp:attachment":[{"href":"https:\/\/yachtcharter-connection.com\/de\/wp-json\/wp\/v2\/media?parent=2299"}],"curies":[{"name":"wp","href":"https:\/\/api.w.org\/{rel}","templated":true}]}}