{"id":2300,"date":"2015-08-10T05:53:43","date_gmt":"2015-08-10T05:53:43","guid":{"rendered":"http:\/\/yachtcharter-connection.com.w01e47c6.kasserver.com\/murter-691\/"},"modified":"2017-07-14T17:38:17","modified_gmt":"2017-07-14T15:38:17","slug":"murter-691","status":"publish","type":"page","link":"https:\/\/yachtcharter-connection.com\/de\/regionen\/mittelmeer\/yachtcharter-adria-nord\/murter-691\/","title":{"rendered":"Murter"},"content":{"rendered":"<h3>Yachtcharter Murter<\/h3>\n<p>\n<img class=\"content-image\"  style=\"width: 300px; height: 201px;\" alt=\"Yachtcharter-Kornaten-Murter.jpg\" src=\"https:\/\/yachtcharter-connection.com\/wp-content\/uploads\/converted_files\/19794\/19794-5624e2ee363ed.jpg\" \/>Die Insel Murter mit dem gleichnamigen Hauptort liegt im Nordwesten des Archipels von <a href=\"~\/Yachtcharter_kroatien\/sibenik.html\">Sibenik <\/a>im mittleren Dalmatien und ist ein sehr beliebter Ausgangspunkt f\u00fcr <a href=\"~\/Yachtcharter_kroatien.html\">Yachtcharter Kornaten<\/a>-T\u00f6rns. Yachtcharter Murter-Crews erreichen ihre Charteryachten in Murter \u00fcber den Flughafen Zadar oder per Auto: Die Insel ist beim Ort Tisno im S\u00fcdosten mit einer Br\u00fccke mit dem Festland verbunden, die \u00fcber den hier nur 20 Meter breiten Meereskanal f\u00fchrt. <\/p>\n<p>Murter wurde schon von den Illyrern bewohnt &#8211; die St\u00e4dte Murter, Jezera und Veliko Selo wurden bereits im 13. Jahrhundert erw\u00e4hnt. Die Altstadt des Ortes Murter liegt nahe beim H\u00fcgel Raduc, mit 125 Metern die h\u00f6chste Erhebung der Insel. Der Ort erstreckt sich bis in die gegen Winde aus allen Richtungen gut gesch\u00fctzte Bucht Hramina und die Bucht Slanica mit einem der sch\u00f6nsten Str\u00e4nde der Riviera von Sibenik. Auf Murter gibt es neben vielen Kiesstr\u00e4nden auch mehrere sandige Buchten. <\/p>\n<p>Viele der Inseln des Kornaten-Archipels befinden sich im Besitz der Einwohner von Murter: Oliven- und Weinbauern hatten im 19. Jahrhundert Inseln und Seegrundst\u00fccke gekauft, viele arbeiteten dann als Fischer oder Bootsbauer. Yachtcharter Murter-Crews k\u00f6nnen beim Landgang einige alte Kirchen entdecken, aber auch viel urspr\u00fcngliche Natur genie\u00dfen.<\/p>\n<p>Die meisten Yachtcharter Murter-St\u00fctzpunkte liegen in der Marina Hramina, weitere Yachth\u00e4fen gibt es in Betina und <a href=\"~\/Yachtcharter_kroatien\/jezera.html\">Jezera (ACI-Marina)<\/a> &#8211; in Tisno kann man recht zentral festmachen f\u00fcr einen Bummel durch die Stadt oder einen Besuch im Cafe. Die Marina Hramina bietet Yachtcharter Murter-Crews alle Serviceeinrichtungen. Zum Zentrum und zum Dorfplatz von Murter mit Restaurants, Cafes und Gesch\u00e4ften ist es nicht weit.<\/p>\n<p><strong>Charteryachten Murter:<\/strong> F\u00fcr Yachtcharter Dalmatien-Crews steht eine gro\u00dfe Flotte von Segelyachten in Murter zur Verf\u00fcgung, darunter Bavaria-Yachten, Segelyachten von Elan, Beneteau First und Segelkatamarane von Lagoon.<\/p>\n","protected":false},"excerpt":{"rendered":"<p>Yachtcharter Murter Die Insel Murter mit dem gleichnamigen Hauptort liegt im Nordwesten des Archipels von Sibenik im mittleren Dalmatien und ist ein sehr beliebter Ausgangspunkt f\u00fcr Yachtcharter Kornaten-T\u00f6rns. Yachtcharter Murter-Crews erreichen ihre Charteryachten in Murter \u00fcber den Flughafen Zadar oder per Auto: Die Insel ist beim Ort Tisno im S\u00fcdosten<\/p>\n","protected":false},"author":11,"featured_media":0,"parent":757,"menu_order":0,"comment_status":"open","ping_status":"open","template":"","meta":[],"aioseo_notices":[],"_links":{"self":[{"href":"https:\/\/yachtcharter-connection.com\/de\/wp-json\/wp\/v2\/pages\/2300"}],"collection":[{"href":"https:\/\/yachtcharter-connection.com\/de\/wp-json\/wp\/v2\/pages"}],"about":[{"href":"https:\/\/yachtcharter-connection.com\/de\/wp-json\/wp\/v2\/types\/page"}],"author":[{"embeddable":true,"href":"https:\/\/yachtcharter-connection.com\/de\/wp-json\/wp\/v2\/users\/11"}],"replies":[{"embeddable":true,"href":"https:\/\/yachtcharter-connection.com\/de\/wp-json\/wp\/v2\/comments?post=2300"}],"version-history":[{"count":1,"href":"https:\/\/yachtcharter-connection.com\/de\/wp-json\/wp\/v2\/pages\/2300\/revisions"}],"predecessor-version":[{"id":13182,"href":"https:\/\/yachtcharter-connection.com\/de\/wp-json\/wp\/v2\/pages\/2300\/revisions\/13182"}],"up":[{"embeddable":true,"href":"https:\/\/yachtcharter-connection.com\/de\/wp-json\/wp\/v2\/pages\/757"}],"wp:attachment":[{"href":"https:\/\/yachtcharter-connection.com\/de\/wp-json\/wp\/v2\/media?parent=2300"}],"curies":[{"name":"wp","href":"https:\/\/api.w.org\/{rel}","templated":true}]}}