{"id":2304,"date":"2015-08-10T05:53:43","date_gmt":"2015-08-10T05:53:43","guid":{"rendered":"http:\/\/yachtcharter-connection.com.w01e47c6.kasserver.com\/pula-999\/"},"modified":"2017-07-21T11:18:42","modified_gmt":"2017-07-21T09:18:42","slug":"pula-999","status":"publish","type":"page","link":"https:\/\/yachtcharter-connection.com\/de\/regionen\/mittelmeer\/yachtcharter-adria-nord\/pula-999\/","title":{"rendered":"Pula"},"content":{"rendered":"<h3>Yachtcharter Pula<\/h3>\n<p>\n<img loading=\"lazy\" class=\"content-image\"  width=\"300\" height=\"225\" src=\"https:\/\/yachtcharter-connection.com\/wp-content\/uploads\/converted_files\/19798\/19798-5624e2f397f9b.jpg\" alt=\"Kroatien_Istrien_Pula_Marina-Veruda\" \/>Die gro\u00dfen Yachtcharter-Basen sind in Pula in der hervorragend ausgestatteten Marina Veruda, aber auch im Stadthafen. Ber\u00fchmte Sehensw\u00fcrdigkeit in Pula ist das Kolosseum, das die R\u00f6mer hinterlassen haben.<\/p>\n<p>Wer in Pula chartert, sollte sich den Abstecher Richtung Norden nach Rovinj nicht entgehen lassen. Anschlie\u00dfend empfiehlt sich ein Besuch der Insel Brioni. Das gesamte Brioni-Archipel mit 14 Inseln ist einer von vier Nationalparks. <\/p>\n<p>Die Hauptinsel war Feriendomizil von Tito, der hier einen eigenen Zoo mit Elefanten, Giraffen und Co. Betrieb. Die Geb\u00e4ude zeugen noch von sozialistischer Bauart, die Parkanlagen sind wundersch\u00f6n, ein kleiner Zug f\u00e4hrt Touristen umher, und einige Abk\u00f6mmlinge der afrikanischen Exoten leben hier immer noch.<\/p>\n","protected":false},"excerpt":{"rendered":"<p>Yachtcharter Pula Die gro\u00dfen Yachtcharter-Basen sind in Pula in der hervorragend ausgestatteten Marina Veruda, aber auch im Stadthafen. Ber\u00fchmte Sehensw\u00fcrdigkeit in Pula ist das Kolosseum, das die R\u00f6mer hinterlassen haben. Wer in Pula chartert, sollte sich den Abstecher Richtung Norden nach Rovinj nicht entgehen lassen. Anschlie\u00dfend empfiehlt sich ein Besuch<\/p>\n","protected":false},"author":11,"featured_media":0,"parent":757,"menu_order":0,"comment_status":"open","ping_status":"open","template":"","meta":[],"aioseo_notices":[],"_links":{"self":[{"href":"https:\/\/yachtcharter-connection.com\/de\/wp-json\/wp\/v2\/pages\/2304"}],"collection":[{"href":"https:\/\/yachtcharter-connection.com\/de\/wp-json\/wp\/v2\/pages"}],"about":[{"href":"https:\/\/yachtcharter-connection.com\/de\/wp-json\/wp\/v2\/types\/page"}],"author":[{"embeddable":true,"href":"https:\/\/yachtcharter-connection.com\/de\/wp-json\/wp\/v2\/users\/11"}],"replies":[{"embeddable":true,"href":"https:\/\/yachtcharter-connection.com\/de\/wp-json\/wp\/v2\/comments?post=2304"}],"version-history":[{"count":1,"href":"https:\/\/yachtcharter-connection.com\/de\/wp-json\/wp\/v2\/pages\/2304\/revisions"}],"predecessor-version":[{"id":13190,"href":"https:\/\/yachtcharter-connection.com\/de\/wp-json\/wp\/v2\/pages\/2304\/revisions\/13190"}],"up":[{"embeddable":true,"href":"https:\/\/yachtcharter-connection.com\/de\/wp-json\/wp\/v2\/pages\/757"}],"wp:attachment":[{"href":"https:\/\/yachtcharter-connection.com\/de\/wp-json\/wp\/v2\/media?parent=2304"}],"curies":[{"name":"wp","href":"https:\/\/api.w.org\/{rel}","templated":true}]}}