{"id":2306,"date":"2015-08-10T05:53:43","date_gmt":"2015-08-10T05:53:43","guid":{"rendered":"http:\/\/yachtcharter-connection.com.w01e47c6.kasserver.com\/rogoznica-360\/"},"modified":"2017-07-21T11:53:55","modified_gmt":"2017-07-21T09:53:55","slug":"rogoznica-360","status":"publish","type":"page","link":"https:\/\/yachtcharter-connection.com\/de\/regionen\/mittelmeer\/yachtcharter-adria-sued\/rogoznica-360\/","title":{"rendered":"Rogoznica"},"content":{"rendered":"<h3>Yachtcharter Rogoznica &#8211; Marina Frapa<\/h3>\n<p>\n<img class=\"content-image\"  src=\"https:\/\/yachtcharter-connection.com\/wp-content\/uploads\/converted_files\/19800\/19800-5624e2f4f230a.jpg\" alt=\"Kroatien-Yachtcharter-Rogoznica-Marina-Frapa.JPG\" style=\"width: 300px; height: 188px;\" \/>F\u00fcr Chartert\u00f6rns ab Rogoznica, zwischen Split und Sibenik gelegen,  bietet die moderne Marina Frapa als Ausgangshafen ein sch\u00f6nes Ambiente. Die private Marina gibt sich mond\u00e4n und elegant mit Captains Club, Sushi- und Champagnerbar und edlen Restaurants.<\/p>\n<p>Die Bewohner des ehemaligen Fischerortes, der auf einer Insel liegt und durch einen Damm mit dem Festland verbunden sind. leben heute eher vom Tourismus als vom Fischfang. Chartercrews k\u00f6nnen von hier aus gen Norden segeln und die Kornaten erkunden &#8211; oder sich nach S\u00fcden orientieren, die malerischen Altst\u00e4dte von Trogir und Split und auch die Inseln Vis, Hvar oder Brac besuchen.<\/p>\n<p>In Rogoznica stehen f\u00fcr den Charterurlaub Segelyachten und Katamarane aller Gr\u00f6ssen zur Verf\u00fcgung &#8211; und nat\u00fcrlich auch Luxusyachten mit Crew.<\/p>\n<p><img class=\"content-image\"  src=\"https:\/\/yachtcharter-connection.com\/wp-content\/uploads\/converted_files\/19800\/19800-5624e2f6293f3.jpg\" alt=\"Charterst&#252;tzpunkt-Rogoznica-Marina-Frapa-Reception.JPG\" style=\"width: 300px; height: 225px;\" \/><\/p>\n","protected":false},"excerpt":{"rendered":"<p>Yachtcharter Rogoznica &#8211; Marina Frapa F\u00fcr Chartert\u00f6rns ab Rogoznica, zwischen Split und Sibenik gelegen, bietet die moderne Marina Frapa als Ausgangshafen ein sch\u00f6nes Ambiente. Die private Marina gibt sich mond\u00e4n und elegant mit Captains Club, Sushi- und Champagnerbar und edlen Restaurants. Die Bewohner des ehemaligen Fischerortes, der auf einer Insel<\/p>\n","protected":false},"author":11,"featured_media":0,"parent":744,"menu_order":0,"comment_status":"open","ping_status":"open","template":"","meta":[],"aioseo_notices":[],"_links":{"self":[{"href":"https:\/\/yachtcharter-connection.com\/de\/wp-json\/wp\/v2\/pages\/2306"}],"collection":[{"href":"https:\/\/yachtcharter-connection.com\/de\/wp-json\/wp\/v2\/pages"}],"about":[{"href":"https:\/\/yachtcharter-connection.com\/de\/wp-json\/wp\/v2\/types\/page"}],"author":[{"embeddable":true,"href":"https:\/\/yachtcharter-connection.com\/de\/wp-json\/wp\/v2\/users\/11"}],"replies":[{"embeddable":true,"href":"https:\/\/yachtcharter-connection.com\/de\/wp-json\/wp\/v2\/comments?post=2306"}],"version-history":[{"count":1,"href":"https:\/\/yachtcharter-connection.com\/de\/wp-json\/wp\/v2\/pages\/2306\/revisions"}],"predecessor-version":[{"id":13223,"href":"https:\/\/yachtcharter-connection.com\/de\/wp-json\/wp\/v2\/pages\/2306\/revisions\/13223"}],"up":[{"embeddable":true,"href":"https:\/\/yachtcharter-connection.com\/de\/wp-json\/wp\/v2\/pages\/744"}],"wp:attachment":[{"href":"https:\/\/yachtcharter-connection.com\/de\/wp-json\/wp\/v2\/media?parent=2306"}],"curies":[{"name":"wp","href":"https:\/\/api.w.org\/{rel}","templated":true}]}}