{"id":2307,"date":"2011-12-19T17:47:43","date_gmt":"2011-12-19T17:47:43","guid":{"rendered":"http:\/\/yachtcharter-connection.com.w01e47c6.kasserver.com\/rovinj-436\/"},"modified":"2016-10-29T18:14:07","modified_gmt":"2016-10-29T16:14:07","slug":"rovinj-436","status":"publish","type":"page","link":"https:\/\/yachtcharter-connection.com\/de\/regionen\/mittelmeer\/yachtcharter-adria-nord\/rovinj-436\/","title":{"rendered":"Rovinj"},"content":{"rendered":"<h3>Yachtcharter Rovinj<\/h3>\n<p>\n<img class=\"content-image\"  src=\"https:\/\/yachtcharter-connection.com\/wp-content\/uploads\/converted_files\/19801\/19801-5624e2f7523be.jpg\" alt=\"Yachtcharter_Rovinj.jpg\" style=\"width: 300px; height: 452px;\" \/>Von der heutigen Yachtcharter Istrien-Destination Rovinj aus gab es schon im 19. Jahrhundert eine direkte Zugverbindung nach Wien. Rovinj war ein klassisches Kurbad der \u00f6sterreichisch-ungarischen Gesellschaft. Das absolute Highland f\u00fcr Yachtcharter Rovinj-Crews: Ein Bummel durch die malerische Altstadt. Diese ist ber\u00fchmt f\u00fcr ihre engen verwinkelten Gassen, f\u00fcr Galerien, in denen viele K\u00fcnstler, die hier leben und ihre Werke anbieten, f\u00fcr Caf\u00e9s und Weinstuben &#8211;  und den Glockenturm von St. Euphemia, der auf der Halbinsel Monterosso steht, das St\u00e4dtchen \u00fcberragt und f\u00fcr Yachtcharter Rovinj-Crews einen herrlichen Ausblick bietet. Trotz 13 Inselchen, de vor Rovinj liegen, ist die Ansteuerung einfach.<\/p>\n<p><strong>Charteryachten Rovinj: <\/strong>F\u00fcr Chartert\u00f6rns in Istrien steht eine Charterflotte mit Segelyachten in Rovinj zur Verf\u00fcgung &#8211; fragen Sie uns nach Angeboten.<\/p>\n","protected":false},"excerpt":{"rendered":"<p>Yachtcharter Rovinj Von der heutigen Yachtcharter Istrien-Destination Rovinj aus gab es schon im 19. Jahrhundert eine direkte Zugverbindung nach Wien. Rovinj war ein klassisches Kurbad der \u00f6sterreichisch-ungarischen Gesellschaft. Das absolute Highland f\u00fcr Yachtcharter Rovinj-Crews: Ein Bummel durch die malerische Altstadt. Diese ist ber\u00fchmt f\u00fcr ihre engen verwinkelten Gassen, f\u00fcr Galerien,<\/p>\n","protected":false},"author":11,"featured_media":0,"parent":757,"menu_order":0,"comment_status":"open","ping_status":"open","template":"","meta":[],"aioseo_notices":[],"_links":{"self":[{"href":"https:\/\/yachtcharter-connection.com\/de\/wp-json\/wp\/v2\/pages\/2307"}],"collection":[{"href":"https:\/\/yachtcharter-connection.com\/de\/wp-json\/wp\/v2\/pages"}],"about":[{"href":"https:\/\/yachtcharter-connection.com\/de\/wp-json\/wp\/v2\/types\/page"}],"author":[{"embeddable":true,"href":"https:\/\/yachtcharter-connection.com\/de\/wp-json\/wp\/v2\/users\/11"}],"replies":[{"embeddable":true,"href":"https:\/\/yachtcharter-connection.com\/de\/wp-json\/wp\/v2\/comments?post=2307"}],"version-history":[{"count":1,"href":"https:\/\/yachtcharter-connection.com\/de\/wp-json\/wp\/v2\/pages\/2307\/revisions"}],"predecessor-version":[{"id":13195,"href":"https:\/\/yachtcharter-connection.com\/de\/wp-json\/wp\/v2\/pages\/2307\/revisions\/13195"}],"up":[{"embeddable":true,"href":"https:\/\/yachtcharter-connection.com\/de\/wp-json\/wp\/v2\/pages\/757"}],"wp:attachment":[{"href":"https:\/\/yachtcharter-connection.com\/de\/wp-json\/wp\/v2\/media?parent=2307"}],"curies":[{"name":"wp","href":"https:\/\/api.w.org\/{rel}","templated":true}]}}