{"id":2308,"date":"2015-08-10T05:53:44","date_gmt":"2015-08-10T05:53:44","guid":{"rendered":"http:\/\/yachtcharter-connection.com.w01e47c6.kasserver.com\/trogir-412\/"},"modified":"2019-04-07T18:43:06","modified_gmt":"2019-04-07T16:43:06","slug":"trogir-412","status":"publish","type":"page","link":"https:\/\/yachtcharter-connection.com\/de\/regionen\/mittelmeer\/yachtcharter-adria-sued\/trogir-412\/","title":{"rendered":"Trogir"},"content":{"rendered":"<h1>Yachtcharter Trogir &#8211; Luxusyachten, Motorsegler, Segelyachten &amp; Katamarane<\/h1>\n<p><a href=\"https:\/\/yachtcharter-connection.com\/wp-content\/uploads\/2019\/04\/Trogir-600px.jpg\"><img loading=\"lazy\" class=\"size-full wp-image-27482 aligncenter\" src=\"https:\/\/yachtcharter-connection.com\/wp-content\/uploads\/2019\/04\/Trogir-600px.jpg\" alt=\"Yacht charters Trogir - Croatia\" width=\"600\" height=\"341\" srcset=\"https:\/\/yachtcharter-connection.com\/wp-content\/uploads\/2019\/04\/Trogir-600px.jpg 600w, https:\/\/yachtcharter-connection.com\/wp-content\/uploads\/2019\/04\/Trogir-600px-300x171.jpg 300w\" sizes=\"(max-width: 600px) 100vw, 600px\" \/><\/a><\/p>\n<p>Yachtcharter-Crews, die ihren Segelurlaub ab Trogir, kann bequem, schnell und preiswert \u00fcber den Flughafen von Split anreisen. Schon bei der Ankunft in der Altstadt, die zum Weltkulturerbe der UNESCO z\u00e4hlt, f\u00fchlt man sich ins Mittelalter versetzt. Der alte Stadtkern von Trogir liegt auf einer Insel, eine steinerne Br\u00fccke f\u00fchrt zum Festland, und eine weitere bewegliche Br\u00fccke zur Insel Ciovo.<\/p>\n<p>Die romanische Altstadt mit einigen gotischen Einfl\u00fcssen gilt als besterhaltenste aus dieser Zeit in gesamt Osteuropa. Die Stadtmauer mit dem Tor, die pr\u00e4chtige St. Laurentius-Kirche, F\u00fcrstenpalast und Kathedrale aus dem 13. Jahrhundert, der Cipiko-Palast aus dem 15. Jahrhundert. Ein Bummel durch die mittelalterlichen Gassen ist ein Muss, und der Blick von der Festung Kamerlengo aus auf die Stadt lohnt sich wirklich.<\/p>\n<p><strong>Sehr grosse Flotten von Segelyachten, Katamaranen, Motorseglern \/ Gulets und Luxusyachten haben ihren Heimathafen in Trogir &#8211; in der ACI-Marina, in Seget Donji oder einem der anderen Yachth\u00e4fen in und um die Stadt.<\/strong><\/p>\n<p>Sch\u00f6ne Buchten und Marinas finden Yachtcharter-Crews schon unmittelbar nach dem Auslaufen in der N\u00e4he. Trogir ist der perfekte Ausgangspunkt, um die malerische Inselwelt Dalmatiens zu erkunden &#8211; wie etwa Solta, Brac, Hvar, Vis oder Korcula.<\/p>\n<p>&nbsp;<\/p>\n","protected":false},"excerpt":{"rendered":"<p>Yachtcharter Trogir &#8211; Luxusyachten, Motorsegler, Segelyachten &amp; Katamarane Yachtcharter-Crews, die ihren Segelurlaub ab Trogir, kann bequem, schnell und preiswert \u00fcber den Flughafen von Split anreisen. Schon bei der Ankunft in der Altstadt, die zum Weltkulturerbe der UNESCO z\u00e4hlt, f\u00fchlt man sich ins Mittelalter versetzt. Der alte Stadtkern von Trogir liegt<\/p>\n","protected":false},"author":11,"featured_media":0,"parent":744,"menu_order":0,"comment_status":"open","ping_status":"open","template":"","meta":[],"aioseo_notices":[],"_links":{"self":[{"href":"https:\/\/yachtcharter-connection.com\/de\/wp-json\/wp\/v2\/pages\/2308"}],"collection":[{"href":"https:\/\/yachtcharter-connection.com\/de\/wp-json\/wp\/v2\/pages"}],"about":[{"href":"https:\/\/yachtcharter-connection.com\/de\/wp-json\/wp\/v2\/types\/page"}],"author":[{"embeddable":true,"href":"https:\/\/yachtcharter-connection.com\/de\/wp-json\/wp\/v2\/users\/11"}],"replies":[{"embeddable":true,"href":"https:\/\/yachtcharter-connection.com\/de\/wp-json\/wp\/v2\/comments?post=2308"}],"version-history":[{"count":3,"href":"https:\/\/yachtcharter-connection.com\/de\/wp-json\/wp\/v2\/pages\/2308\/revisions"}],"predecessor-version":[{"id":27486,"href":"https:\/\/yachtcharter-connection.com\/de\/wp-json\/wp\/v2\/pages\/2308\/revisions\/27486"}],"up":[{"embeddable":true,"href":"https:\/\/yachtcharter-connection.com\/de\/wp-json\/wp\/v2\/pages\/744"}],"wp:attachment":[{"href":"https:\/\/yachtcharter-connection.com\/de\/wp-json\/wp\/v2\/media?parent=2308"}],"curies":[{"name":"wp","href":"https:\/\/api.w.org\/{rel}","templated":true}]}}