{"id":2310,"date":"2015-08-10T05:53:44","date_gmt":"2015-08-10T05:53:44","guid":{"rendered":"http:\/\/yachtcharter-connection.com.w01e47c6.kasserver.com\/zadar-233\/"},"modified":"2018-01-06T14:16:59","modified_gmt":"2018-01-06T12:16:59","slug":"zadar-233","status":"publish","type":"page","link":"https:\/\/yachtcharter-connection.com\/de\/regionen\/mittelmeer\/yachtcharter-adria-nord\/zadar-233\/","title":{"rendered":"Zadar"},"content":{"rendered":"<h1><strong>Yachtcharter Zadar &#8211; Segel- und Motoryachten, Luxusyachten<\/strong><\/h1>\n<p><img loading=\"lazy\" class=\"content-image\" src=\"https:\/\/yachtcharter-connection.com\/wp-content\/uploads\/converted_files\/19804\/19804-5624e2fa01883.jpg\" alt=\"Kroatien-Kornaten-Konoba\" width=\"300\" height=\"165\" \/>Die Hafenstadt Zadar mit knapp 80.000 EInwohnern, Heimat zahlreicher Yachtcharter-Basen, liegt im n\u00f6rdlichen Dalmatien auf einer Landzunge und am Kanal von Zadar &#8211; ein Wassergraben trennt die Stadt vom Festland. Zadar blickt auf mehrere Tausend Jahre Geschichte zur\u00fcck und bietet beim Landgang zahlreiche Sehensw\u00fcrdigkeiten &#8211; vom r\u00f6mischen Forum bis zur Kathedrale der Hl. Anastasia im romanisch-gotischen Stil. Von ihrem 56 Mete hohen Turm hat man einen herrlichen Blick auf die Altstadt mit vielen Geb\u00e4uden im venezianischen Stil und historischen Ol\u00e4tzen wie der Piazza dei Signori. Die Marina Zadar liegt direkt n\u00f6rdlich der Altstadt.<\/p>\n<p>Mehr als 300 Inseln sind Zadar vorgelagert &#8211; die meisten Yachtcharter-Crews erkunden von hier zas den Nationalpark des Kornaten-Archipels. Auch die Nationalparks Plitvicer Seen und Paklenica lohnen einen Besuch, der Krka-Nationalpark mit seinen Wasserf\u00e4llen steht auch auf vielen T\u00f6rnpl\u00e4nen.<\/p>\n<p>&nbsp;<\/p>\n","protected":false},"excerpt":{"rendered":"<p>Yachtcharter Zadar &#8211; Segel- und Motoryachten, Luxusyachten Die Hafenstadt Zadar mit knapp 80.000 EInwohnern, Heimat zahlreicher Yachtcharter-Basen, liegt im n\u00f6rdlichen Dalmatien auf einer Landzunge und am Kanal von Zadar &#8211; ein Wassergraben trennt die Stadt vom Festland. Zadar blickt auf mehrere Tausend Jahre Geschichte zur\u00fcck und bietet beim Landgang zahlreiche<\/p>\n","protected":false},"author":11,"featured_media":0,"parent":757,"menu_order":0,"comment_status":"open","ping_status":"open","template":"","meta":[],"aioseo_notices":[],"_links":{"self":[{"href":"https:\/\/yachtcharter-connection.com\/de\/wp-json\/wp\/v2\/pages\/2310"}],"collection":[{"href":"https:\/\/yachtcharter-connection.com\/de\/wp-json\/wp\/v2\/pages"}],"about":[{"href":"https:\/\/yachtcharter-connection.com\/de\/wp-json\/wp\/v2\/types\/page"}],"author":[{"embeddable":true,"href":"https:\/\/yachtcharter-connection.com\/de\/wp-json\/wp\/v2\/users\/11"}],"replies":[{"embeddable":true,"href":"https:\/\/yachtcharter-connection.com\/de\/wp-json\/wp\/v2\/comments?post=2310"}],"version-history":[{"count":3,"href":"https:\/\/yachtcharter-connection.com\/de\/wp-json\/wp\/v2\/pages\/2310\/revisions"}],"predecessor-version":[{"id":25801,"href":"https:\/\/yachtcharter-connection.com\/de\/wp-json\/wp\/v2\/pages\/2310\/revisions\/25801"}],"up":[{"embeddable":true,"href":"https:\/\/yachtcharter-connection.com\/de\/wp-json\/wp\/v2\/pages\/757"}],"wp:attachment":[{"href":"https:\/\/yachtcharter-connection.com\/de\/wp-json\/wp\/v2\/media?parent=2310"}],"curies":[{"name":"wp","href":"https:\/\/api.w.org\/{rel}","templated":true}]}}