{"id":2311,"date":"2015-08-10T05:53:44","date_gmt":"2015-08-10T05:53:44","guid":{"rendered":"http:\/\/yachtcharter-connection.com.w01e47c6.kasserver.com\/mallorca-palma-de-mallorca-404\/"},"modified":"2017-07-15T17:04:18","modified_gmt":"2017-07-15T15:04:18","slug":"mallorca-palma-de-mallorca-404","status":"publish","type":"page","link":"https:\/\/yachtcharter-connection.com\/de\/regionen\/mittelmeer\/yachtcharter-balearen-mallorca-menorca-ibiza\/mallorca-palma-de-mallorca-404\/","title":{"rendered":"Mallorca \/ Palma de Mallorca"},"content":{"rendered":"<h3>Yachtcharter Mallorca \/ Palma de Mallorca<\/h3>\n<p><a href=\"https:\/\/yachtcharter-connection.com\/wp-content\/uploads\/2015\/08\/Palma-Kathedrale-2-s.jpg\"><img loading=\"lazy\" class=\"alignleft  wp-image-24239\" src=\"https:\/\/yachtcharter-connection.com\/wp-content\/uploads\/2015\/08\/Palma-Kathedrale-2-s.jpg\" alt=\"Palma-Kathedrale-2-s\" width=\"565\" height=\"357\" srcset=\"https:\/\/yachtcharter-connection.com\/wp-content\/uploads\/2015\/08\/Palma-Kathedrale-2-s.jpg 600w, https:\/\/yachtcharter-connection.com\/wp-content\/uploads\/2015\/08\/Palma-Kathedrale-2-s-300x190.jpg 300w\" sizes=\"(max-width: 565px) 100vw, 565px\" \/><\/a>Palma ist der wichtigste Ausgangspunkt f\u00fcr Yachtcharter-T\u00f6rns auf den Balearen: Das Yachtcharter-Angebot ist riesig, der Yachtcharter-Kunde hat die Qual der Wahl zwischen zahlreichen Yachtcharter-St\u00fctzpunkten im gro\u00dfen Hafen von Palma de Mallorca: Der Puerto de Palma de Mallorca entlang des Paseo Maritimo besteht aus einer ganzen Reihe von Marinas: angefangen vom Club del Mar mit einer gro\u00dfen Yachtcharter-Basis im Westen \u00fcber die Marina Cuarantena und den Pantalan Mediterraneo (beide eher f\u00fcr Luxus- und Eigneryachten), die auf Superyachten ausgerichtete Marina Port de Mallorca \u00fcber die fast nur f\u00fcr Yachtcharter Mallorca genutzte Marina Naviera Balear bis zum Real Club Nautico im Osten und der La Lonja Marina zwischen Alter Mole und Contramuelle\u00a0 mit verschiedenen Yachtcharter Mallorca-St\u00fctzpunkten.<\/p>\n<p>Allen gemeinsam ist die N\u00e4he zur attraktiven Altstadt mit ihren Tapas-Kneipen und zur Kathedrale &#8220;La Seu&#8221; sowie zur Club-Szene am Paseo Maritimo, die im Sommer bis in die fr\u00fchen Morgenstunden aktiv ist. Yachtcharter-Crews auf Mallorca sollten sich in jedem Fall die Zeit f\u00fcr einen ausgedehnten Stadtbummel in Palma g\u00f6nnen, am Paseo Borne in der Bar Bosch einen Cafe con leche probieren, die kulinarischen Gen\u00fcsse der Gastroszene im Santa Catalina-Viertel geniessen &#8211;\u00a0 und elegant shoppen k\u00f6nnen Charterurlauber in Palma de Mallorca in der Avenida Jaime III.<\/p>\n<p><iframe loading=\"lazy\" src=\"https:\/\/www.youtube.com\/embed\/mv-1tKrCDaQ\" width=\"560\" height=\"315\" frameborder=\"0\" allowfullscreen=\"allowfullscreen\"><\/iframe><\/p>\n<p>&nbsp;<\/p>\n<p><strong><a href=\"https:\/\/yachtcharter-connection.com\/wp-content\/uploads\/2015\/08\/Palma-port-s.jpg\"><img loading=\"lazy\" class=\"alignleft  wp-image-24240\" src=\"https:\/\/yachtcharter-connection.com\/wp-content\/uploads\/2015\/08\/Palma-port-s.jpg\" alt=\"Palma-port-s\" width=\"563\" height=\"376\" srcset=\"https:\/\/yachtcharter-connection.com\/wp-content\/uploads\/2015\/08\/Palma-port-s.jpg 600w, https:\/\/yachtcharter-connection.com\/wp-content\/uploads\/2015\/08\/Palma-port-s-300x201.jpg 300w\" sizes=\"(max-width: 563px) 100vw, 563px\" \/><\/a>Charteryachten Palma de Mallorca: In Palma de Mallorca findet sich f\u00fcr jeden Charterer die passende Yacht: grosse Flotten von Segelyachten und Katamaranen stehen f\u00fcr Ihren Charterurlaub auf den Balearen ebenso zur Verf\u00fcgung wie Motoryachten, Luxuscharteryachten, Super- und Megayachten. Chartern Sie die beste Yacht f\u00fcr Ihren Charterurlaub in Spanien ab Palma de Mallorca online \u2013 oder fragen Sie uns nach Angeboten. Wir beraten Sie gern.<\/strong><\/p>\n","protected":false},"excerpt":{"rendered":"<p>Yachtcharter Mallorca \/ Palma de Mallorca Palma ist der wichtigste Ausgangspunkt f\u00fcr Yachtcharter-T\u00f6rns auf den Balearen: Das Yachtcharter-Angebot ist riesig, der Yachtcharter-Kunde hat die Qual der Wahl zwischen zahlreichen Yachtcharter-St\u00fctzpunkten im gro\u00dfen Hafen von Palma de Mallorca: Der Puerto de Palma de Mallorca entlang des Paseo Maritimo besteht aus einer<\/p>\n","protected":false},"author":11,"featured_media":0,"parent":762,"menu_order":0,"comment_status":"open","ping_status":"open","template":"","meta":[],"aioseo_notices":[],"_links":{"self":[{"href":"https:\/\/yachtcharter-connection.com\/de\/wp-json\/wp\/v2\/pages\/2311"}],"collection":[{"href":"https:\/\/yachtcharter-connection.com\/de\/wp-json\/wp\/v2\/pages"}],"about":[{"href":"https:\/\/yachtcharter-connection.com\/de\/wp-json\/wp\/v2\/types\/page"}],"author":[{"embeddable":true,"href":"https:\/\/yachtcharter-connection.com\/de\/wp-json\/wp\/v2\/users\/11"}],"replies":[{"embeddable":true,"href":"https:\/\/yachtcharter-connection.com\/de\/wp-json\/wp\/v2\/comments?post=2311"}],"version-history":[{"count":3,"href":"https:\/\/yachtcharter-connection.com\/de\/wp-json\/wp\/v2\/pages\/2311\/revisions"}],"predecessor-version":[{"id":24241,"href":"https:\/\/yachtcharter-connection.com\/de\/wp-json\/wp\/v2\/pages\/2311\/revisions\/24241"}],"up":[{"embeddable":true,"href":"https:\/\/yachtcharter-connection.com\/de\/wp-json\/wp\/v2\/pages\/762"}],"wp:attachment":[{"href":"https:\/\/yachtcharter-connection.com\/de\/wp-json\/wp\/v2\/media?parent=2311"}],"curies":[{"name":"wp","href":"https:\/\/api.w.org\/{rel}","templated":true}]}}