{"id":2313,"date":"2015-08-10T05:53:44","date_gmt":"2015-08-10T05:53:44","guid":{"rendered":"http:\/\/yachtcharter-connection.com.w01e47c6.kasserver.com\/mallorca-puerto-adriano-835\/"},"modified":"2017-09-19T14:52:58","modified_gmt":"2017-09-19T12:52:58","slug":"mallorca-puerto-adriano-835","status":"publish","type":"page","link":"https:\/\/yachtcharter-connection.com\/de\/regionen\/mittelmeer\/yachtcharter-balearen-mallorca-menorca-ibiza\/mallorca-puerto-adriano-835\/","title":{"rendered":"Mallorca \/ Puerto Adriano"},"content":{"rendered":"<h3>Yachtcharter Mallorca \/ Port Adriano<\/h3>\n<p><a href=\"https:\/\/yachtcharter-connection.com\/wp-content\/uploads\/2015\/08\/Port-Adriano-3wh-600.jpg\"><img loading=\"lazy\" class=\"alignleft size-full wp-image-24716\" src=\"https:\/\/yachtcharter-connection.com\/wp-content\/uploads\/2015\/08\/Port-Adriano-3wh-600.jpg\" alt=\"Port-Adriano-3wh-600\" width=\"600\" height=\"433\" srcset=\"https:\/\/yachtcharter-connection.com\/wp-content\/uploads\/2015\/08\/Port-Adriano-3wh-600.jpg 600w, https:\/\/yachtcharter-connection.com\/wp-content\/uploads\/2015\/08\/Port-Adriano-3wh-600-300x217.jpg 300w\" sizes=\"(max-width: 600px) 100vw, 600px\" \/><\/a>Port Adriano, auch El Toro genannt, Teil von Santa Ponsa im s\u00fcdwestlichen Teil von Mallorca, hat viel zu bieten: den \u00e4lteren Teil des Yachthafens, bestehend aus Geb\u00e4uden im spanischen Stil mit Bars und Restaurants, Yacht-Verkaufsb\u00fcros usw., und den neuen Teil, das ber\u00fchmte Superyacht-Marina-Geb\u00e4ude, das Philippe Starck entworfen hat, sowie eine Menge Liegepl\u00e4tze f\u00fcr Superyachten und Megayachten. Das stylishe Yachthafengeb\u00e4ude ist voll von Designerl\u00e4den, einem Shop mit Watertoys, Immobilienmaklern, Restaurants aller Stilrichtungen und Yachting-Unternehmen &#8230; Yachtcharter Touristen k\u00f6nnen den Strand direkt neben dem Hafen genie\u00dfen, und Superm\u00e4rkte finden Sie im Ort El Toro oberhalb vom Hafen.<\/p>\n<p>Einige Luxus-Charteryachten mit Crew haben in Port Adriano ihren Heimathafen &#8211; und es gibt auch ein paar Motoryachten f\u00fcr Bareboat-Charter.<\/p>\n<p>&nbsp;<\/p>\n<p><a href=\"https:\/\/yachtcharter-connection.com\/wp-content\/uploads\/2015\/08\/Port-Adriano-totalewh-600.jpg\"><img loading=\"lazy\" class=\"alignleft size-full wp-image-24717\" src=\"https:\/\/yachtcharter-connection.com\/wp-content\/uploads\/2015\/08\/Port-Adriano-totalewh-600.jpg\" alt=\"Port Adriano\" width=\"600\" height=\"339\" srcset=\"https:\/\/yachtcharter-connection.com\/wp-content\/uploads\/2015\/08\/Port-Adriano-totalewh-600.jpg 600w, https:\/\/yachtcharter-connection.com\/wp-content\/uploads\/2015\/08\/Port-Adriano-totalewh-600-300x170.jpg 300w\" sizes=\"(max-width: 600px) 100vw, 600px\" \/><\/a><\/p>\n","protected":false},"excerpt":{"rendered":"<p>Yachtcharter Mallorca \/ Port Adriano Port Adriano, auch El Toro genannt, Teil von Santa Ponsa im s\u00fcdwestlichen Teil von Mallorca, hat viel zu bieten: den \u00e4lteren Teil des Yachthafens, bestehend aus Geb\u00e4uden im spanischen Stil mit Bars und Restaurants, Yacht-Verkaufsb\u00fcros usw., und den neuen Teil, das ber\u00fchmte Superyacht-Marina-Geb\u00e4ude, das Philippe<\/p>\n","protected":false},"author":11,"featured_media":0,"parent":762,"menu_order":0,"comment_status":"open","ping_status":"open","template":"","meta":[],"aioseo_notices":[],"_links":{"self":[{"href":"https:\/\/yachtcharter-connection.com\/de\/wp-json\/wp\/v2\/pages\/2313"}],"collection":[{"href":"https:\/\/yachtcharter-connection.com\/de\/wp-json\/wp\/v2\/pages"}],"about":[{"href":"https:\/\/yachtcharter-connection.com\/de\/wp-json\/wp\/v2\/types\/page"}],"author":[{"embeddable":true,"href":"https:\/\/yachtcharter-connection.com\/de\/wp-json\/wp\/v2\/users\/11"}],"replies":[{"embeddable":true,"href":"https:\/\/yachtcharter-connection.com\/de\/wp-json\/wp\/v2\/comments?post=2313"}],"version-history":[{"count":3,"href":"https:\/\/yachtcharter-connection.com\/de\/wp-json\/wp\/v2\/pages\/2313\/revisions"}],"predecessor-version":[{"id":24721,"href":"https:\/\/yachtcharter-connection.com\/de\/wp-json\/wp\/v2\/pages\/2313\/revisions\/24721"}],"up":[{"embeddable":true,"href":"https:\/\/yachtcharter-connection.com\/de\/wp-json\/wp\/v2\/pages\/762"}],"wp:attachment":[{"href":"https:\/\/yachtcharter-connection.com\/de\/wp-json\/wp\/v2\/media?parent=2313"}],"curies":[{"name":"wp","href":"https:\/\/api.w.org\/{rel}","templated":true}]}}