{"id":2314,"date":"2015-08-10T05:53:44","date_gmt":"2015-08-10T05:53:44","guid":{"rendered":"http:\/\/yachtcharter-connection.com.w01e47c6.kasserver.com\/mallorca-el-arenal-974\/"},"modified":"2017-07-15T16:58:48","modified_gmt":"2017-07-15T14:58:48","slug":"mallorca-el-arenal-974","status":"publish","type":"page","link":"https:\/\/yachtcharter-connection.com\/de\/regionen\/mittelmeer\/yachtcharter-balearen-mallorca-menorca-ibiza\/mallorca-el-arenal-974\/","title":{"rendered":"Mallorca \/ El Arenal"},"content":{"rendered":"<h3>Yachtcharter Mallorca \/ El Arenal<\/h3>\n<p><img class=\"content-image\"  style=\"width: 300px; height: 225px;\" alt=\"Yachtcharter-El-Arenal400.JPG\" src=\"https:\/\/yachtcharter-connection.com\/wp-content\/uploads\/converted_files\/19808\/19808-5624e2feef511.jpg\" \/>Der Sporthafen El Arenal mit einem Yachtcharter-St\u00fctzpunkt liegt ab S\u00fcdende der kilometerlangen Playa de Palma &#8211; sch\u00f6n angelegt mit vielen Palmen und Pool, nettem Restaurant &#8211; und unmittelbar am Sandstrand gelegen.Vom Flughafen aus ist die Marina in etwa 10 Minuten Fahrt erreichbar. Das alte Stranddorf El Arenal wird weniger von deutschen Urlaubern gepr\u00e4gt (diese halten sich um einige Balnearios weiter n\u00f6rdlich auf) als vielmehr von Einheimischen und spanischen Touristen. Hier gibt es viele Einkaufsm\u00f6glichkeiten und Kneipen f\u00fcr Yachtcharter-Crews, und auch noch einen alten spanischen Ortskern.<\/p>\n<p>Die Yachtcharter-Basis in Hafen von Arenal betreibt eine moderne Yachtcharter-Flotte mit Monohulls und \u00fcberwiegend Katamaranen.<\/p>\n<p><iframe loading=\"lazy\" width=\"560\" height=\"315\" src=\"https:\/\/www.youtube.com\/embed\/YM4l9ShkWAE\" frameborder=\"0\" allowfullscreen><\/iframe><\/p>\n<p><\/p>\n","protected":false},"excerpt":{"rendered":"<p>Yachtcharter Mallorca \/ El Arenal Der Sporthafen El Arenal mit einem Yachtcharter-St\u00fctzpunkt liegt ab S\u00fcdende der kilometerlangen Playa de Palma &#8211; sch\u00f6n angelegt mit vielen Palmen und Pool, nettem Restaurant &#8211; und unmittelbar am Sandstrand gelegen.Vom Flughafen aus ist die Marina in etwa 10 Minuten Fahrt erreichbar. Das alte Stranddorf<\/p>\n","protected":false},"author":11,"featured_media":0,"parent":762,"menu_order":0,"comment_status":"open","ping_status":"open","template":"","meta":[],"aioseo_notices":[],"_links":{"self":[{"href":"https:\/\/yachtcharter-connection.com\/de\/wp-json\/wp\/v2\/pages\/2314"}],"collection":[{"href":"https:\/\/yachtcharter-connection.com\/de\/wp-json\/wp\/v2\/pages"}],"about":[{"href":"https:\/\/yachtcharter-connection.com\/de\/wp-json\/wp\/v2\/types\/page"}],"author":[{"embeddable":true,"href":"https:\/\/yachtcharter-connection.com\/de\/wp-json\/wp\/v2\/users\/11"}],"replies":[{"embeddable":true,"href":"https:\/\/yachtcharter-connection.com\/de\/wp-json\/wp\/v2\/comments?post=2314"}],"version-history":[{"count":1,"href":"https:\/\/yachtcharter-connection.com\/de\/wp-json\/wp\/v2\/pages\/2314\/revisions"}],"predecessor-version":[{"id":13276,"href":"https:\/\/yachtcharter-connection.com\/de\/wp-json\/wp\/v2\/pages\/2314\/revisions\/13276"}],"up":[{"embeddable":true,"href":"https:\/\/yachtcharter-connection.com\/de\/wp-json\/wp\/v2\/pages\/762"}],"wp:attachment":[{"href":"https:\/\/yachtcharter-connection.com\/de\/wp-json\/wp\/v2\/media?parent=2314"}],"curies":[{"name":"wp","href":"https:\/\/api.w.org\/{rel}","templated":true}]}}