{"id":2315,"date":"2015-08-10T05:53:44","date_gmt":"2015-08-10T05:53:44","guid":{"rendered":"http:\/\/yachtcharter-connection.com.w01e47c6.kasserver.com\/mallorca-porto-cristo-164\/"},"modified":"2016-10-29T18:14:54","modified_gmt":"2016-10-29T16:14:54","slug":"mallorca-porto-cristo-164","status":"publish","type":"page","link":"https:\/\/yachtcharter-connection.com\/de\/regionen\/mittelmeer\/yachtcharter-balearen-mallorca-menorca-ibiza\/mallorca-porto-cristo-164\/","title":{"rendered":"Mallorca \/ Porto Cristo"},"content":{"rendered":"<h3>Yachtcharter Porto Cristo<\/h3>\n<p>\nPortocristo an der Ostk\u00fcste Mallorcas bietet sich f\u00fcr Yachtcharter-Crews am ehesten f\u00fcr einen Zwischenstopp w\u00e4hrend des Yachtcharter-T\u00f6rns an. Touristisches Highlight des gesch\u00e4ftigen Hafenst\u00e4dtchens sind die &quot;Cuevas del Drac&quot;, die &quot;Drachenh\u00f6hlen&quot;, eine riesige nat\u00fcrliche H\u00f6hle.<\/p>\n","protected":false},"excerpt":{"rendered":"<p>Yachtcharter Porto Cristo Portocristo an der Ostk\u00fcste Mallorcas bietet sich f\u00fcr Yachtcharter-Crews am ehesten f\u00fcr einen Zwischenstopp w\u00e4hrend des Yachtcharter-T\u00f6rns an. Touristisches Highlight des gesch\u00e4ftigen Hafenst\u00e4dtchens sind die &quot;Cuevas del Drac&quot;, die &quot;Drachenh\u00f6hlen&quot;, eine riesige nat\u00fcrliche H\u00f6hle.<\/p>\n","protected":false},"author":11,"featured_media":0,"parent":762,"menu_order":0,"comment_status":"open","ping_status":"open","template":"","meta":[],"aioseo_notices":[],"_links":{"self":[{"href":"https:\/\/yachtcharter-connection.com\/de\/wp-json\/wp\/v2\/pages\/2315"}],"collection":[{"href":"https:\/\/yachtcharter-connection.com\/de\/wp-json\/wp\/v2\/pages"}],"about":[{"href":"https:\/\/yachtcharter-connection.com\/de\/wp-json\/wp\/v2\/types\/page"}],"author":[{"embeddable":true,"href":"https:\/\/yachtcharter-connection.com\/de\/wp-json\/wp\/v2\/users\/11"}],"replies":[{"embeddable":true,"href":"https:\/\/yachtcharter-connection.com\/de\/wp-json\/wp\/v2\/comments?post=2315"}],"version-history":[{"count":1,"href":"https:\/\/yachtcharter-connection.com\/de\/wp-json\/wp\/v2\/pages\/2315\/revisions"}],"predecessor-version":[{"id":13279,"href":"https:\/\/yachtcharter-connection.com\/de\/wp-json\/wp\/v2\/pages\/2315\/revisions\/13279"}],"up":[{"embeddable":true,"href":"https:\/\/yachtcharter-connection.com\/de\/wp-json\/wp\/v2\/pages\/762"}],"wp:attachment":[{"href":"https:\/\/yachtcharter-connection.com\/de\/wp-json\/wp\/v2\/media?parent=2315"}],"curies":[{"name":"wp","href":"https:\/\/api.w.org\/{rel}","templated":true}]}}