{"id":2316,"date":"2015-08-10T05:53:44","date_gmt":"2015-08-10T05:53:44","guid":{"rendered":"http:\/\/yachtcharter-connection.com.w01e47c6.kasserver.com\/ibiza-eivissa-883\/"},"modified":"2017-10-15T23:00:30","modified_gmt":"2017-10-15T21:00:30","slug":"ibiza-eivissa-883","status":"publish","type":"page","link":"https:\/\/yachtcharter-connection.com\/de\/regionen\/mittelmeer\/yachtcharter-balearen-mallorca-menorca-ibiza\/ibiza-eivissa-883\/","title":{"rendered":"Ibiza \/ Eivissa"},"content":{"rendered":"<h3>Yachtcharter Ibiza \/ Eivissa<\/h3>\n<p>\n<img loading=\"lazy\" class=\"content-image\"  width=\"300\" height=\"199\" alt=\"Balearen_Ibiza_Stadt_Hafen\" src=\"https:\/\/yachtcharter-connection.com\/wp-content\/uploads\/converted_files\/19810\/19810-5624e3002af5b.jpg\" \/>Ibiza-Stadt &#8211;  Port d&rsquo;Eivissa &ndash; die Kulisse der Stadt beeindruckt Yachtcharter-Crews schon bei der Einfahrt. Die Karthager haben vor \u00fcber 2.500 Jahren den Ort gegr\u00fcndet, kleine kubische H\u00e4uschen liegen verschachtelt am Hang, \u00fcber dem die Festung Dalt Vila thront, dar\u00fcber noch die Kathedrale. Wer Gl\u00fcck hat, findet auf seinem Yachtcharter-T\u00f6rn vor allem au\u00dferhalb der Yachtcharter-Hochsaison vielleicht einen Platz im Club Nautico &ndash; von hier ist der Fu\u00dfweg f\u00fcr die Yachtcharter-Touristen in die Altstadt deutlich k\u00fcrzer als vom Puerto Nuevo oder der teuren Marina Botafoch. <\/p>\n<p>Und der Altstadtbesuch ist f\u00fcr Yachtcharter-Urlauber Pflicht: In engen Gassen wuselt lebhaft ein buntes V\u00f6lkchen, in Clubs und Bars wird bis in die Morgenstunden gefeiert. Aber Vorsicht: Die Yachtcharter-Saison ist k\u00fcrzer als in Mallorca &ndash; Highlife ist nur von Mai bis September.<\/p>\n<p><\/p>\n","protected":false},"excerpt":{"rendered":"<p>Yachtcharter Ibiza \/ Eivissa Ibiza-Stadt &#8211; Port d&rsquo;Eivissa &ndash; die Kulisse der Stadt beeindruckt Yachtcharter-Crews schon bei der Einfahrt. Die Karthager haben vor \u00fcber 2.500 Jahren den Ort gegr\u00fcndet, kleine kubische H\u00e4uschen liegen verschachtelt am Hang, \u00fcber dem die Festung Dalt Vila thront, dar\u00fcber noch die Kathedrale. Wer Gl\u00fcck hat,<\/p>\n","protected":false},"author":11,"featured_media":0,"parent":762,"menu_order":0,"comment_status":"open","ping_status":"open","template":"","meta":[],"aioseo_notices":[],"_links":{"self":[{"href":"https:\/\/yachtcharter-connection.com\/de\/wp-json\/wp\/v2\/pages\/2316"}],"collection":[{"href":"https:\/\/yachtcharter-connection.com\/de\/wp-json\/wp\/v2\/pages"}],"about":[{"href":"https:\/\/yachtcharter-connection.com\/de\/wp-json\/wp\/v2\/types\/page"}],"author":[{"embeddable":true,"href":"https:\/\/yachtcharter-connection.com\/de\/wp-json\/wp\/v2\/users\/11"}],"replies":[{"embeddable":true,"href":"https:\/\/yachtcharter-connection.com\/de\/wp-json\/wp\/v2\/comments?post=2316"}],"version-history":[{"count":1,"href":"https:\/\/yachtcharter-connection.com\/de\/wp-json\/wp\/v2\/pages\/2316\/revisions"}],"predecessor-version":[{"id":13271,"href":"https:\/\/yachtcharter-connection.com\/de\/wp-json\/wp\/v2\/pages\/2316\/revisions\/13271"}],"up":[{"embeddable":true,"href":"https:\/\/yachtcharter-connection.com\/de\/wp-json\/wp\/v2\/pages\/762"}],"wp:attachment":[{"href":"https:\/\/yachtcharter-connection.com\/de\/wp-json\/wp\/v2\/media?parent=2316"}],"curies":[{"name":"wp","href":"https:\/\/api.w.org\/{rel}","templated":true}]}}