{"id":2317,"date":"2015-08-10T05:53:44","date_gmt":"2015-08-10T05:53:44","guid":{"rendered":"http:\/\/yachtcharter-connection.com.w01e47c6.kasserver.com\/menorca-mahon-655\/"},"modified":"2018-03-01T13:29:12","modified_gmt":"2018-03-01T11:29:12","slug":"menorca-mahon-655","status":"publish","type":"page","link":"https:\/\/yachtcharter-connection.com\/de\/regionen\/mittelmeer\/yachtcharter-balearen-mallorca-menorca-ibiza\/menorca-mahon-655\/","title":{"rendered":"Menorca \/ Mah\u00f3n"},"content":{"rendered":"<h1><strong>Yachtcharter Menorca \/ Mah\u00f3n<\/strong><\/h1>\n<p><img class=\"content-image\" style=\"width: 300px; height: 201px;\" src=\"https:\/\/yachtcharter-connection.com\/wp-content\/uploads\/converted_files\/19811\/19811-5624e3016bffa.jpg\" alt=\"Yachtcharter_Menorca_Mahon.jpg\" \/>Mah\u00f3n &#8211; oder Mao &#8211; ist der \u00f6stlichste Yachtcharter-St\u00fctzpunkt Spaniens und nach Pearl Harbour auch der gr\u00f6\u00dfte Naturhafen der Welt, mit den zwei Inseln Isla del Rey und Isla Lazareto mitten drin. Handelsschiffe, F\u00e4hren, Yachtcharter Mahon-Crews, Yachties auf dem Weg von und nach Korsika oder Sardinien treffen sich hier in Ma\u00f3, wie Mah\u00f3n auch genannt wird \u2013 Anlege- und Ankerm\u00f6glichkeiten f\u00fcr den Yachtcharter-T\u00f6rn gibt es viele, vom \u00f6ffentlichen Kai und verschiedenen Molen \u00fcber Club Maritimo und private Liegepl\u00e4tze bis hin zu Schwimm-Inseln.<\/p>\n<p>Im Stadtbild Mah\u00f3ns, in alten Zeiten eher spanisch-maurisch gepr\u00e4gt, dominiert immer noch die Farbe wei\u00df, aber katalanischer Jugendstil und englischer Architektur haben sich ebenfalls eingeschlichen. Sehenswert f\u00fcr Yachtcharter Mahon-Urlauber auf Landgang: die Festung San Felipe Rui, die Kathedrale Santa Maria Major, das Museo de Menorca und die Talayots und pr\u00e4historischen St\u00e4tten in der N\u00e4he.<\/p>\n<p>&nbsp;<\/p>\n<h3><strong>Charteryachten Menorca \/ Mah\u00f3n:<\/strong><\/h3>\n<p>In Menorca ab Mah\u00f3n \/ Mao bieten wir Luxus-Charteryachten an, Motoryachten, Segelyachten und Katamarane f\u00fcr Ihren perfekten Charterurlaub.<\/p>\n<p>&nbsp;<\/p>\n","protected":false},"excerpt":{"rendered":"<p>Yachtcharter Menorca \/ Mah\u00f3n Mah\u00f3n &#8211; oder Mao &#8211; ist der \u00f6stlichste Yachtcharter-St\u00fctzpunkt Spaniens und nach Pearl Harbour auch der gr\u00f6\u00dfte Naturhafen der Welt, mit den zwei Inseln Isla del Rey und Isla Lazareto mitten drin. Handelsschiffe, F\u00e4hren, Yachtcharter Mahon-Crews, Yachties auf dem Weg von und nach Korsika oder Sardinien<\/p>\n","protected":false},"author":11,"featured_media":0,"parent":762,"menu_order":0,"comment_status":"open","ping_status":"open","template":"","meta":[],"aioseo_notices":[],"_links":{"self":[{"href":"https:\/\/yachtcharter-connection.com\/de\/wp-json\/wp\/v2\/pages\/2317"}],"collection":[{"href":"https:\/\/yachtcharter-connection.com\/de\/wp-json\/wp\/v2\/pages"}],"about":[{"href":"https:\/\/yachtcharter-connection.com\/de\/wp-json\/wp\/v2\/types\/page"}],"author":[{"embeddable":true,"href":"https:\/\/yachtcharter-connection.com\/de\/wp-json\/wp\/v2\/users\/11"}],"replies":[{"embeddable":true,"href":"https:\/\/yachtcharter-connection.com\/de\/wp-json\/wp\/v2\/comments?post=2317"}],"version-history":[{"count":4,"href":"https:\/\/yachtcharter-connection.com\/de\/wp-json\/wp\/v2\/pages\/2317\/revisions"}],"predecessor-version":[{"id":26098,"href":"https:\/\/yachtcharter-connection.com\/de\/wp-json\/wp\/v2\/pages\/2317\/revisions\/26098"}],"up":[{"embeddable":true,"href":"https:\/\/yachtcharter-connection.com\/de\/wp-json\/wp\/v2\/pages\/762"}],"wp:attachment":[{"href":"https:\/\/yachtcharter-connection.com\/de\/wp-json\/wp\/v2\/media?parent=2317"}],"curies":[{"name":"wp","href":"https:\/\/api.w.org\/{rel}","templated":true}]}}