{"id":2319,"date":"2015-08-10T05:53:44","date_gmt":"2015-08-10T05:53:44","guid":{"rendered":"http:\/\/yachtcharter-connection.com.w01e47c6.kasserver.com\/barcelona-492\/"},"modified":"2017-07-16T05:31:19","modified_gmt":"2017-07-16T03:31:19","slug":"barcelona-492","status":"publish","type":"page","link":"https:\/\/yachtcharter-connection.com\/de\/regionen\/mittelmeer\/yachtcharter-spanische-k%c3%bcste\/barcelona-492\/","title":{"rendered":"Barcelona"},"content":{"rendered":"<h3>Yachtcharter Barcelona<\/h3>\n<p>\n<img loading=\"lazy\" class=\"content-image\"  width=\"300\" height=\"200\" alt=\"Yachtcharter_Spanien_Barcelona_Yachthafen\" src=\"https:\/\/yachtcharter-connection.com\/wp-content\/uploads\/converted_files\/19813\/19813-5624e302af5c6.jpg\" \/>Barcelona, die Hauptstadt der spanischen Provinz Katalonien, ist ein wichtiger Ausgangshafen f\u00fcr Yachtcharter-Crews an der spanischen Mittelmeerk\u00fcste. Hier wurden die Segelwettbewerbe der Olympischen Sommerspiele 1992 ausgetragen. Die Stadt Barcelona selbst wurde in den letzten Jahren als touristische Destination immer beliebter: Kaum ein Segler l\u00e4sst vor dem Chartert\u00f6rn oder bei einem Zwischenstopp die Gelegenheit aus, auf den Ramblas mit ihren den zahlreichen Caf\u00e9s und Bars sowie Marktst\u00e4nden zu flanieren. Auch die Barceloneta, das alte Viertel der Hafenarbeiter, ist einen Besuch wert.  Zum Shopping l\u00e4dt das moderne Zentrum rund um die Plaza Catalunya ein, wie etwa die Einkaufsmeile Passeig de Gracia. Yachtcharter-Crews, die ein wenig Zeit haben, k\u00f6nnen mit der mit der Seilbahn vom Hafen Port Vell auf den Montjuic fahren und sich von dort einen herrlichen \u00dcberblick verschaffen &ndash; oder das Gotische Viertel im historischen Stadtkern erkunden. Ein Muss f\u00fcr Architekturfans:  verschiedene Bauwerke von Antoni Gaud\u00ed, allen voran die Basilika Sagrada Familia. Am s\u00fcdlichen Ende der Ramblas steht eine Statue von Christoph Kolumbus, die den Eingang zum Port Vell markiert.<\/p>\n<p>\nZwei H\u00e4fen sind f\u00fcr Yachtcharter-Crews interessant: der alte Hafen Port Vell mit seiner Yachtcharter-Basis  zentral in der Altstadt und der Port Olimpic, etwas weiter im Nordwesten.  Der Port Vell, Anfang November immer Schauplatz der Wassersportmesse  Sal\u00f3n N\u00e1utico de Barcelona, geh\u00f6rt zum zum F\u00e4hr- und Industriehafen. Die Einfahrt wird von einer k\u00fchn geschwungenen Schwenkbr\u00fccke dominiert, die einmal pro Stunde \u00f6ffnet. An ihrem Ende liegt das moderne Freizeit- und Shoppingzentrum Maremagnum, mit Gastronomie, L\u00e4den und IMAX-Kino. <\/p>\n<p>Die Einfahrt vom Port Olimpic wird von zwei gro\u00dfen Hochh\u00e4usern dominiert. Die Marina mit allen wichtigen Service-Leistungen f\u00fcr Yachtcharter-Crews gilt als relativ preiswert und liegt direkt am Sandstrand.<\/p>\n<p><\/p>\n","protected":false},"excerpt":{"rendered":"<p>Yachtcharter Barcelona Barcelona, die Hauptstadt der spanischen Provinz Katalonien, ist ein wichtiger Ausgangshafen f\u00fcr Yachtcharter-Crews an der spanischen Mittelmeerk\u00fcste. Hier wurden die Segelwettbewerbe der Olympischen Sommerspiele 1992 ausgetragen. Die Stadt Barcelona selbst wurde in den letzten Jahren als touristische Destination immer beliebter: Kaum ein Segler l\u00e4sst vor dem Chartert\u00f6rn oder<\/p>\n","protected":false},"author":11,"featured_media":0,"parent":742,"menu_order":0,"comment_status":"open","ping_status":"open","template":"","meta":[],"aioseo_notices":[],"_links":{"self":[{"href":"https:\/\/yachtcharter-connection.com\/de\/wp-json\/wp\/v2\/pages\/2319"}],"collection":[{"href":"https:\/\/yachtcharter-connection.com\/de\/wp-json\/wp\/v2\/pages"}],"about":[{"href":"https:\/\/yachtcharter-connection.com\/de\/wp-json\/wp\/v2\/types\/page"}],"author":[{"embeddable":true,"href":"https:\/\/yachtcharter-connection.com\/de\/wp-json\/wp\/v2\/users\/11"}],"replies":[{"embeddable":true,"href":"https:\/\/yachtcharter-connection.com\/de\/wp-json\/wp\/v2\/comments?post=2319"}],"version-history":[{"count":1,"href":"https:\/\/yachtcharter-connection.com\/de\/wp-json\/wp\/v2\/pages\/2319\/revisions"}],"predecessor-version":[{"id":13028,"href":"https:\/\/yachtcharter-connection.com\/de\/wp-json\/wp\/v2\/pages\/2319\/revisions\/13028"}],"up":[{"embeddable":true,"href":"https:\/\/yachtcharter-connection.com\/de\/wp-json\/wp\/v2\/pages\/742"}],"wp:attachment":[{"href":"https:\/\/yachtcharter-connection.com\/de\/wp-json\/wp\/v2\/media?parent=2319"}],"curies":[{"name":"wp","href":"https:\/\/api.w.org\/{rel}","templated":true}]}}