{"id":2321,"date":"2015-04-19T06:07:42","date_gmt":"2015-04-19T06:07:42","guid":{"rendered":"http:\/\/yachtcharter-connection.com.w01e47c6.kasserver.com\/teneriffa-puerto-colon\/"},"modified":"2017-07-13T00:58:07","modified_gmt":"2017-07-12T22:58:07","slug":"teneriffa-puerto-colon","status":"publish","type":"page","link":"https:\/\/yachtcharter-connection.com\/de\/regionen\/atlantik-westafrika\/yachtcharter-kanarische-inseln\/teneriffa-puerto-colon\/","title":{"rendered":"Teneriffa \/ Puerto Colon"},"content":{"rendered":"<h3>Yachtcharter Teneriffa \/ Puerto Colon<\/h3>\n<p>\n<img loading=\"lazy\" class=\"content-image\"  width=\"300\" height=\"134\" src=\"https:\/\/yachtcharter-connection.com\/wp-content\/uploads\/converted_files\/19815\/19815-5624e30411e01.jpg\" alt=\"Yachtcharter-Kanaren-Teneriffa-Puerto-Colon\" \/>Der S\u00fcden Teneriffas ist hei\u00dfer, trockener und auch deutlich touristischer als der Norden. Eine Yachtcharter-Basis mit Segelyachten sowie ein kleines Angebot f\u00fcr Motoryachtcharter in Teneriffa gibt es im Hafen Puerto Colon. Dieser liegt inmitten der touristischen Strandmeile von Los Cristianos, Playa de las Americas und Costa Adeje. Yachtcharter-Crews k\u00f6nnen endlos auf der rund 15 Kilometer lange Strandpromenade flanieren, shoppen gehen und das unendlich gro\u00dfe Angebot an Bars, Cafes und Restaurants genie\u00dfen. F\u00fcr Ausfl\u00fcge ins Inselinnere bekommen Yachtcharter-Crews \u00fcberall Mietwagen oder Motos. Die Insel Gomera liegt in Sichtweite. Von Puerto Colom aus fahren auch zahlreiche Ausflugsschiffe zum Whale-Watching.    <\/p>\n","protected":false},"excerpt":{"rendered":"<p>Yachtcharter Teneriffa \/ Puerto Colon Der S\u00fcden Teneriffas ist hei\u00dfer, trockener und auch deutlich touristischer als der Norden. Eine Yachtcharter-Basis mit Segelyachten sowie ein kleines Angebot f\u00fcr Motoryachtcharter in Teneriffa gibt es im Hafen Puerto Colon. Dieser liegt inmitten der touristischen Strandmeile von Los Cristianos, Playa de las Americas und<\/p>\n","protected":false},"author":11,"featured_media":0,"parent":746,"menu_order":0,"comment_status":"open","ping_status":"open","template":"","meta":[],"aioseo_notices":[],"_links":{"self":[{"href":"https:\/\/yachtcharter-connection.com\/de\/wp-json\/wp\/v2\/pages\/2321"}],"collection":[{"href":"https:\/\/yachtcharter-connection.com\/de\/wp-json\/wp\/v2\/pages"}],"about":[{"href":"https:\/\/yachtcharter-connection.com\/de\/wp-json\/wp\/v2\/types\/page"}],"author":[{"embeddable":true,"href":"https:\/\/yachtcharter-connection.com\/de\/wp-json\/wp\/v2\/users\/11"}],"replies":[{"embeddable":true,"href":"https:\/\/yachtcharter-connection.com\/de\/wp-json\/wp\/v2\/comments?post=2321"}],"version-history":[{"count":1,"href":"https:\/\/yachtcharter-connection.com\/de\/wp-json\/wp\/v2\/pages\/2321\/revisions"}],"predecessor-version":[{"id":13552,"href":"https:\/\/yachtcharter-connection.com\/de\/wp-json\/wp\/v2\/pages\/2321\/revisions\/13552"}],"up":[{"embeddable":true,"href":"https:\/\/yachtcharter-connection.com\/de\/wp-json\/wp\/v2\/pages\/746"}],"wp:attachment":[{"href":"https:\/\/yachtcharter-connection.com\/de\/wp-json\/wp\/v2\/media?parent=2321"}],"curies":[{"name":"wp","href":"https:\/\/api.w.org\/{rel}","templated":true}]}}