{"id":2322,"date":"2015-03-12T06:02:48","date_gmt":"2015-03-12T06:02:48","guid":{"rendered":"http:\/\/yachtcharter-connection.com.w01e47c6.kasserver.com\/lanzarote-puerto-calero-538\/"},"modified":"2016-10-29T18:54:58","modified_gmt":"2016-10-29T16:54:58","slug":"lanzarote-puerto-calero-538","status":"publish","type":"page","link":"https:\/\/yachtcharter-connection.com\/de\/regionen\/atlantik-westafrika\/yachtcharter-kanarische-inseln\/lanzarote-puerto-calero-538\/","title":{"rendered":"Lanzarote \/ Puerto Calero"},"content":{"rendered":"<h3>Yachtcharter Lanzarote \/ Puerto Calero<\/h3>\n<p>Puerto Calero auf Lanzarote, Sitz einer Yachtcharter-Basis, ist ein nobler, aber nicht teurer Privathafen wenige Meilen s\u00fcdlich von Puerto del Carmen. Hier gibt es f\u00fcr Yachtcharter-Urlauber jeden erdenklichen Service &ndash; bis hin zur Thalasso-Wellness in der N\u00e4he. <\/p>\n<p><\/p>\n","protected":false},"excerpt":{"rendered":"<p>Yachtcharter Lanzarote \/ Puerto Calero Puerto Calero auf Lanzarote, Sitz einer Yachtcharter-Basis, ist ein nobler, aber nicht teurer Privathafen wenige Meilen s\u00fcdlich von Puerto del Carmen. Hier gibt es f\u00fcr Yachtcharter-Urlauber jeden erdenklichen Service &ndash; bis hin zur Thalasso-Wellness in der N\u00e4he.<\/p>\n","protected":false},"author":11,"featured_media":0,"parent":746,"menu_order":0,"comment_status":"open","ping_status":"open","template":"","meta":[],"aioseo_notices":[],"_links":{"self":[{"href":"https:\/\/yachtcharter-connection.com\/de\/wp-json\/wp\/v2\/pages\/2322"}],"collection":[{"href":"https:\/\/yachtcharter-connection.com\/de\/wp-json\/wp\/v2\/pages"}],"about":[{"href":"https:\/\/yachtcharter-connection.com\/de\/wp-json\/wp\/v2\/types\/page"}],"author":[{"embeddable":true,"href":"https:\/\/yachtcharter-connection.com\/de\/wp-json\/wp\/v2\/users\/11"}],"replies":[{"embeddable":true,"href":"https:\/\/yachtcharter-connection.com\/de\/wp-json\/wp\/v2\/comments?post=2322"}],"version-history":[{"count":1,"href":"https:\/\/yachtcharter-connection.com\/de\/wp-json\/wp\/v2\/pages\/2322\/revisions"}],"predecessor-version":[{"id":13548,"href":"https:\/\/yachtcharter-connection.com\/de\/wp-json\/wp\/v2\/pages\/2322\/revisions\/13548"}],"up":[{"embeddable":true,"href":"https:\/\/yachtcharter-connection.com\/de\/wp-json\/wp\/v2\/pages\/746"}],"wp:attachment":[{"href":"https:\/\/yachtcharter-connection.com\/de\/wp-json\/wp\/v2\/media?parent=2322"}],"curies":[{"name":"wp","href":"https:\/\/api.w.org\/{rel}","templated":true}]}}