{"id":2323,"date":"2015-08-10T05:53:44","date_gmt":"2015-08-10T05:53:44","guid":{"rendered":"http:\/\/yachtcharter-connection.com.w01e47c6.kasserver.com\/teneriffa-santa-cruz-de-tenerife\/"},"modified":"2017-07-13T01:21:40","modified_gmt":"2017-07-12T23:21:40","slug":"teneriffa-santa-cruz-de-tenerife","status":"publish","type":"page","link":"https:\/\/yachtcharter-connection.com\/de\/regionen\/atlantik-westafrika\/yachtcharter-kanarische-inseln\/teneriffa-santa-cruz-de-tenerife\/","title":{"rendered":"Teneriffa \/ Santa Cruz de Tenerife"},"content":{"rendered":"<h3>Yachtcharter Teneriffa \/ Santa Cruz de Tenerife<\/h3>\n<p>\n<img loading=\"lazy\" class=\"content-image\"  width=\"300\" height=\"200\" alt=\"Yachtcharter_Kanaren_Teneriffa\" src=\"https:\/\/yachtcharter-connection.com\/wp-content\/uploads\/converted_files\/19817\/19817-5624e30548e64.jpg\" \/>Die Hauptstadt Teneriffas, Santa Cruz de Tenerife im Nordosten der Insel, hat neben dem gro\u00dfen F\u00e4hr- und Kreuzfahrthafen jetzt auch eine gro\u00dfe, f\u00fcr Yachtcharter bestens ausgestatte Marina, allgemein als Marina del Atlantico bezeichnet. Santa Cruz, Standort einer Yachtcharter-Basis mit vielen Segelyachten, bietet Yachtcharter-Urlaubern einiges an Kultur und jede Menge Restaurants. Weitere Yachtcharter-Flotten in Teneriffe mit zahlreichen Segelyachten sind auf den Charter-St\u00fctzpunkten im Puerto Deportivo Radazul in der N\u00e4he von Santa Cruz, in San Miguel sowie in der Marina del Sur in Las Galletas \/ Arona stationiert.<\/p>\n<p>Von hier aus l\u00e4sst sich gut der Norden der Insel erkunden, der gr\u00fcn und bergig ist &ndash; der Pico de Teide, der Teneriffa in zwei sehr unterschiedliche H\u00e4lften teilt, ist fast von \u00fcberall aus zu sehen. Sehenswert mit vielen alten Gassen und kleinem Fischerhafen ist Puerto de La Cruz. Eines der Highlights hier: der Lago Martianez, eine einzigartige Poollandschaft direkt am Meer, gebaut nach Entw\u00fcrfen des Architekten Manrique. Einen Besuch wert f\u00fcr Yachtcharter-Crews ist auch die alte Hauptstadt La Laguna. <\/p>\n<p>Die Yachtcharter-Crews in Teneriffa, die von Santa Cruz aus gen S\u00fcden segeln, k\u00f6nnen die touristischeren Zentren weiter im S\u00fcden erkunden, einen Abstecher nach La Gomera machen &#8211; und auch Lanzarote und Fuerteventura stehen in vielen Yachtcharter-Teneriffa-T\u00f6rnpl\u00e4nen.<\/p>\n","protected":false},"excerpt":{"rendered":"<p>Yachtcharter Teneriffa \/ Santa Cruz de Tenerife Die Hauptstadt Teneriffas, Santa Cruz de Tenerife im Nordosten der Insel, hat neben dem gro\u00dfen F\u00e4hr- und Kreuzfahrthafen jetzt auch eine gro\u00dfe, f\u00fcr Yachtcharter bestens ausgestatte Marina, allgemein als Marina del Atlantico bezeichnet. Santa Cruz, Standort einer Yachtcharter-Basis mit vielen Segelyachten, bietet Yachtcharter-Urlaubern<\/p>\n","protected":false},"author":11,"featured_media":0,"parent":746,"menu_order":0,"comment_status":"open","ping_status":"open","template":"","meta":[],"aioseo_notices":[],"_links":{"self":[{"href":"https:\/\/yachtcharter-connection.com\/de\/wp-json\/wp\/v2\/pages\/2323"}],"collection":[{"href":"https:\/\/yachtcharter-connection.com\/de\/wp-json\/wp\/v2\/pages"}],"about":[{"href":"https:\/\/yachtcharter-connection.com\/de\/wp-json\/wp\/v2\/types\/page"}],"author":[{"embeddable":true,"href":"https:\/\/yachtcharter-connection.com\/de\/wp-json\/wp\/v2\/users\/11"}],"replies":[{"embeddable":true,"href":"https:\/\/yachtcharter-connection.com\/de\/wp-json\/wp\/v2\/comments?post=2323"}],"version-history":[{"count":1,"href":"https:\/\/yachtcharter-connection.com\/de\/wp-json\/wp\/v2\/pages\/2323\/revisions"}],"predecessor-version":[{"id":13555,"href":"https:\/\/yachtcharter-connection.com\/de\/wp-json\/wp\/v2\/pages\/2323\/revisions\/13555"}],"up":[{"embeddable":true,"href":"https:\/\/yachtcharter-connection.com\/de\/wp-json\/wp\/v2\/pages\/746"}],"wp:attachment":[{"href":"https:\/\/yachtcharter-connection.com\/de\/wp-json\/wp\/v2\/media?parent=2323"}],"curies":[{"name":"wp","href":"https:\/\/api.w.org\/{rel}","templated":true}]}}