{"id":2324,"date":"2015-08-10T05:53:44","date_gmt":"2015-08-10T05:53:44","guid":{"rendered":"http:\/\/yachtcharter-connection.com.w01e47c6.kasserver.com\/gran-canaria-puerto-de-mogan-986\/"},"modified":"2017-07-12T23:35:18","modified_gmt":"2017-07-12T21:35:18","slug":"gran-canaria-puerto-de-mogan-986","status":"publish","type":"page","link":"https:\/\/yachtcharter-connection.com\/de\/regionen\/atlantik-westafrika\/yachtcharter-kanarische-inseln\/gran-canaria-puerto-de-mogan-986\/","title":{"rendered":"Gran Canaria \/ Puerto de Mogan"},"content":{"rendered":"<h3>Yachtcharter Gran Canaria \/ Puerto de Mogan<\/h3>\n<p>\n<img loading=\"lazy\" class=\"content-image\"  width=\"300\" height=\"211\" src=\"https:\/\/yachtcharter-connection.com\/wp-content\/uploads\/converted_files\/19818\/19818-5624e306c96d2.jpg\" alt=\"\" \/>Auf Gran Canaria ist der h\u00fcbscheste Hafen sicherlich Puerto de Morgan im S\u00fcdwesten &ndash; das \u00d6rtchen, auch Sitz einer Yachtcharter-Basis, wurde zwar aus der Retorte geschaffen, hat aber viel Fischerdorf-Charme, elegante Shops und eine lebhafte Kneipenszene f\u00fcr Yachtcharter-Crews.<\/p>\n<p><strong>Charteryachten Puerto de Mog\u00e1n:<\/strong> In Puerto de Mog\u00e1n gibt es eine kleine Flotte von Segelyachten f\u00fcr Chartert\u00f6rns ab Gran Canaria &#8211; fragen Sie uns nach Angeboten.<\/p>\n","protected":false},"excerpt":{"rendered":"<p>Yachtcharter Gran Canaria \/ Puerto de Mogan Auf Gran Canaria ist der h\u00fcbscheste Hafen sicherlich Puerto de Morgan im S\u00fcdwesten &ndash; das \u00d6rtchen, auch Sitz einer Yachtcharter-Basis, wurde zwar aus der Retorte geschaffen, hat aber viel Fischerdorf-Charme, elegante Shops und eine lebhafte Kneipenszene f\u00fcr Yachtcharter-Crews. Charteryachten Puerto de Mog\u00e1n: In<\/p>\n","protected":false},"author":11,"featured_media":0,"parent":746,"menu_order":0,"comment_status":"open","ping_status":"open","template":"","meta":[],"aioseo_notices":[],"_links":{"self":[{"href":"https:\/\/yachtcharter-connection.com\/de\/wp-json\/wp\/v2\/pages\/2324"}],"collection":[{"href":"https:\/\/yachtcharter-connection.com\/de\/wp-json\/wp\/v2\/pages"}],"about":[{"href":"https:\/\/yachtcharter-connection.com\/de\/wp-json\/wp\/v2\/types\/page"}],"author":[{"embeddable":true,"href":"https:\/\/yachtcharter-connection.com\/de\/wp-json\/wp\/v2\/users\/11"}],"replies":[{"embeddable":true,"href":"https:\/\/yachtcharter-connection.com\/de\/wp-json\/wp\/v2\/comments?post=2324"}],"version-history":[{"count":1,"href":"https:\/\/yachtcharter-connection.com\/de\/wp-json\/wp\/v2\/pages\/2324\/revisions"}],"predecessor-version":[{"id":13542,"href":"https:\/\/yachtcharter-connection.com\/de\/wp-json\/wp\/v2\/pages\/2324\/revisions\/13542"}],"up":[{"embeddable":true,"href":"https:\/\/yachtcharter-connection.com\/de\/wp-json\/wp\/v2\/pages\/746"}],"wp:attachment":[{"href":"https:\/\/yachtcharter-connection.com\/de\/wp-json\/wp\/v2\/media?parent=2324"}],"curies":[{"name":"wp","href":"https:\/\/api.w.org\/{rel}","templated":true}]}}