{"id":2326,"date":"2015-08-10T05:53:44","date_gmt":"2015-08-10T05:53:44","guid":{"rendered":"http:\/\/yachtcharter-connection.com.w01e47c6.kasserver.com\/marmaris-884\/"},"modified":"2017-07-16T06:19:57","modified_gmt":"2017-07-16T04:19:57","slug":"marmaris-884","status":"publish","type":"page","link":"https:\/\/yachtcharter-connection.com\/de\/regionen\/mittelmeer\/yachtcharter-tuerkische-kueste\/marmaris-884\/","title":{"rendered":"Marmaris"},"content":{"rendered":"<h3>Yachtcharter Marmaris<\/h3>\n<p>\n<img class=\"content-image\"  src=\"https:\/\/yachtcharter-connection.com\/wp-content\/uploads\/converted_files\/19820\/19820-5624e3096ad87.jpg\" alt=\"Yachtcharter_Marmaris.jpg\" style=\"width: 300px; height: 225px;\" \/>Die Yachtcharter-Destination Marmaris ist eines der Zentren des Tourismus in dieser Region der t\u00fcrkischen \u00c4g\u00e4is und Yachtcharter T\u00fcrkei-Tourismus. Chartersegler erreichen die Yachtcharter Marmaris-St\u00fctzpunkte \u00fcber den Flughafen Dalaman. Dieser ist etwa 110 Kilometer weit entfernt, die Transferdauer betr\u00e4gt gut eineinhalb Stunden. Manchmal f\u00fchrt der Weg auch \u00fcber Rhodos &#8211; die Insel, deren Hafen ebenso Port of Entry ist wie Marmaris &#8211;  ist nur rund 25 Seemeilen entfernt.<\/p>\n<p>Die Stadt liegt in einer gro\u00dfen, attraktiven und gesch\u00fctzten Bucht. Der gr\u00f6\u00dfte Teil des alten Marmaris, fr\u00fcher von Armeen verschiedener V\u00f6lker, unter anderem den R\u00f6mern, als Marinebasis genutzt, wurde 1958 von einem Erdbeben zerst\u00f6rt. Die mittelalterliche Festung Marmaris Kalesi und ein kleiner Teil der Altstadt mit engen malerischen Gassen, die unter Denkmalschutz stehen, blieben erhalten. <\/p>\n<p>Das Kastell dominiert heute eine rund elf Kilometer lange Strandpromenade, die Yachtcharter Marmaris-Crews zum Bummeln einl\u00e4dt &#8211; und zu einem Besuch der zahlreichen Restaurants, kleinen Kneipen und Bars.Vor oder nach dem T\u00f6rn ab Marmaris steht f\u00fcr viele ein Besuch im lebhaften modernen Basar direkt am Altstadthafen angesagt &ndash; selbstverst\u00e4ndlich mit intensivem Feilschen. Das Hafenbild von Marmaris beherrschen imposante Gulet &#8211; auch f\u00fcr gro\u00dfe Kreuzfahrtschiffen ist die Stadt mittlerweile ein beliebtes Ziel. <\/p>\n<p>Superm\u00e4rkte, Yachtzubeh\u00f6rl\u00e4den und Tankstellen in allen H\u00e4fen sorgen in Marmaris und Umgebung f\u00fcr optimale Versorgung der Yachtcharter Marmaris-Crews optimal.<\/p>\n<h3>Yachtcharter Marmaris &#8211; die Bucht von Marmaris<\/h3>\n<p>\n<img class=\"content-image\"  src=\"https:\/\/yachtcharter-connection.com\/wp-content\/uploads\/converted_files\/19820\/19820-5624e30b38326.jpg\" alt=\"Yachtcharter Marmaris-Bucht von Marmaris ay.jpg\" style=\"width: 300px; height: 100px;\" \/>Die Bucht von Marmaris ist schon f\u00fcr sich ein tollen Segelrevier, auch Schauplatz der allj\u00e4hrlichen Marmaris Race Week im Herbst, an der viele Yachtcharter Marmaris-Crews teilnehmen.  Tavernen bzw. das obligatorische Restaurant mit eigenem Steg gibt es selbstverst\u00e4ndlich genug &#8211; besonders beliebt: das Restaurant des &quot;holl\u00e4ndischen Ahmet&quot;  am Steg des Kumlu B\u00fck\u00fc Yachtclubs in einer Bucht mit vielen Pinien und Kiesstrand noch innerhalb der Marmaris-Bucht, kurz vor Kap Kadirga. Hier gibt es gehobene t\u00fcrkische K\u00fcche mit vielen Spezialit\u00e4ten, f\u00fcr viele Yachtcharter Marmaris-Crews schon der erste T\u00f6rnstopp. <\/p>\n<p>Nach dem Verlassen der Bucht haben Yachtcharter Marmaris-Crews die Qual der Wahl &#8211; zwischen einem T\u00f6rn gen Westen mit Umrundung der Bozburun-Halbinsel zur Datca-Halbinsel und weiter in den Golf von G\u00f6kova, gen S\u00fcden zu den griechischen Dodekanes-Inseln Rhodos oder Symi, oder in gen Osten in die nahegelegeneren Buchten bis hin zum Golf von <a href=\"https:\/\/yachtcharter-connection.com\/wp-content\/uploads\/converted_files\/19820\/19820-5624e30cac6c8.jpg\">Fethiye<\/a>.<\/p>\n<p>Die erste gr\u00f6\u00dfere Bucht Richtung Osten ist allerdings milit\u00e4risches Sperrgebiet. Charteryachten aus Marmaris machen am besten auch einen gro\u00dfen Bogen um die Insel Yilancik vor der Karaagac-Bucht und den Unterwasserfelsen Edmonds Rock (t\u00fcrkisch: Turnali Kayasi) im Westen der Insel. Unter Naturschutz steht der &quot;Schildkr\u00f6tenstrand&quot; von Dalyan, der nicht betreten werden sollte. Guter Zwischenstopp auf dem Weg in den Fethiye-Golf: die My Marina in der Ekincik-Bucht &#8211; und ein Ausflug zur Dalyan-M\u00fcndung und zum S\u00fc\u00dfwassersee K\u00f6ycegiz bietet sich auch an.<\/p>\n<h3>Yachtcharter Marmaris &#8211; die Yachth\u00e4fen<\/h3>\n<p>\n<img class=\"content-image\"  src=\"https:\/\/yachtcharter-connection.com\/wp-content\/uploads\/converted_files\/19820\/19820-5624e30da7276.jpg\" alt=\"Yachtchareter T&#252;rkei_Marmaris_hafen\" style=\"width: 300px; height: 204px;\" \/>In und um Marmaris gibt es in der Bucht gleich mehrere moderne Marinas mit Yachtcharer Marmaris-St\u00fctzpunkten entstanden. Die Netsel Marina (auch Setur Marina) liegt nahe der Altstadt und bietet jeden Service on Restaurants \u00fcber Supermarkt, W\u00e4scherei und Werft bis hin zu W-Lan.<\/p>\n<p>Zwei Seemeilen von Marmaris entfernt (oder acht Kilometer \u00fcber Land) liegt die Marmaris Yacht Marina mit einem ebenso exzellenten Angebot an Einrichtungen und Service, dar\u00fcberhinaus Fitness-Studio und Swimming-Pool &#8211; nach Marmaris gibt es Shuttleservices per Minibus und kostenloser F\u00e4hre.  <\/p>\n<p>Weitere Yachth\u00e4fen sind die relativ kleine, aber gut ausgestattete Albatross Yacht Marina und der Hafen Karacasogut. Die Pupa Marina mit Yachthotel und Strand ist klein, bietet aber guten Service in der n\u00f6rdlichen Bucht und eine sch\u00f6ne Umgebung mit Strand.<\/p>\n<p>Neben den Marinas und Restaurant-Stegen gibt es in der Bucht von Marmaris auch gute Ankerpl\u00e4tze f\u00fcr Yachtcharter Marmaris-Crews, wie etwa in der Bucht bei der Felsinsel Ciftlik Adasi ca. 8 Meilen s\u00fcd\u00f6stlich der Stadt. <\/p>\n<p><a href=\"https:\/\/yachtcharter-connection.com\/wp-content\/uploads\/converted_files\/19820\/19820-5624e30f2f44f.jpg\">Orhaniye<\/a> mit der gut ausgebauten Marti Marina und einigen Yachtcharter-St\u00fctzpunkten liegt  etwa 25 Kilometer von Marmaris entfernt &#8211; nach Marmaris f\u00e4hrt ein kostenloser Shuttlebus.<\/p>\n<p><strong>Charteryachten Marmaris: <\/strong>F\u00fcr Yachtcharter T\u00fcrkei-Crews steht eine sehr gro\u00dfe Charterflotte von Segelyachten in Marmaris zur Verf\u00fcgung von fast allen gro\u00dfen Herstellern &ndash; Beneteau mit Oceanis und Cyclades, Hanse Yachten, Bavaria, Jeanneau Sun Odyssey, Dufour sowie Segelkatamarane von Lagoon und Fountaine Pajot. Motoryacht-Charter in Marmaris sowie Luxusyachten mit Crew bieten wir ebenfalls an. Chartern Sie die beste Yacht f\u00fcr Ihren Segelurlaub in der T\u00fcrkei ab Marmaris online oder fragen Sie uns nach Angeboten &ndash; wir beraten Sie gern. <\/p>\n","protected":false},"excerpt":{"rendered":"<p>Yachtcharter Marmaris Die Yachtcharter-Destination Marmaris ist eines der Zentren des Tourismus in dieser Region der t\u00fcrkischen \u00c4g\u00e4is und Yachtcharter T\u00fcrkei-Tourismus. Chartersegler erreichen die Yachtcharter Marmaris-St\u00fctzpunkte \u00fcber den Flughafen Dalaman. Dieser ist etwa 110 Kilometer weit entfernt, die Transferdauer betr\u00e4gt gut eineinhalb Stunden. Manchmal f\u00fchrt der Weg auch \u00fcber Rhodos &#8211;<\/p>\n","protected":false},"author":11,"featured_media":0,"parent":740,"menu_order":0,"comment_status":"open","ping_status":"open","template":"","meta":[],"aioseo_notices":[],"_links":{"self":[{"href":"https:\/\/yachtcharter-connection.com\/de\/wp-json\/wp\/v2\/pages\/2326"}],"collection":[{"href":"https:\/\/yachtcharter-connection.com\/de\/wp-json\/wp\/v2\/pages"}],"about":[{"href":"https:\/\/yachtcharter-connection.com\/de\/wp-json\/wp\/v2\/types\/page"}],"author":[{"embeddable":true,"href":"https:\/\/yachtcharter-connection.com\/de\/wp-json\/wp\/v2\/users\/11"}],"replies":[{"embeddable":true,"href":"https:\/\/yachtcharter-connection.com\/de\/wp-json\/wp\/v2\/comments?post=2326"}],"version-history":[{"count":1,"href":"https:\/\/yachtcharter-connection.com\/de\/wp-json\/wp\/v2\/pages\/2326\/revisions"}],"predecessor-version":[{"id":13058,"href":"https:\/\/yachtcharter-connection.com\/de\/wp-json\/wp\/v2\/pages\/2326\/revisions\/13058"}],"up":[{"embeddable":true,"href":"https:\/\/yachtcharter-connection.com\/de\/wp-json\/wp\/v2\/pages\/740"}],"wp:attachment":[{"href":"https:\/\/yachtcharter-connection.com\/de\/wp-json\/wp\/v2\/media?parent=2326"}],"curies":[{"name":"wp","href":"https:\/\/api.w.org\/{rel}","templated":true}]}}