{"id":2327,"date":"2015-08-10T05:53:44","date_gmt":"2015-08-10T05:53:44","guid":{"rendered":"http:\/\/yachtcharter-connection.com.w01e47c6.kasserver.com\/g%c3%b6cek-632\/"},"modified":"2016-10-29T18:04:29","modified_gmt":"2016-10-29T16:04:29","slug":"g%c3%b6cek-632","status":"publish","type":"page","link":"https:\/\/yachtcharter-connection.com\/de\/regionen\/mittelmeer\/yachtcharter-tuerkische-kueste\/g%c3%b6cek-632\/","title":{"rendered":"G\u00f6cek"},"content":{"rendered":"<h3>Yachtcharter Port G\u00f6cek<\/h3>\n<p>\n<img class=\"content-image\"  src=\"https:\/\/yachtcharter-connection.com\/wp-content\/uploads\/converted_files\/19821\/19821-5624e31042b25.jpg\" alt=\"T\u00fcrkei-Yachtcharter-G\u00f6cek\" style=\"width: 300px; height: 193px;\" \/>Die Yachtcharter-Destination Port G\u00f6cek beheimatet mehrere gro\u00dfe Charterflotten im Golf von Fethiye. Im Norden der Fethye-Bucht ist mit Port G\u00f6cek ein riesiger Marina-Komplex entstanden. Gleich mehrere gro\u00dfe Yachth\u00e4fen bieten die perfekte Infrastruktur f\u00fcr Yachtcharter G\u00f6cek in dieser Region der t\u00fcrkischen K\u00fcste: Coast. Port G\u00f6cek Marina, die Marinturk G\u00f6cek Marina mit mehreren Bereichen, die Skopea Marina, die Club Marina und die \u00f6ffentliche Marina der Gemeinde. <\/p>\n<p>Als Ausgangshafen f\u00fcr den Chartert\u00f6rn an der t\u00fcrkischen K\u00fcste sind die Yachtcharter-St\u00fctzpunkte in G\u00f6cek ideal, der Flughafen Dalaman ist nur 22 Kilometer entfernt.<\/p>\n<p>\nDer Ort G\u00f6cel ist relativ klein, verglichen mit anderen Touristenorten eher ruhig. Fr\u00fcher wurde der Hafen vor allem f\u00fcr Frachtschiffe genutzt, die Chrom aus den \u00f6rtlichen Minen transportierten. Heute profitieren Yachtcharter G\u00f6cek-Crews von perfekten Einrichtungen in den Yachth\u00e4fen, und k\u00f6nnen das gro\u00dfe Angebot an Cafes, Restaurants, Bars und Einkaufsm\u00f6glichkeiten genie\u00dfen. <\/p>\n<p>\nDie Yachtcharter-Destination G\u00f6cek, ihre Umgebung und die ganze Region sind landschaftlich wundersch\u00f6n &ndash; und der Golf von Fethiye mit Inselchen und kleinen Buchten ein herrliches Segelrevier. Der Hafen selbst liegt in einer gro\u00dfen gesch\u00fctzten Bucht, gesch\u00fctzt von den davorliegenden &quot;12 Inseln&quot;. Einsam vor Anker, oft mit Heckleine zum Land, der Duft von Mittelmeer-Kr\u00e4utern, Ziegen am Hang &ndash; die Idylle ist hier ziemlich perfekt. Oberhalb von Fethye sollte man die lykischen Felsgr\u00e4ber besuchen, \u00d6lu Deniz mit der bekannten Blauen Lagune ist per Boot erreichbar.<\/p>\n<p><strong>Charteryachten G\u00f6cek: <\/strong>In G\u00f6cek stehen f\u00fcr Yachtcharter G\u00f6cek-Crews eine Charterflotte von Segelyachten und Katamaranen fast aller gro\u00dfen Hersteller zur Verf\u00fcgung. Chartern Sie die beste  Yacht f\u00fcr Ihren Segelurlaub in der T\u00fcrkei ab Port G\u00f6cek online &ndash; oder fragen Sie uns nach Angeboten &ndash; wir beraten Sie gern. <\/p>\n<p><\/p>\n","protected":false},"excerpt":{"rendered":"<p>Yachtcharter Port G\u00f6cek Die Yachtcharter-Destination Port G\u00f6cek beheimatet mehrere gro\u00dfe Charterflotten im Golf von Fethiye. Im Norden der Fethye-Bucht ist mit Port G\u00f6cek ein riesiger Marina-Komplex entstanden. Gleich mehrere gro\u00dfe Yachth\u00e4fen bieten die perfekte Infrastruktur f\u00fcr Yachtcharter G\u00f6cek in dieser Region der t\u00fcrkischen K\u00fcste: Coast. Port G\u00f6cek Marina, die Marinturk<\/p>\n","protected":false},"author":11,"featured_media":0,"parent":740,"menu_order":0,"comment_status":"open","ping_status":"open","template":"","meta":[],"aioseo_notices":[],"_links":{"self":[{"href":"https:\/\/yachtcharter-connection.com\/de\/wp-json\/wp\/v2\/pages\/2327"}],"collection":[{"href":"https:\/\/yachtcharter-connection.com\/de\/wp-json\/wp\/v2\/pages"}],"about":[{"href":"https:\/\/yachtcharter-connection.com\/de\/wp-json\/wp\/v2\/types\/page"}],"author":[{"embeddable":true,"href":"https:\/\/yachtcharter-connection.com\/de\/wp-json\/wp\/v2\/users\/11"}],"replies":[{"embeddable":true,"href":"https:\/\/yachtcharter-connection.com\/de\/wp-json\/wp\/v2\/comments?post=2327"}],"version-history":[{"count":1,"href":"https:\/\/yachtcharter-connection.com\/de\/wp-json\/wp\/v2\/pages\/2327\/revisions"}],"predecessor-version":[{"id":13050,"href":"https:\/\/yachtcharter-connection.com\/de\/wp-json\/wp\/v2\/pages\/2327\/revisions\/13050"}],"up":[{"embeddable":true,"href":"https:\/\/yachtcharter-connection.com\/de\/wp-json\/wp\/v2\/pages\/740"}],"wp:attachment":[{"href":"https:\/\/yachtcharter-connection.com\/de\/wp-json\/wp\/v2\/media?parent=2327"}],"curies":[{"name":"wp","href":"https:\/\/api.w.org\/{rel}","templated":true}]}}